{"id":2198,"date":"2025-05-18T21:20:54","date_gmt":"2025-05-18T17:50:54","guid":{"rendered":"https:\/\/kingskaffee.com\/product\/3in1-classic\/"},"modified":"2025-05-23T12:04:08","modified_gmt":"2025-05-23T08:34:08","slug":"3in1-classic","status":"publish","type":"product","link":"https:\/\/kingskaffee.com\/de\/produkt\/3in1-classic\/","title":{"rendered":"3in1 Classic"},"content":{"rendered":"\t\t<div data-elementor-type=\"product-post\" data-elementor-id=\"2198\" class=\"elementor elementor-2198 elementor-1921\" data-elementor-post-type=\"product\">\n\t\t\t\t<div class=\"wd-negative-gap elementor-element elementor-element-57e31563 e-flex e-con-boxed e-con e-parent\" data-id=\"57e31563\" data-element_type=\"container\">\n\t\t\t\t\t<div class=\"e-con-inner\">\n\t\t<div class=\"elementor-element elementor-element-3798761 e-con-full e-flex e-con e-child\" data-id=\"3798761\" data-element_type=\"container\">\n\t\t\t\t<div class=\"elementor-element elementor-element-eaa00db elementor-widget elementor-widget-wd_text_block\" data-id=\"eaa00db\" data-element_type=\"widget\" data-widget_type=\"wd_text_block.default\">\n\t\t\t\t<div class=\"elementor-widget-container\">\n\t\t\t\t\t\t\t<div class=\"wd-text-block reset-last-child text-left\">\n\t\t\t\n\t\t\t<p><strong>Zutaten:<\/strong><\/p><p>Zucker (54 %), Glukosesirup, vollst\u00e4ndig geh\u00e4rtetes Kokosfett, l\u00f6slicher Kaffee (8 %), Stabilisatoren (E340, E452), Milcheiwei\u00df, Emulgatoren (E471, E481), Trennmittel (E551).<\/p><p><strong>Nutrition Information<\/strong><span style=\"font-size: 14px;\"><\/span><\/p>\n\t\t\t\t\t<\/div>\n\t\t\t\t\t\t<\/div>\n\t\t\t\t<\/div>\n\t\t\t\t<div class=\"elementor-element elementor-element-1c1c47b elementor-widget elementor-widget-wd_table\" data-id=\"1c1c47b\" data-element_type=\"widget\" data-widget_type=\"wd_table.default\">\n\t\t\t\t<div class=\"elementor-widget-container\">\n\t\t\t\t\t\t\t<div class=\"wd-el-table-wrap wd-reset-all-last\">\n\t\t\t<table class=\"wd-el-table\">\n\t\t\t\t\t\t\t\t\t<thead class=\"text-center\">\n\t\t\t\t\t\t\t\t\t\t\t\t\t\t\t\t\t\t\t\t\t\t\t\t\t\t\t\t\t\t<tr class=\"wd-table-row elementor-repeater-item-16f6886\">\n\t\t\t\t\t\t\t\t\t\t\t\t\t\t\t\t\t\t\t\t\t\t\t\t\t\t\t\t\t\t\t\t\t\t\t\t<th class=\"wd-table-cell elementor-repeater-item-a9cfa34\" colspan=\"1\" rowspan=\"1\">\n\t\t\t\t\t\t\t\t\t<p><strong>N\u00e4hrwert<\/strong><\/p>\t\t\t\t\t\t\t\t<\/th>\n\t\t\t\t\t\t\t\t\t\t\t\t\t\t\t\t\t\t\t\t\t\t\t\t\t\t\t\t<th class=\"wd-table-cell elementor-repeater-item-5ca27bc\" colspan=\"1\" rowspan=\"1\">\n\t\t\t\t\t\t\t\t\t<p><strong>Pro 100\u202fg<\/strong><\/p>\t\t\t\t\t\t\t\t<\/th>\n\t\t\t\t\t\t\t\t\t\t\t\t\t\t\t\t\t\t\t\t\t\t\t\t\t\t\t\t<th class=\"wd-table-cell elementor-repeater-item-10a143c\" colspan=\"1\" rowspan=\"1\">\n\t\t\t\t\t\t\t\t\t<p><strong>Pro Portion (18\u202fg)<\/strong><\/p>\t\t\t\t\t\t\t\t<\/th>\n\t\t\t\t\t\t\t\t\t\t\t\t\t\t\t\t\t\t\t\t\t\t\t\t\t\t\t\t<th class=\"wd-table-cell elementor-repeater-item-0eb99a8\" colspan=\"1\" rowspan=\"1\">\n\t\t\t\t\t\t\t\t\t<p><strong>%* pro Portion (18\u202fg)<\/strong><\/p>\t\t\t\t\t\t\t\t<\/th>\n\t\t\t\t\t\t\t\t\t\t\t\t\t\t\t\t\t\t\t<\/tr>\n\t\t\t\t\t<\/thead>\n\t\t\t\t\n\t\t\t\t<tbody class=\"text-center\">\n\t\t\t\t\t\t\t\t\t\t\t\t\t\t\t\t\t\t\t\t\t\t\t\t\t\t<tr class=\"wd-table-row elementor-repeater-item-005a503\">\n\t\t\t\t\t\t\t\t\t\t\t\t\t\t\t\t\t\t\t\t\t\t\t\t\t\t\t\t\t\t\t<td class=\"wd-table-cell elementor-repeater-item-91cdb73\" colspan=\"1\" rowspan=\"1\">\n\t\t\t\t\t\t\t<p>Energie (Kalorien)<\/p>\t\t\t\t\t\t\t<\/td>\n\t\t\t\t\t\t\t\t\t\t\t\t\t\t\t\t\t\t\t\t\t\t\t\t<td class=\"wd-table-cell elementor-repeater-item-fe989ed\" colspan=\"1\" rowspan=\"1\">\n\t\t\t\t\t\t\t<p>1815 kJ \/ 430 kcal<\/p>\t\t\t\t\t\t\t<\/td>\n\t\t\t\t\t\t\t\t\t\t\t\t\t\t\t\t\t\t\t\t\t\t\t\t<td class=\"wd-table-cell elementor-repeater-item-f7ef9b3\" colspan=\"1\" rowspan=\"1\">\n\t\t\t\t\t\t\t<p>330 kJ \/ 78 kcal<\/p>\t\t\t\t\t\t\t<\/td>\n\t\t\t\t\t\t\t\t\t\t\t\t\t\t\t\t\t\t\t\t\t\t\t\t<td class=\"wd-table-cell elementor-repeater-item-1751dc3\" colspan=\"1\" rowspan=\"1\">\n\t\t\t\t\t\t\t<p>4%<\/p>\t\t\t\t\t\t\t<\/td>\n\t\t\t\t\t\t\t\t\t\t\t\t\t\t\t\t\t\t\t\t\t\t\t\t\t\t\t\t\t\t\t\t<\/tr>\n\t\t\t\t\t\t\t\t<tr class=\"wd-table-row elementor-repeater-item-71a312e\">\n\t\t\t\t\t\t\t\t\t\t\t\t\t\t\t\t\t\t\t\t\t\t\t\t\t\t\t\t\t\t\t<td class=\"wd-table-cell elementor-repeater-item-127fb64\" colspan=\"1\" rowspan=\"1\">\n\t\t\t\t\t\t\t<p>Fett<\/p>\t\t\t\t\t\t\t<\/td>\n\t\t\t\t\t\t\t\t\t\t\t\t\t\t\t\t\t\t\t\t\t\t\t\t<td class=\"wd-table-cell elementor-repeater-item-60cd940\" colspan=\"1\" rowspan=\"1\">\n\t\t\t\t\t\t\t<p>10g<\/p>\t\t\t\t\t\t\t<\/td>\n\t\t\t\t\t\t\t\t\t\t\t\t\t\t\t\t\t\t\t\t\t\t\t\t<td class=\"wd-table-cell elementor-repeater-item-412fc06\" colspan=\"1\" rowspan=\"1\">\n\t\t\t\t\t\t\t<p>1.9g<\/p>\t\t\t\t\t\t\t<\/td>\n\t\t\t\t\t\t\t\t\t\t\t\t\t\t\t\t\t\t\t\t\t\t\t\t<td class=\"wd-table-cell elementor-repeater-item-7dc9c6b\" colspan=\"1\" rowspan=\"1\">\n\t\t\t\t\t\t\t<p>3%<\/p>\t\t\t\t\t\t\t<\/td>\n\t\t\t\t\t\t\t\t\t\t\t\t\t\t\t\t\t\t\t\t\t\t\t\t\t\t\t\t\t\t\t\t<\/tr>\n\t\t\t\t\t\t\t\t<tr class=\"wd-table-row elementor-repeater-item-7ecd413\">\n\t\t\t\t\t\t\t\t\t\t\t\t\t\t\t\t\t\t\t\t\t\t\t\t\t\t\t\t\t\t\t<td class=\"wd-table-cell elementor-repeater-item-244f5e9\" colspan=\"1\" rowspan=\"1\">\n\t\t\t\t\t\t\t<p>\u2013 davon ges\u00e4ttigte Fetts\u00e4uren<\/p>\t\t\t\t\t\t\t<\/td>\n\t\t\t\t\t\t\t\t\t\t\t\t\t\t\t\t\t\t\t\t\t\t\t\t<td class=\"wd-table-cell elementor-repeater-item-efffa80\" colspan=\"1\" rowspan=\"1\">\n\t\t\t\t\t\t\t<p>10g<\/p>\t\t\t\t\t\t\t<\/td>\n\t\t\t\t\t\t\t\t\t\t\t\t\t\t\t\t\t\t\t\t\t\t\t\t<td class=\"wd-table-cell elementor-repeater-item-a35c1fe\" colspan=\"1\" rowspan=\"1\">\n\t\t\t\t\t\t\t<p>1.8g<\/p>\t\t\t\t\t\t\t<\/td>\n\t\t\t\t\t\t\t\t\t\t\t\t\t\t\t\t\t\t\t\t\t\t\t\t<td class=\"wd-table-cell elementor-repeater-item-e69edb5\" colspan=\"1\" rowspan=\"1\">\n\t\t\t\t\t\t\t<p>9%<\/p>\t\t\t\t\t\t\t<\/td>\n\t\t\t\t\t\t\t\t\t\t\t\t\t\t\t\t\t\t\t\t\t\t\t\t\t\t\t\t\t\t\t\t<\/tr>\n\t\t\t\t\t\t\t\t<tr class=\"wd-table-row elementor-repeater-item-54a7aed\">\n\t\t\t\t\t\t\t\t\t\t\t\t\t\t\t\t\t\t\t\t\t\t\t\t\t\t\t\t\t\t\t<td class=\"wd-table-cell elementor-repeater-item-1d513f5\" colspan=\"1\" rowspan=\"1\">\n\t\t\t\t\t\t\t<p>Kohlenhydrate<\/p>\t\t\t\t\t\t\t<\/td>\n\t\t\t\t\t\t\t\t\t\t\t\t\t\t\t\t\t\t\t\t\t\t\t\t<td class=\"wd-table-cell elementor-repeater-item-21e42ec\" colspan=\"1\" rowspan=\"1\">\n\t\t\t\t\t\t\t<p>81g<\/p>\t\t\t\t\t\t\t<\/td>\n\t\t\t\t\t\t\t\t\t\t\t\t\t\t\t\t\t\t\t\t\t\t\t\t<td class=\"wd-table-cell elementor-repeater-item-ca62d84\" colspan=\"1\" rowspan=\"1\">\n\t\t\t\t\t\t\t<p>14g<\/p>\t\t\t\t\t\t\t<\/td>\n\t\t\t\t\t\t\t\t\t\t\t\t\t\t\t\t\t\t\t\t\t\t\t\t<td class=\"wd-table-cell elementor-repeater-item-d10f705\" colspan=\"1\" rowspan=\"1\">\n\t\t\t\t\t\t\t<p>6%<\/p>\t\t\t\t\t\t\t<\/td>\n\t\t\t\t\t\t\t\t\t\t\t\t\t\t\t\t\t\t\t\t\t\t\t\t\t\t\t\t\t\t\t\t<\/tr>\n\t\t\t\t\t\t\t\t<tr class=\"wd-table-row elementor-repeater-item-b4d3591\">\n\t\t\t\t\t\t\t\t\t\t\t\t\t\t\t\t\t\t\t\t\t\t\t\t\t\t\t\t\t\t\t<td class=\"wd-table-cell elementor-repeater-item-49fc006\" colspan=\"1\" rowspan=\"1\">\n\t\t\t\t\t\t\t<p>\u2013 davon Zucker<\/p>\t\t\t\t\t\t\t<\/td>\n\t\t\t\t\t\t\t\t\t\t\t\t\t\t\t\t\t\t\t\t\t\t\t\t<td class=\"wd-table-cell elementor-repeater-item-bd14a3c\" colspan=\"1\" rowspan=\"1\">\n\t\t\t\t\t\t\t<p>59g<\/p>\t\t\t\t\t\t\t<\/td>\n\t\t\t\t\t\t\t\t\t\t\t\t\t\t\t\t\t\t\t\t\t\t\t\t<td class=\"wd-table-cell elementor-repeater-item-43f794e\" colspan=\"1\" rowspan=\"1\">\n\t\t\t\t\t\t\t<p>10g<\/p>\t\t\t\t\t\t\t<\/td>\n\t\t\t\t\t\t\t\t\t\t\t\t\t\t\t\t\t\t\t\t\t\t\t\t<td class=\"wd-table-cell elementor-repeater-item-405c0a9\" colspan=\"1\" rowspan=\"1\">\n\t\t\t\t\t\t\t<p>12%<\/p>\t\t\t\t\t\t\t<\/td>\n\t\t\t\t\t\t\t\t\t\t\t\t\t\t\t\t\t\t\t\t\t\t\t\t\t\t\t\t\t\t\t\t<\/tr>\n\t\t\t\t\t\t\t\t<tr class=\"wd-table-row elementor-repeater-item-1365fca\">\n\t\t\t\t\t\t\t\t\t\t\t\t\t\t\t\t\t\t\t\t\t\t\t\t\t\t\t\t\t\t\t<td class=\"wd-table-cell elementor-repeater-item-b5c0b28\" colspan=\"1\" rowspan=\"1\">\n\t\t\t\t\t\t\t<p>Ballaststoffe<\/p>\t\t\t\t\t\t\t<\/td>\n\t\t\t\t\t\t\t\t\t\t\t\t\t\t\t\t\t\t\t\t\t\t\t\t<td class=\"wd-table-cell elementor-repeater-item-2cdc333\" colspan=\"1\" rowspan=\"1\">\n\t\t\t\t\t\t\t<p>2.2g<\/p>\t\t\t\t\t\t\t<\/td>\n\t\t\t\t\t\t\t\t\t\t\t\t\t\t\t\t\t\t\t\t\t\t\t\t<td class=\"wd-table-cell elementor-repeater-item-6b0eca0\" colspan=\"1\" rowspan=\"1\">\n\t\t\t\t\t\t\t<p>0.4g<\/p>\t\t\t\t\t\t\t<\/td>\n\t\t\t\t\t\t\t\t\t\t\t\t\t\t\t\t\t\t\t\t\t\t\t\t<td class=\"wd-table-cell elementor-repeater-item-dcda6af\" colspan=\"1\" rowspan=\"1\">\n\t\t\t\t\t\t\t<p>-<\/p>\t\t\t\t\t\t\t<\/td>\n\t\t\t\t\t\t\t\t\t\t\t\t\t\t\t\t\t\t\t\t\t\t\t\t\t\t\t\t\t\t\t\t<\/tr>\n\t\t\t\t\t\t\t\t<tr class=\"wd-table-row elementor-repeater-item-6eb9465\">\n\t\t\t\t\t\t\t\t\t\t\t\t\t\t\t\t\t\t\t\t\t\t\t\t\t\t\t\t\t\t\t<td class=\"wd-table-cell elementor-repeater-item-e3947b4\" colspan=\"1\" rowspan=\"1\">\n\t\t\t\t\t\t\t<p>Eiwei\u00df<\/p>\t\t\t\t\t\t\t<\/td>\n\t\t\t\t\t\t\t\t\t\t\t\t\t\t\t\t\t\t\t\t\t\t\t\t<td class=\"wd-table-cell elementor-repeater-item-cd5b688\" colspan=\"1\" rowspan=\"1\">\n\t\t\t\t\t\t\t<p>1.8g<\/p>\t\t\t\t\t\t\t<\/td>\n\t\t\t\t\t\t\t\t\t\t\t\t\t\t\t\t\t\t\t\t\t\t\t\t<td class=\"wd-table-cell elementor-repeater-item-0ea1304\" colspan=\"1\" rowspan=\"1\">\n\t\t\t\t\t\t\t<p>0.3g<\/p>\t\t\t\t\t\t\t<\/td>\n\t\t\t\t\t\t\t\t\t\t\t\t\t\t\t\t\t\t\t\t\t\t\t\t<td class=\"wd-table-cell elementor-repeater-item-7c65b77\" colspan=\"1\" rowspan=\"1\">\n\t\t\t\t\t\t\t<p>1%<\/p>\t\t\t\t\t\t\t<\/td>\n\t\t\t\t\t\t\t\t\t\t\t\t\t\t\t\t\t\t\t\t\t\t\t\t\t\t\t\t\t\t\t\t<\/tr>\n\t\t\t\t\t\t\t\t<tr class=\"wd-table-row elementor-repeater-item-3b9c629\">\n\t\t\t\t\t\t\t\t\t\t\t\t\t\t\t\t\t\t\t\t\t\t\t\t\t\t\t\t\t\t\t<td class=\"wd-table-cell elementor-repeater-item-db9a6f3\" colspan=\"1\" rowspan=\"1\">\n\t\t\t\t\t\t\t<p>Salz<\/p>\t\t\t\t\t\t\t<\/td>\n\t\t\t\t\t\t\t\t\t\t\t\t\t\t\t\t\t\t\t\t\t\t\t\t<td class=\"wd-table-cell elementor-repeater-item-ddab78a\" colspan=\"1\" rowspan=\"1\">\n\t\t\t\t\t\t\t<p>1%<\/p>\t\t\t\t\t\t\t<\/td>\n\t\t\t\t\t\t\t\t\t\t\t\t\t\t\t\t\t\t\t\t\t\t\t\t<td class=\"wd-table-cell elementor-repeater-item-5ceaa0a\" colspan=\"1\" rowspan=\"1\">\n\t\t\t\t\t\t\t<p>0.03g<\/p>\t\t\t\t\t\t\t<\/td>\n\t\t\t\t\t\t\t\t\t\t\t\t\t\t\t\t\t\t\t\t\t\t\t\t<td class=\"wd-table-cell elementor-repeater-item-d226126\" colspan=\"1\" rowspan=\"1\">\n\t\t\t\t\t\t\t<p>&lt;1%<\/p>\t\t\t\t\t\t\t<\/td>\n\t\t\t\t\t\t\t\t\t\t\t\t\t\t\t\t<\/tr>\n\t\t\t\t<\/tbody>\n\t\t\t<\/table>\n\t\t<\/div>\n\t\t\t\t\t\t<\/div>\n\t\t\t\t<\/div>\n\t\t\t\t<div class=\"elementor-element elementor-element-a5a6693 elementor-widget elementor-widget-wd_text_block\" data-id=\"a5a6693\" data-element_type=\"widget\" data-widget_type=\"wd_text_block.default\">\n\t\t\t\t<div class=\"elementor-widget-container\">\n\t\t\t\t\t\t\t<div class=\"wd-text-block reset-last-child text-left\">\n\t\t\t\n\t\t\t<p><strong>*Referenzmenge f\u00fcr einen durchschnittlichen Erwachsenen<\/strong><\/p><p><strong>Nettogewicht<\/strong>: 20 x 18g = 360g<br><strong>Anweisungen:<\/strong><\/p><p>1. Sachet aufrei\u00dfen und den Inhalt in eine Tasse geben.<br>2. 180 ml hei\u00dfes (nicht kochendes) Wasser hinzuf\u00fcgen.<br>3. Umr\u00fchren und genie\u00dfen!<\/p><p><strong>Lagerung:<\/strong><br>K\u00fchl und trocken lagern. Vor Hitze sch\u00fctzen. <\/p>\n\t\t\t\t\t<\/div>\n\t\t\t\t\t\t<\/div>\n\t\t\t\t<\/div>\n\t\t\t\t<\/div>\n\t\t\t\t\t<\/div>\n\t\t\t\t<\/div>\n\t\t\t\t<\/div>\n\t\t","protected":false},"excerpt":{"rendered":"<p>G\u00f6nnen Sie sich das perfekte Kaffeeerlebnis mit King\u2019s 3 in 1 Original \u2013 eine harmonische Mischung aus kr\u00e4ftigem Kaffee, cremigem Milchpulver und genau der richtigen S\u00fc\u00dfe.<\/p>\n<p>Genie\u00dfen Sie jederzeit und \u00fcberall eine k\u00f6stlich glatte und ausgewogene Tasse Kaffee. Einfach ein Sachet aufrei\u00dfen, in Ihre Lieblingstasse geben, mit hei\u00dfem Wasser aufgie\u00dfen und umr\u00fchren. Die perfekte L\u00f6sung f\u00fcr Kaffeeliebhaber, die gro\u00dfartigen Geschmack ohne Aufwand sch\u00e4tzen.  <\/p>\n<p>Ob zu Hause, im B\u00fcro oder unterwegs \u2013 King\u2019s 3 in 1 Classic verwandelt jeden Moment in eine genussvolle Kaffeepause.<\/p>\n<p><strong>Wichtige Merkmale:<\/strong><\/p>\n<ul>\n<li>\u2022 Kr\u00e4ftiges Aroma<\/li>\n<li>\u2022 Sanfter Geschmack<\/li>\n<li>\u2022 Praktische Stick-Verpackung<\/li>\n<\/ul>\n","protected":false},"featured_media":1932,"comment_status":"open","ping_status":"closed","template":"","meta":[],"product_brand":[],"product_cat":[55],"product_tag":[],"class_list":{"0":"post-2198","1":"product","2":"type-product","3":"status-publish","4":"has-post-thumbnail","6":"product_cat-loslicher-kaffee","8":"first","9":"instock","10":"shipping-taxable","11":"product-type-simple"},"yoast_head":"<!-- This site is optimized with the Yoast SEO plugin v26.4 - https:\/\/yoast.com\/wordpress\/plugins\/seo\/ -->\n<title>3in1 Classic - Kings DE<\/title>\n<meta name=\"robots\" content=\"index, follow, max-snippet:-1, max-image-preview:large, max-video-preview:-1\" \/>\n<link rel=\"canonical\" href=\"https:\/\/kingskaffee.com\/de\/produkt\/3in1-classic\/\" \/>\n<meta property=\"og:locale\" content=\"de_DE\" \/>\n<meta property=\"og:type\" content=\"article\" \/>\n<meta property=\"og:title\" content=\"3in1 Classic - Kings DE\" \/>\n<meta property=\"og:description\" content=\"G\u00f6nnen Sie sich das perfekte Kaffeeerlebnis mit King\u2019s 3 in 1 Original \u2013 eine harmonische Mischung aus kr\u00e4ftigem Kaffee, cremigem Milchpulver und genau der richtigen S\u00fc\u00dfe. Genie\u00dfen Sie jederzeit und \u00fcberall eine k\u00f6stlich glatte und ausgewogene Tasse Kaffee. Einfach ein Sachet aufrei\u00dfen, in Ihre Lieblingstasse geben, mit hei\u00dfem Wasser aufgie\u00dfen und umr\u00fchren. Die perfekte L\u00f6sung f\u00fcr Kaffeeliebhaber, die gro\u00dfartigen Geschmack ohne Aufwand sch\u00e4tzen.  Ob zu Hause, im B\u00fcro oder unterwegs \u2013 King\u2019s 3 in 1 Classic verwandelt jeden Moment in eine genussvolle Kaffeepause. Wichtige Merkmale:  \u2022 Kr\u00e4ftiges Aroma  \u2022 Sanfter Geschmack  \u2022 Praktische Stick-Verpackung\" \/>\n<meta property=\"og:url\" content=\"https:\/\/kingskaffee.com\/de\/produkt\/3in1-classic\/\" \/>\n<meta property=\"og:site_name\" content=\"Kings DE\" \/>\n<meta property=\"article:modified_time\" content=\"2025-05-23T08:34:08+00:00\" \/>\n<meta property=\"og:image\" content=\"https:\/\/kingskaffee.com\/wp-content\/uploads\/2025\/05\/frame_709-2.webp\" \/>\n\t<meta property=\"og:image:width\" content=\"500\" \/>\n\t<meta property=\"og:image:height\" content=\"500\" \/>\n\t<meta property=\"og:image:type\" content=\"image\/webp\" \/>\n<meta name=\"twitter:card\" content=\"summary_large_image\" \/>\n<meta name=\"twitter:label1\" content=\"Gesch\u00e4tzte Lesezeit\" \/>\n\t<meta name=\"twitter:data1\" content=\"1\u00a0Minute\" \/>\n<script type=\"application\/ld+json\" class=\"yoast-schema-graph\">{\"@context\":\"https:\/\/schema.org\",\"@graph\":[{\"@type\":\"WebPage\",\"@id\":\"https:\/\/kingskaffee.com\/de\/produkt\/3in1-classic\/\",\"url\":\"https:\/\/kingskaffee.com\/de\/produkt\/3in1-classic\/\",\"name\":\"3in1 Classic - Kings DE\",\"isPartOf\":{\"@id\":\"https:\/\/kingskaffee.com\/#website\"},\"primaryImageOfPage\":{\"@id\":\"https:\/\/kingskaffee.com\/de\/produkt\/3in1-classic\/#primaryimage\"},\"image\":{\"@id\":\"https:\/\/kingskaffee.com\/de\/produkt\/3in1-classic\/#primaryimage\"},\"thumbnailUrl\":\"https:\/\/kingskaffee.com\/wp-content\/uploads\/2025\/05\/frame_709-2.webp\",\"datePublished\":\"2025-05-18T17:50:54+00:00\",\"dateModified\":\"2025-05-23T08:34:08+00:00\",\"breadcrumb\":{\"@id\":\"https:\/\/kingskaffee.com\/de\/produkt\/3in1-classic\/#breadcrumb\"},\"inLanguage\":\"de\",\"potentialAction\":[{\"@type\":\"ReadAction\",\"target\":[\"https:\/\/kingskaffee.com\/de\/produkt\/3in1-classic\/\"]}]},{\"@type\":\"ImageObject\",\"inLanguage\":\"de\",\"@id\":\"https:\/\/kingskaffee.com\/de\/produkt\/3in1-classic\/#primaryimage\",\"url\":\"https:\/\/kingskaffee.com\/wp-content\/uploads\/2025\/05\/frame_709-2.webp\",\"contentUrl\":\"https:\/\/kingskaffee.com\/wp-content\/uploads\/2025\/05\/frame_709-2.webp\",\"width\":500,\"height\":500},{\"@type\":\"BreadcrumbList\",\"@id\":\"https:\/\/kingskaffee.com\/de\/produkt\/3in1-classic\/#breadcrumb\",\"itemListElement\":[{\"@type\":\"ListItem\",\"position\":1,\"name\":\"Home\",\"item\":\"https:\/\/kingskaffee.com\/de\/\"},{\"@type\":\"ListItem\",\"position\":2,\"name\":\"Products\",\"item\":\"https:\/\/kingskaffee.com\/shop\/\"},{\"@type\":\"ListItem\",\"position\":3,\"name\":\"3in1 Classic\"}]},{\"@type\":\"WebSite\",\"@id\":\"https:\/\/kingskaffee.com\/#website\",\"url\":\"https:\/\/kingskaffee.com\/\",\"name\":\"Kings DE\",\"description\":\"\",\"potentialAction\":[{\"@type\":\"SearchAction\",\"target\":{\"@type\":\"EntryPoint\",\"urlTemplate\":\"https:\/\/kingskaffee.com\/?s={search_term_string}\"},\"query-input\":{\"@type\":\"PropertyValueSpecification\",\"valueRequired\":true,\"valueName\":\"search_term_string\"}}],\"inLanguage\":\"de\"}]}<\/script>\n<!-- \/ Yoast SEO plugin. -->","yoast_head_json":{"title":"3in1 Classic - Kings DE","robots":{"index":"index","follow":"follow","max-snippet":"max-snippet:-1","max-image-preview":"max-image-preview:large","max-video-preview":"max-video-preview:-1"},"canonical":"https:\/\/kingskaffee.com\/de\/produkt\/3in1-classic\/","og_locale":"de_DE","og_type":"article","og_title":"3in1 Classic - Kings DE","og_description":"G\u00f6nnen Sie sich das perfekte Kaffeeerlebnis mit King\u2019s 3 in 1 Original \u2013 eine harmonische Mischung aus kr\u00e4ftigem Kaffee, cremigem Milchpulver und genau der richtigen S\u00fc\u00dfe. Genie\u00dfen Sie jederzeit und \u00fcberall eine k\u00f6stlich glatte und ausgewogene Tasse Kaffee. Einfach ein Sachet aufrei\u00dfen, in Ihre Lieblingstasse geben, mit hei\u00dfem Wasser aufgie\u00dfen und umr\u00fchren. Die perfekte L\u00f6sung f\u00fcr Kaffeeliebhaber, die gro\u00dfartigen Geschmack ohne Aufwand sch\u00e4tzen.  Ob zu Hause, im B\u00fcro oder unterwegs \u2013 King\u2019s 3 in 1 Classic verwandelt jeden Moment in eine genussvolle Kaffeepause. Wichtige Merkmale:  \u2022 Kr\u00e4ftiges Aroma  \u2022 Sanfter Geschmack  \u2022 Praktische Stick-Verpackung","og_url":"https:\/\/kingskaffee.com\/de\/produkt\/3in1-classic\/","og_site_name":"Kings DE","article_modified_time":"2025-05-23T08:34:08+00:00","og_image":[{"width":500,"height":500,"url":"https:\/\/kingskaffee.com\/wp-content\/uploads\/2025\/05\/frame_709-2.webp","type":"image\/webp"}],"twitter_card":"summary_large_image","twitter_misc":{"Gesch\u00e4tzte Lesezeit":"1\u00a0Minute"},"schema":{"@context":"https:\/\/schema.org","@graph":[{"@type":"WebPage","@id":"https:\/\/kingskaffee.com\/de\/produkt\/3in1-classic\/","url":"https:\/\/kingskaffee.com\/de\/produkt\/3in1-classic\/","name":"3in1 Classic - Kings DE","isPartOf":{"@id":"https:\/\/kingskaffee.com\/#website"},"primaryImageOfPage":{"@id":"https:\/\/kingskaffee.com\/de\/produkt\/3in1-classic\/#primaryimage"},"image":{"@id":"https:\/\/kingskaffee.com\/de\/produkt\/3in1-classic\/#primaryimage"},"thumbnailUrl":"https:\/\/kingskaffee.com\/wp-content\/uploads\/2025\/05\/frame_709-2.webp","datePublished":"2025-05-18T17:50:54+00:00","dateModified":"2025-05-23T08:34:08+00:00","breadcrumb":{"@id":"https:\/\/kingskaffee.com\/de\/produkt\/3in1-classic\/#breadcrumb"},"inLanguage":"de","potentialAction":[{"@type":"ReadAction","target":["https:\/\/kingskaffee.com\/de\/produkt\/3in1-classic\/"]}]},{"@type":"ImageObject","inLanguage":"de","@id":"https:\/\/kingskaffee.com\/de\/produkt\/3in1-classic\/#primaryimage","url":"https:\/\/kingskaffee.com\/wp-content\/uploads\/2025\/05\/frame_709-2.webp","contentUrl":"https:\/\/kingskaffee.com\/wp-content\/uploads\/2025\/05\/frame_709-2.webp","width":500,"height":500},{"@type":"BreadcrumbList","@id":"https:\/\/kingskaffee.com\/de\/produkt\/3in1-classic\/#breadcrumb","itemListElement":[{"@type":"ListItem","position":1,"name":"Home","item":"https:\/\/kingskaffee.com\/de\/"},{"@type":"ListItem","position":2,"name":"Products","item":"https:\/\/kingskaffee.com\/shop\/"},{"@type":"ListItem","position":3,"name":"3in1 Classic"}]},{"@type":"WebSite","@id":"https:\/\/kingskaffee.com\/#website","url":"https:\/\/kingskaffee.com\/","name":"Kings DE","description":"","potentialAction":[{"@type":"SearchAction","target":{"@type":"EntryPoint","urlTemplate":"https:\/\/kingskaffee.com\/?s={search_term_string}"},"query-input":{"@type":"PropertyValueSpecification","valueRequired":true,"valueName":"search_term_string"}}],"inLanguage":"de"}]}},"_links":{"self":[{"href":"https:\/\/kingskaffee.com\/de\/wp-json\/wp\/v2\/product\/2198","targetHints":{"allow":["GET"]}}],"collection":[{"href":"https:\/\/kingskaffee.com\/de\/wp-json\/wp\/v2\/product"}],"about":[{"href":"https:\/\/kingskaffee.com\/de\/wp-json\/wp\/v2\/types\/product"}],"replies":[{"embeddable":true,"href":"https:\/\/kingskaffee.com\/de\/wp-json\/wp\/v2\/comments?post=2198"}],"version-history":[{"count":1,"href":"https:\/\/kingskaffee.com\/de\/wp-json\/wp\/v2\/product\/2198\/revisions"}],"predecessor-version":[{"id":2199,"href":"https:\/\/kingskaffee.com\/de\/wp-json\/wp\/v2\/product\/2198\/revisions\/2199"}],"wp:featuredmedia":[{"embeddable":true,"href":"https:\/\/kingskaffee.com\/de\/wp-json\/wp\/v2\/media\/1932"}],"wp:attachment":[{"href":"https:\/\/kingskaffee.com\/de\/wp-json\/wp\/v2\/media?parent=2198"}],"wp:term":[{"taxonomy":"product_brand","embeddable":true,"href":"https:\/\/kingskaffee.com\/de\/wp-json\/wp\/v2\/product_brand?post=2198"},{"taxonomy":"product_cat","embeddable":true,"href":"https:\/\/kingskaffee.com\/de\/wp-json\/wp\/v2\/product_cat?post=2198"},{"taxonomy":"product_tag","embeddable":true,"href":"https:\/\/kingskaffee.com\/de\/wp-json\/wp\/v2\/product_tag?post=2198"}],"curies":[{"name":"wp","href":"https:\/\/api.w.org\/{rel}","templated":true}]}}