{"id":2200,"date":"2025-05-18T21:19:24","date_gmt":"2025-05-18T17:49:24","guid":{"rendered":"https:\/\/kingskaffee.com\/product\/kings-kaffee-instant-espresso\/"},"modified":"2025-05-29T10:50:21","modified_gmt":"2025-05-29T07:20:21","slug":"instant-espresso","status":"publish","type":"product","link":"https:\/\/kingskaffee.com\/de\/produkt\/instant-espresso\/","title":{"rendered":"Instant Espresso"},"content":{"rendered":"\t\t<div data-elementor-type=\"product-post\" data-elementor-id=\"2200\" class=\"elementor elementor-2200 elementor-1946\" data-elementor-post-type=\"product\">\n\t\t\t\t<div class=\"wd-negative-gap elementor-element elementor-element-57e31563 e-flex e-con-boxed e-con e-parent\" data-id=\"57e31563\" data-element_type=\"container\">\n\t\t\t\t\t<div class=\"e-con-inner\">\n\t\t<div class=\"elementor-element elementor-element-3798761 e-con-full e-flex e-con e-child\" data-id=\"3798761\" data-element_type=\"container\">\n\t\t\t\t<div class=\"elementor-element elementor-element-a5a6693 elementor-widget elementor-widget-wd_text_block\" data-id=\"a5a6693\" data-element_type=\"widget\" data-widget_type=\"wd_text_block.default\">\n\t\t\t\t<div class=\"elementor-widget-container\">\n\t\t\t\t\t\t\t<div class=\"wd-text-block reset-last-child text-left\">\n\t\t\t\n\t\t\t<p><strong>Nettogewicht<\/strong>: 20 x 2 g = 40 g<\/p><p><strong>Zubereitung:<\/strong><br>1. Einen Stick \u00f6ffnen und den Inhalt in eine Tasse geben.<br>2. 150 ml hei\u00dfes Wasser (ca. 80\u202f\u00b0C) hinzuf\u00fcgen.<br>3. Umr\u00fchren, zur\u00fccklehnen und genie\u00dfen!<\/p><p><strong>Lagerung:<\/strong><br>K\u00fchl und trocken lagern, um das volle Aroma zu erhalten.<\/p>\n\t\t\t\t\t<\/div>\n\t\t\t\t\t\t<\/div>\n\t\t\t\t<\/div>\n\t\t\t\t<\/div>\n\t\t\t\t\t<\/div>\n\t\t\t\t<\/div>\n\t\t\t\t<\/div>\n\t\t","protected":false},"excerpt":{"rendered":"<p>Erleben Sie den k\u00f6niglichen Kaffeegenuss mit <strong>King\u2019s Kaffee Instant Espresso!<\/strong> Unser l\u00f6slicher Espresso vereint das kr\u00e4ftige Aroma frisch gebr\u00fchten Espressos mit maximaler Bequemlichkeit \u2013 ideal f\u00fcr einen aktiven Lebensstil.<br \/>\n<strong>Ob unterwegs, im B\u00fcro oder zu Hause<\/strong>: Einfach mit hei\u00dfem Wasser aufgie\u00dfen, umr\u00fchren und in Sekunden Ihre aromatische Tasse Espresso genie\u00dfen.<\/p>\n<p><strong>Highlights<\/strong><br \/>\n\u2022 Kr\u00e4ftiger Espressogeschmack: Hergestellt aus sorgf\u00e4ltig ausgew\u00e4hlten Kaffeebohnen f\u00fcr ein intensives Aroma<br \/>\n\u2022 Schnell &amp; einfach: Nur hei\u00dfes Wasser hinzuf\u00fcgen \u2013 fertig in wenigen Momenten<br \/>\n\u2022 Praktisch portioniert: 25 Einzelsticks pro Packung \u2013 perfekt f\u00fcr unterwegs<br \/>\n\u2022 F\u00fcr jede Gelegenheit: Energie am Morgen, ein Schub am Nachmittag oder einfach zwischendurch<\/p>\n","protected":false},"featured_media":1951,"comment_status":"open","ping_status":"closed","template":"","meta":[],"product_brand":[],"product_cat":[55],"product_tag":[],"class_list":{"0":"post-2200","1":"product","2":"type-product","3":"status-publish","4":"has-post-thumbnail","6":"product_cat-loslicher-kaffee","8":"first","9":"instock","10":"shipping-taxable","11":"product-type-simple"},"yoast_head":"<!-- This site is optimized with the Yoast SEO plugin v26.4 - https:\/\/yoast.com\/wordpress\/plugins\/seo\/ -->\n<title>Instant Espresso - Kings DE<\/title>\n<meta name=\"robots\" content=\"index, follow, max-snippet:-1, max-image-preview:large, max-video-preview:-1\" \/>\n<link rel=\"canonical\" href=\"https:\/\/kingskaffee.com\/de\/produkt\/instant-espresso\/\" \/>\n<meta property=\"og:locale\" content=\"de_DE\" \/>\n<meta property=\"og:type\" content=\"article\" \/>\n<meta property=\"og:title\" content=\"Instant Espresso - Kings DE\" \/>\n<meta property=\"og:description\" content=\"Erleben Sie den k\u00f6niglichen Kaffeegenuss mit King\u2019s Kaffee Instant Espresso! Unser l\u00f6slicher Espresso vereint das kr\u00e4ftige Aroma frisch gebr\u00fchten Espressos mit maximaler Bequemlichkeit \u2013 ideal f\u00fcr einen aktiven Lebensstil. Ob unterwegs, im B\u00fcro oder zu Hause: Einfach mit hei\u00dfem Wasser aufgie\u00dfen, umr\u00fchren und in Sekunden Ihre aromatische Tasse Espresso genie\u00dfen.  Highlights \u2022 Kr\u00e4ftiger Espressogeschmack: Hergestellt aus sorgf\u00e4ltig ausgew\u00e4hlten Kaffeebohnen f\u00fcr ein intensives Aroma \u2022 Schnell &amp; einfach: Nur hei\u00dfes Wasser hinzuf\u00fcgen \u2013 fertig in wenigen Momenten \u2022 Praktisch portioniert: 25 Einzelsticks pro Packung \u2013 perfekt f\u00fcr unterwegs \u2022 F\u00fcr jede Gelegenheit: Energie am Morgen, ein Schub am Nachmittag oder einfach zwischendurch\" \/>\n<meta property=\"og:url\" content=\"https:\/\/kingskaffee.com\/de\/produkt\/instant-espresso\/\" \/>\n<meta property=\"og:site_name\" content=\"Kings DE\" \/>\n<meta property=\"article:modified_time\" content=\"2025-05-29T07:20:21+00:00\" \/>\n<meta property=\"og:image\" content=\"https:\/\/kingskaffee.com\/wp-content\/uploads\/2025\/05\/frame_712.webp\" \/>\n\t<meta property=\"og:image:width\" content=\"500\" \/>\n\t<meta property=\"og:image:height\" content=\"500\" \/>\n\t<meta property=\"og:image:type\" content=\"image\/webp\" \/>\n<meta name=\"twitter:card\" content=\"summary_large_image\" \/>\n<script type=\"application\/ld+json\" class=\"yoast-schema-graph\">{\"@context\":\"https:\/\/schema.org\",\"@graph\":[{\"@type\":\"WebPage\",\"@id\":\"https:\/\/kingskaffee.com\/de\/produkt\/instant-espresso\/\",\"url\":\"https:\/\/kingskaffee.com\/de\/produkt\/instant-espresso\/\",\"name\":\"Instant Espresso - Kings DE\",\"isPartOf\":{\"@id\":\"https:\/\/kingskaffee.com\/#website\"},\"primaryImageOfPage\":{\"@id\":\"https:\/\/kingskaffee.com\/de\/produkt\/instant-espresso\/#primaryimage\"},\"image\":{\"@id\":\"https:\/\/kingskaffee.com\/de\/produkt\/instant-espresso\/#primaryimage\"},\"thumbnailUrl\":\"https:\/\/kingskaffee.com\/wp-content\/uploads\/2025\/05\/frame_712.webp\",\"datePublished\":\"2025-05-18T17:49:24+00:00\",\"dateModified\":\"2025-05-29T07:20:21+00:00\",\"breadcrumb\":{\"@id\":\"https:\/\/kingskaffee.com\/de\/produkt\/instant-espresso\/#breadcrumb\"},\"inLanguage\":\"de\",\"potentialAction\":[{\"@type\":\"ReadAction\",\"target\":[\"https:\/\/kingskaffee.com\/de\/produkt\/instant-espresso\/\"]}]},{\"@type\":\"ImageObject\",\"inLanguage\":\"de\",\"@id\":\"https:\/\/kingskaffee.com\/de\/produkt\/instant-espresso\/#primaryimage\",\"url\":\"https:\/\/kingskaffee.com\/wp-content\/uploads\/2025\/05\/frame_712.webp\",\"contentUrl\":\"https:\/\/kingskaffee.com\/wp-content\/uploads\/2025\/05\/frame_712.webp\",\"width\":500,\"height\":500},{\"@type\":\"BreadcrumbList\",\"@id\":\"https:\/\/kingskaffee.com\/de\/produkt\/instant-espresso\/#breadcrumb\",\"itemListElement\":[{\"@type\":\"ListItem\",\"position\":1,\"name\":\"Home\",\"item\":\"https:\/\/kingskaffee.com\/de\/\"},{\"@type\":\"ListItem\",\"position\":2,\"name\":\"Products\",\"item\":\"https:\/\/kingskaffee.com\/shop\/\"},{\"@type\":\"ListItem\",\"position\":3,\"name\":\"Instant Espresso\"}]},{\"@type\":\"WebSite\",\"@id\":\"https:\/\/kingskaffee.com\/#website\",\"url\":\"https:\/\/kingskaffee.com\/\",\"name\":\"Kings DE\",\"description\":\"\",\"potentialAction\":[{\"@type\":\"SearchAction\",\"target\":{\"@type\":\"EntryPoint\",\"urlTemplate\":\"https:\/\/kingskaffee.com\/?s={search_term_string}\"},\"query-input\":{\"@type\":\"PropertyValueSpecification\",\"valueRequired\":true,\"valueName\":\"search_term_string\"}}],\"inLanguage\":\"de\"}]}<\/script>\n<!-- \/ Yoast SEO plugin. -->","yoast_head_json":{"title":"Instant Espresso - Kings DE","robots":{"index":"index","follow":"follow","max-snippet":"max-snippet:-1","max-image-preview":"max-image-preview:large","max-video-preview":"max-video-preview:-1"},"canonical":"https:\/\/kingskaffee.com\/de\/produkt\/instant-espresso\/","og_locale":"de_DE","og_type":"article","og_title":"Instant Espresso - Kings DE","og_description":"Erleben Sie den k\u00f6niglichen Kaffeegenuss mit King\u2019s Kaffee Instant Espresso! Unser l\u00f6slicher Espresso vereint das kr\u00e4ftige Aroma frisch gebr\u00fchten Espressos mit maximaler Bequemlichkeit \u2013 ideal f\u00fcr einen aktiven Lebensstil. Ob unterwegs, im B\u00fcro oder zu Hause: Einfach mit hei\u00dfem Wasser aufgie\u00dfen, umr\u00fchren und in Sekunden Ihre aromatische Tasse Espresso genie\u00dfen.  Highlights \u2022 Kr\u00e4ftiger Espressogeschmack: Hergestellt aus sorgf\u00e4ltig ausgew\u00e4hlten Kaffeebohnen f\u00fcr ein intensives Aroma \u2022 Schnell &amp; einfach: Nur hei\u00dfes Wasser hinzuf\u00fcgen \u2013 fertig in wenigen Momenten \u2022 Praktisch portioniert: 25 Einzelsticks pro Packung \u2013 perfekt f\u00fcr unterwegs \u2022 F\u00fcr jede Gelegenheit: Energie am Morgen, ein Schub am Nachmittag oder einfach zwischendurch","og_url":"https:\/\/kingskaffee.com\/de\/produkt\/instant-espresso\/","og_site_name":"Kings DE","article_modified_time":"2025-05-29T07:20:21+00:00","og_image":[{"width":500,"height":500,"url":"https:\/\/kingskaffee.com\/wp-content\/uploads\/2025\/05\/frame_712.webp","type":"image\/webp"}],"twitter_card":"summary_large_image","schema":{"@context":"https:\/\/schema.org","@graph":[{"@type":"WebPage","@id":"https:\/\/kingskaffee.com\/de\/produkt\/instant-espresso\/","url":"https:\/\/kingskaffee.com\/de\/produkt\/instant-espresso\/","name":"Instant Espresso - Kings DE","isPartOf":{"@id":"https:\/\/kingskaffee.com\/#website"},"primaryImageOfPage":{"@id":"https:\/\/kingskaffee.com\/de\/produkt\/instant-espresso\/#primaryimage"},"image":{"@id":"https:\/\/kingskaffee.com\/de\/produkt\/instant-espresso\/#primaryimage"},"thumbnailUrl":"https:\/\/kingskaffee.com\/wp-content\/uploads\/2025\/05\/frame_712.webp","datePublished":"2025-05-18T17:49:24+00:00","dateModified":"2025-05-29T07:20:21+00:00","breadcrumb":{"@id":"https:\/\/kingskaffee.com\/de\/produkt\/instant-espresso\/#breadcrumb"},"inLanguage":"de","potentialAction":[{"@type":"ReadAction","target":["https:\/\/kingskaffee.com\/de\/produkt\/instant-espresso\/"]}]},{"@type":"ImageObject","inLanguage":"de","@id":"https:\/\/kingskaffee.com\/de\/produkt\/instant-espresso\/#primaryimage","url":"https:\/\/kingskaffee.com\/wp-content\/uploads\/2025\/05\/frame_712.webp","contentUrl":"https:\/\/kingskaffee.com\/wp-content\/uploads\/2025\/05\/frame_712.webp","width":500,"height":500},{"@type":"BreadcrumbList","@id":"https:\/\/kingskaffee.com\/de\/produkt\/instant-espresso\/#breadcrumb","itemListElement":[{"@type":"ListItem","position":1,"name":"Home","item":"https:\/\/kingskaffee.com\/de\/"},{"@type":"ListItem","position":2,"name":"Products","item":"https:\/\/kingskaffee.com\/shop\/"},{"@type":"ListItem","position":3,"name":"Instant Espresso"}]},{"@type":"WebSite","@id":"https:\/\/kingskaffee.com\/#website","url":"https:\/\/kingskaffee.com\/","name":"Kings DE","description":"","potentialAction":[{"@type":"SearchAction","target":{"@type":"EntryPoint","urlTemplate":"https:\/\/kingskaffee.com\/?s={search_term_string}"},"query-input":{"@type":"PropertyValueSpecification","valueRequired":true,"valueName":"search_term_string"}}],"inLanguage":"de"}]}},"_links":{"self":[{"href":"https:\/\/kingskaffee.com\/de\/wp-json\/wp\/v2\/product\/2200","targetHints":{"allow":["GET"]}}],"collection":[{"href":"https:\/\/kingskaffee.com\/de\/wp-json\/wp\/v2\/product"}],"about":[{"href":"https:\/\/kingskaffee.com\/de\/wp-json\/wp\/v2\/types\/product"}],"replies":[{"embeddable":true,"href":"https:\/\/kingskaffee.com\/de\/wp-json\/wp\/v2\/comments?post=2200"}],"version-history":[{"count":4,"href":"https:\/\/kingskaffee.com\/de\/wp-json\/wp\/v2\/product\/2200\/revisions"}],"predecessor-version":[{"id":2371,"href":"https:\/\/kingskaffee.com\/de\/wp-json\/wp\/v2\/product\/2200\/revisions\/2371"}],"wp:featuredmedia":[{"embeddable":true,"href":"https:\/\/kingskaffee.com\/de\/wp-json\/wp\/v2\/media\/1951"}],"wp:attachment":[{"href":"https:\/\/kingskaffee.com\/de\/wp-json\/wp\/v2\/media?parent=2200"}],"wp:term":[{"taxonomy":"product_brand","embeddable":true,"href":"https:\/\/kingskaffee.com\/de\/wp-json\/wp\/v2\/product_brand?post=2200"},{"taxonomy":"product_cat","embeddable":true,"href":"https:\/\/kingskaffee.com\/de\/wp-json\/wp\/v2\/product_cat?post=2200"},{"taxonomy":"product_tag","embeddable":true,"href":"https:\/\/kingskaffee.com\/de\/wp-json\/wp\/v2\/product_tag?post=2200"}],"curies":[{"name":"wp","href":"https:\/\/api.w.org\/{rel}","templated":true}]}}