{"id":2204,"date":"2025-05-18T21:19:02","date_gmt":"2025-05-18T17:49:02","guid":{"rendered":"https:\/\/kingskaffee.com\/product\/kings-2-in1-classic\/"},"modified":"2025-05-29T10:51:39","modified_gmt":"2025-05-29T07:21:39","slug":"2-in1-classic","status":"publish","type":"product","link":"https:\/\/kingskaffee.com\/de\/produkt\/2-in1-classic\/","title":{"rendered":"2 in1 Classic"},"content":{"rendered":"\t\t<div data-elementor-type=\"product-post\" data-elementor-id=\"2204\" class=\"elementor elementor-2204 elementor-653\" data-elementor-post-type=\"product\">\n\t\t\t\t<div class=\"wd-negative-gap elementor-element elementor-element-57e31563 e-flex e-con-boxed e-con e-parent\" data-id=\"57e31563\" data-element_type=\"container\">\n\t\t\t\t\t<div class=\"e-con-inner\">\n\t\t<div class=\"elementor-element elementor-element-3798761 e-con-full e-flex e-con e-child\" data-id=\"3798761\" data-element_type=\"container\">\n\t\t\t\t<div class=\"elementor-element elementor-element-eaa00db elementor-widget elementor-widget-wd_text_block\" data-id=\"eaa00db\" data-element_type=\"widget\" data-widget_type=\"wd_text_block.default\">\n\t\t\t\t<div class=\"elementor-widget-container\">\n\t\t\t\t\t\t\t<div class=\"wd-text-block reset-last-child text-left\">\n\t\t\t\n\t\t\t<p><strong>Zutaten:<\/strong><\/p><p>Glukosesirup, Magermilchpulver (Kuhmilch), Instantkaffee (9,9 %), Kokosfett (vollst\u00e4ndig geh\u00e4rtet), Stabilisatoren (E340, E452), Milcheiwei\u00df (Kuhmilch), Emulgatoren (E471, E481), Milchmineralienpulver, Trennmittel (E551).<\/p><p><strong>Nutrition Information<\/strong><\/p>\n\t\t\t\t\t<\/div>\n\t\t\t\t\t\t<\/div>\n\t\t\t\t<\/div>\n\t\t\t\t<div class=\"elementor-element elementor-element-1c1c47b elementor-widget elementor-widget-wd_table\" data-id=\"1c1c47b\" data-element_type=\"widget\" data-widget_type=\"wd_table.default\">\n\t\t\t\t<div class=\"elementor-widget-container\">\n\t\t\t\t\t\t\t<div class=\"wd-el-table-wrap wd-reset-all-last\">\n\t\t\t<table class=\"wd-el-table\">\n\t\t\t\t\t\t\t\t\t<thead class=\"text-center\">\n\t\t\t\t\t\t\t\t\t\t\t\t\t\t\t\t\t\t\t\t\t\t\t\t\t\t\t\t\t\t<tr class=\"wd-table-row elementor-repeater-item-16f6886\">\n\t\t\t\t\t\t\t\t\t\t\t\t\t\t\t\t\t\t\t\t\t\t\t\t\t\t\t\t\t\t\t\t\t\t\t\t<th class=\"wd-table-cell elementor-repeater-item-a9cfa34\" colspan=\"1\" rowspan=\"1\">\n\t\t\t\t\t\t\t\t\t<p><strong>N\u00e4hrwert<\/strong><\/p>\t\t\t\t\t\t\t\t<\/th>\n\t\t\t\t\t\t\t\t\t\t\t\t\t\t\t\t\t\t\t\t\t\t\t\t\t\t\t\t<th class=\"wd-table-cell elementor-repeater-item-5ca27bc\" colspan=\"1\" rowspan=\"1\">\n\t\t\t\t\t\t\t\t\t<p><strong>Pro 100\u202fg<\/strong><\/p>\t\t\t\t\t\t\t\t<\/th>\n\t\t\t\t\t\t\t\t\t\t\t\t\t\t\t\t\t\t\t\t\t\t\t\t\t\t\t\t<th class=\"wd-table-cell elementor-repeater-item-10a143c\" colspan=\"1\" rowspan=\"1\">\n\t\t\t\t\t\t\t\t\t<p><strong>Pro Portion (18\u202fg)<\/strong><\/p>\t\t\t\t\t\t\t\t<\/th>\n\t\t\t\t\t\t\t\t\t\t\t\t\t\t\t\t\t\t\t\t\t\t\t\t\t\t\t\t<th class=\"wd-table-cell elementor-repeater-item-0eb99a8\" colspan=\"1\" rowspan=\"1\">\n\t\t\t\t\t\t\t\t\t<p><strong>%* pro Portion (18\u202fg)<\/strong><\/p>\t\t\t\t\t\t\t\t<\/th>\n\t\t\t\t\t\t\t\t\t\t\t\t\t\t\t\t\t\t\t<\/tr>\n\t\t\t\t\t<\/thead>\n\t\t\t\t\n\t\t\t\t<tbody class=\"text-center\">\n\t\t\t\t\t\t\t\t\t\t\t\t\t\t\t\t\t\t\t\t\t\t\t\t\t\t<tr class=\"wd-table-row elementor-repeater-item-005a503\">\n\t\t\t\t\t\t\t\t\t\t\t\t\t\t\t\t\t\t\t\t\t\t\t\t\t\t\t\t\t\t\t<td class=\"wd-table-cell elementor-repeater-item-91cdb73\" colspan=\"1\" rowspan=\"1\">\n\t\t\t\t\t\t\t<p>Energie (Kalorien)<\/p>\t\t\t\t\t\t\t<\/td>\n\t\t\t\t\t\t\t\t\t\t\t\t\t\t\t\t\t\t\t\t\t\t\t\t<td class=\"wd-table-cell elementor-repeater-item-fe989ed\" colspan=\"1\" rowspan=\"1\">\n\t\t\t\t\t\t\t<p>1715 kJ \/ 405 kcal<\/p>\t\t\t\t\t\t\t<\/td>\n\t\t\t\t\t\t\t\t\t\t\t\t\t\t\t\t\t\t\t\t\t\t\t\t<td class=\"wd-table-cell elementor-repeater-item-f7ef9b3\" colspan=\"1\" rowspan=\"1\">\n\t\t\t\t\t\t\t<p>240 kJ \/ 57 kcal<\/p>\t\t\t\t\t\t\t<\/td>\n\t\t\t\t\t\t\t\t\t\t\t\t\t\t\t\t\t\t\t\t\t\t\t\t<td class=\"wd-table-cell elementor-repeater-item-1751dc3\" colspan=\"1\" rowspan=\"1\">\n\t\t\t\t\t\t\t<p>3%<\/p>\t\t\t\t\t\t\t<\/td>\n\t\t\t\t\t\t\t\t\t\t\t\t\t\t\t\t\t\t\t\t\t\t\t\t\t\t\t\t\t\t\t\t<\/tr>\n\t\t\t\t\t\t\t\t<tr class=\"wd-table-row elementor-repeater-item-71a312e\">\n\t\t\t\t\t\t\t\t\t\t\t\t\t\t\t\t\t\t\t\t\t\t\t\t\t\t\t\t\t\t\t<td class=\"wd-table-cell elementor-repeater-item-127fb64\" colspan=\"1\" rowspan=\"1\">\n\t\t\t\t\t\t\t<p>Fett<\/p>\t\t\t\t\t\t\t<\/td>\n\t\t\t\t\t\t\t\t\t\t\t\t\t\t\t\t\t\t\t\t\t\t\t\t<td class=\"wd-table-cell elementor-repeater-item-60cd940\" colspan=\"1\" rowspan=\"1\">\n\t\t\t\t\t\t\t<p>9.0g<\/p>\t\t\t\t\t\t\t<\/td>\n\t\t\t\t\t\t\t\t\t\t\t\t\t\t\t\t\t\t\t\t\t\t\t\t<td class=\"wd-table-cell elementor-repeater-item-412fc06\" colspan=\"1\" rowspan=\"1\">\n\t\t\t\t\t\t\t<p>1.3g<\/p>\t\t\t\t\t\t\t<\/td>\n\t\t\t\t\t\t\t\t\t\t\t\t\t\t\t\t\t\t\t\t\t\t\t\t<td class=\"wd-table-cell elementor-repeater-item-7dc9c6b\" colspan=\"1\" rowspan=\"1\">\n\t\t\t\t\t\t\t<p>2%<\/p>\t\t\t\t\t\t\t<\/td>\n\t\t\t\t\t\t\t\t\t\t\t\t\t\t\t\t\t\t\t\t\t\t\t\t\t\t\t\t\t\t\t\t<\/tr>\n\t\t\t\t\t\t\t\t<tr class=\"wd-table-row elementor-repeater-item-7ecd413\">\n\t\t\t\t\t\t\t\t\t\t\t\t\t\t\t\t\t\t\t\t\t\t\t\t\t\t\t\t\t\t\t<td class=\"wd-table-cell elementor-repeater-item-244f5e9\" colspan=\"1\" rowspan=\"1\">\n\t\t\t\t\t\t\t<p>\u2013 davon ges\u00e4ttigte Fetts\u00e4uren<\/p>\t\t\t\t\t\t\t<\/td>\n\t\t\t\t\t\t\t\t\t\t\t\t\t\t\t\t\t\t\t\t\t\t\t\t<td class=\"wd-table-cell elementor-repeater-item-efffa80\" colspan=\"1\" rowspan=\"1\">\n\t\t\t\t\t\t\t<p>8.8g<\/p>\t\t\t\t\t\t\t<\/td>\n\t\t\t\t\t\t\t\t\t\t\t\t\t\t\t\t\t\t\t\t\t\t\t\t<td class=\"wd-table-cell elementor-repeater-item-a35c1fe\" colspan=\"1\" rowspan=\"1\">\n\t\t\t\t\t\t\t<p>1.2g<\/p>\t\t\t\t\t\t\t<\/td>\n\t\t\t\t\t\t\t\t\t\t\t\t\t\t\t\t\t\t\t\t\t\t\t\t<td class=\"wd-table-cell elementor-repeater-item-e69edb5\" colspan=\"1\" rowspan=\"1\">\n\t\t\t\t\t\t\t<p>6%<\/p>\t\t\t\t\t\t\t<\/td>\n\t\t\t\t\t\t\t\t\t\t\t\t\t\t\t\t\t\t\t\t\t\t\t\t\t\t\t\t\t\t\t\t<\/tr>\n\t\t\t\t\t\t\t\t<tr class=\"wd-table-row elementor-repeater-item-54a7aed\">\n\t\t\t\t\t\t\t\t\t\t\t\t\t\t\t\t\t\t\t\t\t\t\t\t\t\t\t\t\t\t\t<td class=\"wd-table-cell elementor-repeater-item-bfbf8e3\" colspan=\"1\" rowspan=\"1\">\n\t\t\t\t\t\t\t<p>Kohlenhydrate<\/p>\t\t\t\t\t\t\t<\/td>\n\t\t\t\t\t\t\t\t\t\t\t\t\t\t\t\t\t\t\t\t\t\t\t\t<td class=\"wd-table-cell elementor-repeater-item-7caab8a\" colspan=\"1\" rowspan=\"1\">\n\t\t\t\t\t\t\t<p>72g<\/p>\t\t\t\t\t\t\t<\/td>\n\t\t\t\t\t\t\t\t\t\t\t\t\t\t\t\t\t\t\t\t\t\t\t\t<td class=\"wd-table-cell elementor-repeater-item-4e1da68\" colspan=\"1\" rowspan=\"1\">\n\t\t\t\t\t\t\t<p>10g<\/p>\t\t\t\t\t\t\t<\/td>\n\t\t\t\t\t\t\t\t\t\t\t\t\t\t\t\t\t\t\t\t\t\t\t\t<td class=\"wd-table-cell elementor-repeater-item-644b40a\" colspan=\"1\" rowspan=\"1\">\n\t\t\t\t\t\t\t<p>4%<\/p>\t\t\t\t\t\t\t<\/td>\n\t\t\t\t\t\t\t\t\t\t\t\t\t\t\t\t\t\t\t\t\t\t\t\t\t\t\t\t\t\t\t\t<\/tr>\n\t\t\t\t\t\t\t\t<tr class=\"wd-table-row elementor-repeater-item-5b26c2f\">\n\t\t\t\t\t\t\t\t\t\t\t\t\t\t\t\t\t\t\t\t\t\t\t\t\t\t\t\t\t\t\t<td class=\"wd-table-cell elementor-repeater-item-6a07365\" colspan=\"1\" rowspan=\"1\">\n\t\t\t\t\t\t\t<p>\u2013 davon Zucker<\/p>\t\t\t\t\t\t\t<\/td>\n\t\t\t\t\t\t\t\t\t\t\t\t\t\t\t\t\t\t\t\t\t\t\t\t<td class=\"wd-table-cell elementor-repeater-item-bd14a3c\" colspan=\"1\" rowspan=\"1\">\n\t\t\t\t\t\t\t<p>33g<\/p>\t\t\t\t\t\t\t<\/td>\n\t\t\t\t\t\t\t\t\t\t\t\t\t\t\t\t\t\t\t\t\t\t\t\t<td class=\"wd-table-cell elementor-repeater-item-43f794e\" colspan=\"1\" rowspan=\"1\">\n\t\t\t\t\t\t\t<p>4.7g<\/p>\t\t\t\t\t\t\t<\/td>\n\t\t\t\t\t\t\t\t\t\t\t\t\t\t\t\t\t\t\t\t\t\t\t\t<td class=\"wd-table-cell elementor-repeater-item-405c0a9\" colspan=\"1\" rowspan=\"1\">\n\t\t\t\t\t\t\t<p>5%<\/p>\t\t\t\t\t\t\t<\/td>\n\t\t\t\t\t\t\t\t\t\t\t\t\t\t\t\t\t\t\t\t\t\t\t\t\t\t\t\t\t\t\t\t<\/tr>\n\t\t\t\t\t\t\t\t<tr class=\"wd-table-row elementor-repeater-item-1365fca\">\n\t\t\t\t\t\t\t\t\t\t\t\t\t\t\t\t\t\t\t\t\t\t\t\t\t\t\t\t\t\t\t<td class=\"wd-table-cell elementor-repeater-item-b5c0b28\" colspan=\"1\" rowspan=\"1\">\n\t\t\t\t\t\t\t<p>Ballaststoffe<\/p>\t\t\t\t\t\t\t<\/td>\n\t\t\t\t\t\t\t\t\t\t\t\t\t\t\t\t\t\t\t\t\t\t\t\t<td class=\"wd-table-cell elementor-repeater-item-2cdc333\" colspan=\"1\" rowspan=\"1\">\n\t\t\t\t\t\t\t<p>2.5g<\/p>\t\t\t\t\t\t\t<\/td>\n\t\t\t\t\t\t\t\t\t\t\t\t\t\t\t\t\t\t\t\t\t\t\t\t<td class=\"wd-table-cell elementor-repeater-item-6b0eca0\" colspan=\"1\" rowspan=\"1\">\n\t\t\t\t\t\t\t<p>0.4g<\/p>\t\t\t\t\t\t\t<\/td>\n\t\t\t\t\t\t\t\t\t\t\t\t\t\t\t\t\t\t\t\t\t\t\t\t<td class=\"wd-table-cell elementor-repeater-item-dcda6af\" colspan=\"1\" rowspan=\"1\">\n\t\t\t\t\t\t\t<p>-<\/p>\t\t\t\t\t\t\t<\/td>\n\t\t\t\t\t\t\t\t\t\t\t\t\t\t\t\t\t\t\t\t\t\t\t\t\t\t\t\t\t\t\t\t<\/tr>\n\t\t\t\t\t\t\t\t<tr class=\"wd-table-row elementor-repeater-item-6eb9465\">\n\t\t\t\t\t\t\t\t\t\t\t\t\t\t\t\t\t\t\t\t\t\t\t\t\t\t\t\t\t\t\t<td class=\"wd-table-cell elementor-repeater-item-e3947b4\" colspan=\"1\" rowspan=\"1\">\n\t\t\t\t\t\t\t<p>Eiwei\u00df<\/p>\t\t\t\t\t\t\t<\/td>\n\t\t\t\t\t\t\t\t\t\t\t\t\t\t\t\t\t\t\t\t\t\t\t\t<td class=\"wd-table-cell elementor-repeater-item-cd5b688\" colspan=\"1\" rowspan=\"1\">\n\t\t\t\t\t\t\t<p>7.1g<\/p>\t\t\t\t\t\t\t<\/td>\n\t\t\t\t\t\t\t\t\t\t\t\t\t\t\t\t\t\t\t\t\t\t\t\t<td class=\"wd-table-cell elementor-repeater-item-0ea1304\" colspan=\"1\" rowspan=\"1\">\n\t\t\t\t\t\t\t<p>1.0g<\/p>\t\t\t\t\t\t\t<\/td>\n\t\t\t\t\t\t\t\t\t\t\t\t\t\t\t\t\t\t\t\t\t\t\t\t<td class=\"wd-table-cell elementor-repeater-item-7c65b77\" colspan=\"1\" rowspan=\"1\">\n\t\t\t\t\t\t\t<p>2%<\/p>\t\t\t\t\t\t\t<\/td>\n\t\t\t\t\t\t\t\t\t\t\t\t\t\t\t\t\t\t\t\t\t\t\t\t\t\t\t\t\t\t\t\t<\/tr>\n\t\t\t\t\t\t\t\t<tr class=\"wd-table-row elementor-repeater-item-3b9c629\">\n\t\t\t\t\t\t\t\t\t\t\t\t\t\t\t\t\t\t\t\t\t\t\t\t\t\t\t\t\t\t\t<td class=\"wd-table-cell elementor-repeater-item-db9a6f3\" colspan=\"1\" rowspan=\"1\">\n\t\t\t\t\t\t\t<p>Salz<\/p>\t\t\t\t\t\t\t<\/td>\n\t\t\t\t\t\t\t\t\t\t\t\t\t\t\t\t\t\t\t\t\t\t\t\t<td class=\"wd-table-cell elementor-repeater-item-ddab78a\" colspan=\"1\" rowspan=\"1\">\n\t\t\t\t\t\t\t<p>0.35g<\/p>\t\t\t\t\t\t\t<\/td>\n\t\t\t\t\t\t\t\t\t\t\t\t\t\t\t\t\t\t\t\t\t\t\t\t<td class=\"wd-table-cell elementor-repeater-item-5ceaa0a\" colspan=\"1\" rowspan=\"1\">\n\t\t\t\t\t\t\t<p>0.05g<\/p>\t\t\t\t\t\t\t<\/td>\n\t\t\t\t\t\t\t\t\t\t\t\t\t\t\t\t\t\t\t\t\t\t\t\t<td class=\"wd-table-cell elementor-repeater-item-d226126\" colspan=\"1\" rowspan=\"1\">\n\t\t\t\t\t\t\t<p>1%<\/p>\t\t\t\t\t\t\t<\/td>\n\t\t\t\t\t\t\t\t\t\t\t\t\t\t\t\t<\/tr>\n\t\t\t\t<\/tbody>\n\t\t\t<\/table>\n\t\t<\/div>\n\t\t\t\t\t\t<\/div>\n\t\t\t\t<\/div>\n\t\t\t\t<div class=\"elementor-element elementor-element-a5a6693 elementor-widget elementor-widget-wd_text_block\" data-id=\"a5a6693\" data-element_type=\"widget\" data-widget_type=\"wd_text_block.default\">\n\t\t\t\t<div class=\"elementor-widget-container\">\n\t\t\t\t\t\t\t<div class=\"wd-text-block reset-last-child text-left\">\n\t\t\t\n\t\t\t<p>*Referenzmenge f\u00fcr einen durchschnittlichen Erwachsenen<\/p><p><strong>Nettogewicht:<\/strong> 10 x 14g = 140g<\/p><p><strong>Zubereitung:<\/strong><br>1. Sachet aufrei\u00dfen und den Inhalt in eine Tasse geben.<br>2. Etwa 180 ml hei\u00dfes (nicht kochendes) Wasser hinzuf\u00fcgen.<br>3. Umr\u00fchren und genie\u00dfen!<\/p><p><strong>Lagerung:<\/strong><br>K\u00fchl und trocken lagern. Vor Hitze sch\u00fctzen. <\/p>\n\t\t\t\t\t<\/div>\n\t\t\t\t\t\t<\/div>\n\t\t\t\t<\/div>\n\t\t\t\t<\/div>\n\t\t\t\t\t<\/div>\n\t\t\t\t<\/div>\n\t\t\t\t<\/div>\n\t\t","protected":false},"excerpt":{"rendered":"<p>Genie\u00dfen Sie den vollen, cremigen Kaffeegeschmack mit King\u2019s 2 in 1 Classic \u2013 eine k\u00f6stliche Mischung aus hochwertigem Instantkaffee und sanftem Milchpulver. Perfekt f\u00fcr alle, die ihren Kaffee ohne zus\u00e4tzliche S\u00fc\u00dfe bevorzugen. Jede Tasse bietet ein ausgewogenes und zufriedenstellendes Geschmackserlebnis. Genie\u00dfen Sie Caf\u00e9-Qualit\u00e4t \u2013 jederzeit und \u00fcberall. Einfach ein Sachet aufrei\u00dfen, in die Tasse geben, mit hei\u00dfem Wasser aufgie\u00dfen und umr\u00fchren. So einfach ist Kaffeegenuss heute.<\/p>\n<p><strong>Wichtige Merkmale:<\/strong><\/p>\n<ul>\n<li>\u2022 Kr\u00e4ftiges Aroma<\/li>\n<li>\u2022 Sanfter Geschmack<\/li>\n<li>\u2022 Praktische Stick-Verpackung<\/li>\n<\/ul>\n","protected":false},"featured_media":1664,"comment_status":"open","ping_status":"closed","template":"","meta":[],"product_brand":[],"product_cat":[55],"product_tag":[],"class_list":{"0":"post-2204","1":"product","2":"type-product","3":"status-publish","4":"has-post-thumbnail","6":"product_cat-loslicher-kaffee","8":"first","9":"instock","10":"shipping-taxable","11":"product-type-simple"},"yoast_head":"<!-- This site is optimized with the Yoast SEO plugin v26.4 - https:\/\/yoast.com\/wordpress\/plugins\/seo\/ -->\n<title>2 in1 Classic - Kings DE<\/title>\n<meta name=\"robots\" content=\"index, follow, max-snippet:-1, max-image-preview:large, max-video-preview:-1\" \/>\n<link rel=\"canonical\" href=\"https:\/\/kingskaffee.com\/de\/produkt\/2-in1-classic\/\" \/>\n<meta property=\"og:locale\" content=\"de_DE\" \/>\n<meta property=\"og:type\" content=\"article\" \/>\n<meta property=\"og:title\" content=\"2 in1 Classic - Kings DE\" \/>\n<meta property=\"og:description\" content=\"Genie\u00dfen Sie den vollen, cremigen Kaffeegeschmack mit King\u2019s 2 in 1 Classic \u2013 eine k\u00f6stliche Mischung aus hochwertigem Instantkaffee und sanftem Milchpulver. Perfekt f\u00fcr alle, die ihren Kaffee ohne zus\u00e4tzliche S\u00fc\u00dfe bevorzugen. Jede Tasse bietet ein ausgewogenes und zufriedenstellendes Geschmackserlebnis. Genie\u00dfen Sie Caf\u00e9-Qualit\u00e4t \u2013 jederzeit und \u00fcberall. Einfach ein Sachet aufrei\u00dfen, in die Tasse geben, mit hei\u00dfem Wasser aufgie\u00dfen und umr\u00fchren. So einfach ist Kaffeegenuss heute.  Wichtige Merkmale:   \u2022 Kr\u00e4ftiges Aroma  \u2022 Sanfter Geschmack  \u2022 Praktische Stick-Verpackung\" \/>\n<meta property=\"og:url\" content=\"https:\/\/kingskaffee.com\/de\/produkt\/2-in1-classic\/\" \/>\n<meta property=\"og:site_name\" content=\"Kings DE\" \/>\n<meta property=\"article:modified_time\" content=\"2025-05-29T07:21:39+00:00\" \/>\n<meta property=\"og:image\" content=\"https:\/\/kingskaffee.com\/wp-content\/uploads\/2025\/04\/frame_703.webp\" \/>\n\t<meta property=\"og:image:width\" content=\"500\" \/>\n\t<meta property=\"og:image:height\" content=\"500\" \/>\n\t<meta property=\"og:image:type\" content=\"image\/webp\" \/>\n<meta name=\"twitter:card\" content=\"summary_large_image\" \/>\n<meta name=\"twitter:label1\" content=\"Gesch\u00e4tzte Lesezeit\" \/>\n\t<meta name=\"twitter:data1\" content=\"1\u00a0Minute\" \/>\n<script type=\"application\/ld+json\" class=\"yoast-schema-graph\">{\"@context\":\"https:\/\/schema.org\",\"@graph\":[{\"@type\":\"WebPage\",\"@id\":\"https:\/\/kingskaffee.com\/de\/produkt\/2-in1-classic\/\",\"url\":\"https:\/\/kingskaffee.com\/de\/produkt\/2-in1-classic\/\",\"name\":\"2 in1 Classic - Kings DE\",\"isPartOf\":{\"@id\":\"https:\/\/kingskaffee.com\/#website\"},\"primaryImageOfPage\":{\"@id\":\"https:\/\/kingskaffee.com\/de\/produkt\/2-in1-classic\/#primaryimage\"},\"image\":{\"@id\":\"https:\/\/kingskaffee.com\/de\/produkt\/2-in1-classic\/#primaryimage\"},\"thumbnailUrl\":\"https:\/\/kingskaffee.com\/wp-content\/uploads\/2025\/04\/frame_703.webp\",\"datePublished\":\"2025-05-18T17:49:02+00:00\",\"dateModified\":\"2025-05-29T07:21:39+00:00\",\"breadcrumb\":{\"@id\":\"https:\/\/kingskaffee.com\/de\/produkt\/2-in1-classic\/#breadcrumb\"},\"inLanguage\":\"de\",\"potentialAction\":[{\"@type\":\"ReadAction\",\"target\":[\"https:\/\/kingskaffee.com\/de\/produkt\/2-in1-classic\/\"]}]},{\"@type\":\"ImageObject\",\"inLanguage\":\"de\",\"@id\":\"https:\/\/kingskaffee.com\/de\/produkt\/2-in1-classic\/#primaryimage\",\"url\":\"https:\/\/kingskaffee.com\/wp-content\/uploads\/2025\/04\/frame_703.webp\",\"contentUrl\":\"https:\/\/kingskaffee.com\/wp-content\/uploads\/2025\/04\/frame_703.webp\",\"width\":500,\"height\":500},{\"@type\":\"BreadcrumbList\",\"@id\":\"https:\/\/kingskaffee.com\/de\/produkt\/2-in1-classic\/#breadcrumb\",\"itemListElement\":[{\"@type\":\"ListItem\",\"position\":1,\"name\":\"Home\",\"item\":\"https:\/\/kingskaffee.com\/de\/\"},{\"@type\":\"ListItem\",\"position\":2,\"name\":\"Products\",\"item\":\"https:\/\/kingskaffee.com\/shop\/\"},{\"@type\":\"ListItem\",\"position\":3,\"name\":\"2 in1 Classic\"}]},{\"@type\":\"WebSite\",\"@id\":\"https:\/\/kingskaffee.com\/#website\",\"url\":\"https:\/\/kingskaffee.com\/\",\"name\":\"Kings DE\",\"description\":\"\",\"potentialAction\":[{\"@type\":\"SearchAction\",\"target\":{\"@type\":\"EntryPoint\",\"urlTemplate\":\"https:\/\/kingskaffee.com\/?s={search_term_string}\"},\"query-input\":{\"@type\":\"PropertyValueSpecification\",\"valueRequired\":true,\"valueName\":\"search_term_string\"}}],\"inLanguage\":\"de\"}]}<\/script>\n<!-- \/ Yoast SEO plugin. -->","yoast_head_json":{"title":"2 in1 Classic - Kings DE","robots":{"index":"index","follow":"follow","max-snippet":"max-snippet:-1","max-image-preview":"max-image-preview:large","max-video-preview":"max-video-preview:-1"},"canonical":"https:\/\/kingskaffee.com\/de\/produkt\/2-in1-classic\/","og_locale":"de_DE","og_type":"article","og_title":"2 in1 Classic - Kings DE","og_description":"Genie\u00dfen Sie den vollen, cremigen Kaffeegeschmack mit King\u2019s 2 in 1 Classic \u2013 eine k\u00f6stliche Mischung aus hochwertigem Instantkaffee und sanftem Milchpulver. Perfekt f\u00fcr alle, die ihren Kaffee ohne zus\u00e4tzliche S\u00fc\u00dfe bevorzugen. Jede Tasse bietet ein ausgewogenes und zufriedenstellendes Geschmackserlebnis. Genie\u00dfen Sie Caf\u00e9-Qualit\u00e4t \u2013 jederzeit und \u00fcberall. Einfach ein Sachet aufrei\u00dfen, in die Tasse geben, mit hei\u00dfem Wasser aufgie\u00dfen und umr\u00fchren. So einfach ist Kaffeegenuss heute.  Wichtige Merkmale:   \u2022 Kr\u00e4ftiges Aroma  \u2022 Sanfter Geschmack  \u2022 Praktische Stick-Verpackung","og_url":"https:\/\/kingskaffee.com\/de\/produkt\/2-in1-classic\/","og_site_name":"Kings DE","article_modified_time":"2025-05-29T07:21:39+00:00","og_image":[{"width":500,"height":500,"url":"https:\/\/kingskaffee.com\/wp-content\/uploads\/2025\/04\/frame_703.webp","type":"image\/webp"}],"twitter_card":"summary_large_image","twitter_misc":{"Gesch\u00e4tzte Lesezeit":"1\u00a0Minute"},"schema":{"@context":"https:\/\/schema.org","@graph":[{"@type":"WebPage","@id":"https:\/\/kingskaffee.com\/de\/produkt\/2-in1-classic\/","url":"https:\/\/kingskaffee.com\/de\/produkt\/2-in1-classic\/","name":"2 in1 Classic - Kings DE","isPartOf":{"@id":"https:\/\/kingskaffee.com\/#website"},"primaryImageOfPage":{"@id":"https:\/\/kingskaffee.com\/de\/produkt\/2-in1-classic\/#primaryimage"},"image":{"@id":"https:\/\/kingskaffee.com\/de\/produkt\/2-in1-classic\/#primaryimage"},"thumbnailUrl":"https:\/\/kingskaffee.com\/wp-content\/uploads\/2025\/04\/frame_703.webp","datePublished":"2025-05-18T17:49:02+00:00","dateModified":"2025-05-29T07:21:39+00:00","breadcrumb":{"@id":"https:\/\/kingskaffee.com\/de\/produkt\/2-in1-classic\/#breadcrumb"},"inLanguage":"de","potentialAction":[{"@type":"ReadAction","target":["https:\/\/kingskaffee.com\/de\/produkt\/2-in1-classic\/"]}]},{"@type":"ImageObject","inLanguage":"de","@id":"https:\/\/kingskaffee.com\/de\/produkt\/2-in1-classic\/#primaryimage","url":"https:\/\/kingskaffee.com\/wp-content\/uploads\/2025\/04\/frame_703.webp","contentUrl":"https:\/\/kingskaffee.com\/wp-content\/uploads\/2025\/04\/frame_703.webp","width":500,"height":500},{"@type":"BreadcrumbList","@id":"https:\/\/kingskaffee.com\/de\/produkt\/2-in1-classic\/#breadcrumb","itemListElement":[{"@type":"ListItem","position":1,"name":"Home","item":"https:\/\/kingskaffee.com\/de\/"},{"@type":"ListItem","position":2,"name":"Products","item":"https:\/\/kingskaffee.com\/shop\/"},{"@type":"ListItem","position":3,"name":"2 in1 Classic"}]},{"@type":"WebSite","@id":"https:\/\/kingskaffee.com\/#website","url":"https:\/\/kingskaffee.com\/","name":"Kings DE","description":"","potentialAction":[{"@type":"SearchAction","target":{"@type":"EntryPoint","urlTemplate":"https:\/\/kingskaffee.com\/?s={search_term_string}"},"query-input":{"@type":"PropertyValueSpecification","valueRequired":true,"valueName":"search_term_string"}}],"inLanguage":"de"}]}},"_links":{"self":[{"href":"https:\/\/kingskaffee.com\/de\/wp-json\/wp\/v2\/product\/2204","targetHints":{"allow":["GET"]}}],"collection":[{"href":"https:\/\/kingskaffee.com\/de\/wp-json\/wp\/v2\/product"}],"about":[{"href":"https:\/\/kingskaffee.com\/de\/wp-json\/wp\/v2\/types\/product"}],"replies":[{"embeddable":true,"href":"https:\/\/kingskaffee.com\/de\/wp-json\/wp\/v2\/comments?post=2204"}],"version-history":[{"count":3,"href":"https:\/\/kingskaffee.com\/de\/wp-json\/wp\/v2\/product\/2204\/revisions"}],"predecessor-version":[{"id":2374,"href":"https:\/\/kingskaffee.com\/de\/wp-json\/wp\/v2\/product\/2204\/revisions\/2374"}],"wp:featuredmedia":[{"embeddable":true,"href":"https:\/\/kingskaffee.com\/de\/wp-json\/wp\/v2\/media\/1664"}],"wp:attachment":[{"href":"https:\/\/kingskaffee.com\/de\/wp-json\/wp\/v2\/media?parent=2204"}],"wp:term":[{"taxonomy":"product_brand","embeddable":true,"href":"https:\/\/kingskaffee.com\/de\/wp-json\/wp\/v2\/product_brand?post=2204"},{"taxonomy":"product_cat","embeddable":true,"href":"https:\/\/kingskaffee.com\/de\/wp-json\/wp\/v2\/product_cat?post=2204"},{"taxonomy":"product_tag","embeddable":true,"href":"https:\/\/kingskaffee.com\/de\/wp-json\/wp\/v2\/product_tag?post=2204"}],"curies":[{"name":"wp","href":"https:\/\/api.w.org\/{rel}","templated":true}]}}