{"id":2207,"date":"2025-05-18T20:18:46","date_gmt":"2025-05-18T16:48:46","guid":{"rendered":"https:\/\/kingskaffee.com\/product\/kings-kaffee-gold-premium\/"},"modified":"2025-05-29T10:51:34","modified_gmt":"2025-05-29T07:21:34","slug":"gold-premium","status":"publish","type":"product","link":"https:\/\/kingskaffee.com\/de\/produkt\/gold-premium\/","title":{"rendered":"Gold Premium"},"content":{"rendered":"\t\t<div data-elementor-type=\"product-post\" data-elementor-id=\"2207\" class=\"elementor elementor-2207 elementor-1973\" data-elementor-post-type=\"product\">\n\t\t\t\t<div class=\"wd-negative-gap elementor-element elementor-element-57e31563 e-flex e-con-boxed e-con e-parent\" data-id=\"57e31563\" data-element_type=\"container\">\n\t\t\t\t\t<div class=\"e-con-inner\">\n\t\t<div class=\"elementor-element elementor-element-3798761 e-con-full e-flex e-con e-child\" data-id=\"3798761\" data-element_type=\"container\">\n\t\t\t\t<div class=\"elementor-element elementor-element-a5a6693 elementor-widget elementor-widget-wd_text_block\" data-id=\"a5a6693\" data-element_type=\"widget\" data-widget_type=\"wd_text_block.default\">\n\t\t\t\t<div class=\"elementor-widget-container\">\n\t\t\t\t\t\t\t<div class=\"wd-text-block reset-last-child text-left\">\n\t\t\t\n\t\t\t<p><strong>Verpackungsinhalt<\/strong><br>\u2022 50g Glas oder 100g Glas<\/p><p><strong>100 %<\/strong> gefriergetrockneter Kaffee.<br>K\u00fchl und trocken lagern.<\/p><p><strong>Zubereitung<\/strong><br>Ein bis zwei Teel\u00f6ffel Kaffee in eine Tasse geben, mit hei\u00dfem Wasser aufgie\u00dfen, umr\u00fchren und genie\u00dfen.<\/p>\n\t\t\t\t\t<\/div>\n\t\t\t\t\t\t<\/div>\n\t\t\t\t<\/div>\n\t\t\t\t<\/div>\n\t\t\t\t\t<\/div>\n\t\t\t\t<\/div>\n\t\t\t\t<\/div>\n\t\t","protected":false},"excerpt":{"rendered":"<p>Erleben Sie den reichen und edlen Geschmack von <strong>King\u2019s Kaffee Gold Premium<\/strong> \u2013 ein hochwertiger Instantkaffee, hergestellt aus sorgf\u00e4ltig ausgew\u00e4hlten, besten Kaffeebohnen. Mit gro\u00dfer Sorgfalt verarbeitet, bietet er ein ausgewogenes Aroma und einen vollmundigen Geschmack.<\/p>\n<p>Ideal f\u00fcr alle, die Qualit\u00e4t und Komfort gleicherma\u00dfen sch\u00e4tzen: Mit King\u2019s Kaffee Gold Premium genie\u00dfen Sie in Sekundenschnelle eine k\u00f6stliche Tasse Kaffee \u2013 ob zu Hause, im B\u00fcro oder unterwegs. Einfach mit hei\u00dfem Wasser aufgie\u00dfen, umr\u00fchren und genie\u00dfen!<\/p>\n<p><strong>Highlights<\/strong><\/p>\n<ul>\n<li>\u2022 Premium-Instantkaffee mit sanftem, ausgewogenem Aroma<\/li>\n<li>\u2022 Ideal f\u00fcr jede Gelegenheit \u2013 schnell und einfach zubereitet<\/li>\n<li>\u2022 Vollmundiger Geschmack mit feinen R\u00f6staromen<\/li>\n<li>\u2022 M\u00fchelose Zubereitung \u2013 einfach hei\u00dfes Wasser hinzuf\u00fcgen<\/li>\n<li>\u2022 Praktisch und vielseitig \u2013 perfekt f\u00fcr hektische Morgen, Reisen oder B\u00fcro-Pausen<\/li>\n<\/ul>\n","protected":false},"featured_media":1642,"comment_status":"open","ping_status":"closed","template":"","meta":[],"product_brand":[],"product_cat":[55],"product_tag":[],"class_list":{"0":"post-2207","1":"product","2":"type-product","3":"status-publish","4":"has-post-thumbnail","6":"product_cat-loslicher-kaffee","8":"first","9":"instock","10":"shipping-taxable","11":"product-type-simple"},"yoast_head":"<!-- This site is optimized with the Yoast SEO plugin v26.4 - https:\/\/yoast.com\/wordpress\/plugins\/seo\/ -->\n<title>Gold Premium - Kings DE<\/title>\n<meta name=\"robots\" content=\"index, follow, max-snippet:-1, max-image-preview:large, max-video-preview:-1\" \/>\n<link rel=\"canonical\" href=\"https:\/\/kingskaffee.com\/de\/produkt\/gold-premium\/\" \/>\n<meta property=\"og:locale\" content=\"de_DE\" \/>\n<meta property=\"og:type\" content=\"article\" \/>\n<meta property=\"og:title\" content=\"Gold Premium - Kings DE\" \/>\n<meta property=\"og:description\" content=\"Erleben Sie den reichen und edlen Geschmack von King\u2019s Kaffee Gold Premium \u2013 ein hochwertiger Instantkaffee, hergestellt aus sorgf\u00e4ltig ausgew\u00e4hlten, besten Kaffeebohnen. Mit gro\u00dfer Sorgfalt verarbeitet, bietet er ein ausgewogenes Aroma und einen vollmundigen Geschmack.  Ideal f\u00fcr alle, die Qualit\u00e4t und Komfort gleicherma\u00dfen sch\u00e4tzen: Mit King\u2019s Kaffee Gold Premium genie\u00dfen Sie in Sekundenschnelle eine k\u00f6stliche Tasse Kaffee \u2013 ob zu Hause, im B\u00fcro oder unterwegs. Einfach mit hei\u00dfem Wasser aufgie\u00dfen, umr\u00fchren und genie\u00dfen!  Highlights   \u2022 Premium-Instantkaffee mit sanftem, ausgewogenem Aroma  \u2022 Ideal f\u00fcr jede Gelegenheit \u2013 schnell und einfach zubereitet  \u2022 Vollmundiger Geschmack mit feinen R\u00f6staromen  \u2022 M\u00fchelose Zubereitung \u2013 einfach hei\u00dfes Wasser hinzuf\u00fcgen  \u2022 Praktisch und vielseitig \u2013 perfekt f\u00fcr hektische Morgen, Reisen oder B\u00fcro-Pausen\" \/>\n<meta property=\"og:url\" content=\"https:\/\/kingskaffee.com\/de\/produkt\/gold-premium\/\" \/>\n<meta property=\"og:site_name\" content=\"Kings DE\" \/>\n<meta property=\"article:modified_time\" content=\"2025-05-29T07:21:34+00:00\" \/>\n<meta property=\"og:image\" content=\"https:\/\/kingskaffee.com\/wp-content\/uploads\/2025\/04\/frame_704.webp\" \/>\n\t<meta property=\"og:image:width\" content=\"500\" \/>\n\t<meta property=\"og:image:height\" content=\"500\" \/>\n\t<meta property=\"og:image:type\" content=\"image\/webp\" \/>\n<meta name=\"twitter:card\" content=\"summary_large_image\" \/>\n<script type=\"application\/ld+json\" class=\"yoast-schema-graph\">{\"@context\":\"https:\/\/schema.org\",\"@graph\":[{\"@type\":\"WebPage\",\"@id\":\"https:\/\/kingskaffee.com\/de\/produkt\/gold-premium\/\",\"url\":\"https:\/\/kingskaffee.com\/de\/produkt\/gold-premium\/\",\"name\":\"Gold Premium - Kings DE\",\"isPartOf\":{\"@id\":\"https:\/\/kingskaffee.com\/#website\"},\"primaryImageOfPage\":{\"@id\":\"https:\/\/kingskaffee.com\/de\/produkt\/gold-premium\/#primaryimage\"},\"image\":{\"@id\":\"https:\/\/kingskaffee.com\/de\/produkt\/gold-premium\/#primaryimage\"},\"thumbnailUrl\":\"https:\/\/kingskaffee.com\/wp-content\/uploads\/2025\/04\/frame_704.webp\",\"datePublished\":\"2025-05-18T16:48:46+00:00\",\"dateModified\":\"2025-05-29T07:21:34+00:00\",\"breadcrumb\":{\"@id\":\"https:\/\/kingskaffee.com\/de\/produkt\/gold-premium\/#breadcrumb\"},\"inLanguage\":\"de\",\"potentialAction\":[{\"@type\":\"ReadAction\",\"target\":[\"https:\/\/kingskaffee.com\/de\/produkt\/gold-premium\/\"]}]},{\"@type\":\"ImageObject\",\"inLanguage\":\"de\",\"@id\":\"https:\/\/kingskaffee.com\/de\/produkt\/gold-premium\/#primaryimage\",\"url\":\"https:\/\/kingskaffee.com\/wp-content\/uploads\/2025\/04\/frame_704.webp\",\"contentUrl\":\"https:\/\/kingskaffee.com\/wp-content\/uploads\/2025\/04\/frame_704.webp\",\"width\":500,\"height\":500},{\"@type\":\"BreadcrumbList\",\"@id\":\"https:\/\/kingskaffee.com\/de\/produkt\/gold-premium\/#breadcrumb\",\"itemListElement\":[{\"@type\":\"ListItem\",\"position\":1,\"name\":\"Home\",\"item\":\"https:\/\/kingskaffee.com\/de\/\"},{\"@type\":\"ListItem\",\"position\":2,\"name\":\"Products\",\"item\":\"https:\/\/kingskaffee.com\/shop\/\"},{\"@type\":\"ListItem\",\"position\":3,\"name\":\"Gold Premium\"}]},{\"@type\":\"WebSite\",\"@id\":\"https:\/\/kingskaffee.com\/#website\",\"url\":\"https:\/\/kingskaffee.com\/\",\"name\":\"Kings DE\",\"description\":\"\",\"potentialAction\":[{\"@type\":\"SearchAction\",\"target\":{\"@type\":\"EntryPoint\",\"urlTemplate\":\"https:\/\/kingskaffee.com\/?s={search_term_string}\"},\"query-input\":{\"@type\":\"PropertyValueSpecification\",\"valueRequired\":true,\"valueName\":\"search_term_string\"}}],\"inLanguage\":\"de\"}]}<\/script>\n<!-- \/ Yoast SEO plugin. -->","yoast_head_json":{"title":"Gold Premium - Kings DE","robots":{"index":"index","follow":"follow","max-snippet":"max-snippet:-1","max-image-preview":"max-image-preview:large","max-video-preview":"max-video-preview:-1"},"canonical":"https:\/\/kingskaffee.com\/de\/produkt\/gold-premium\/","og_locale":"de_DE","og_type":"article","og_title":"Gold Premium - Kings DE","og_description":"Erleben Sie den reichen und edlen Geschmack von King\u2019s Kaffee Gold Premium \u2013 ein hochwertiger Instantkaffee, hergestellt aus sorgf\u00e4ltig ausgew\u00e4hlten, besten Kaffeebohnen. Mit gro\u00dfer Sorgfalt verarbeitet, bietet er ein ausgewogenes Aroma und einen vollmundigen Geschmack.  Ideal f\u00fcr alle, die Qualit\u00e4t und Komfort gleicherma\u00dfen sch\u00e4tzen: Mit King\u2019s Kaffee Gold Premium genie\u00dfen Sie in Sekundenschnelle eine k\u00f6stliche Tasse Kaffee \u2013 ob zu Hause, im B\u00fcro oder unterwegs. Einfach mit hei\u00dfem Wasser aufgie\u00dfen, umr\u00fchren und genie\u00dfen!  Highlights   \u2022 Premium-Instantkaffee mit sanftem, ausgewogenem Aroma  \u2022 Ideal f\u00fcr jede Gelegenheit \u2013 schnell und einfach zubereitet  \u2022 Vollmundiger Geschmack mit feinen R\u00f6staromen  \u2022 M\u00fchelose Zubereitung \u2013 einfach hei\u00dfes Wasser hinzuf\u00fcgen  \u2022 Praktisch und vielseitig \u2013 perfekt f\u00fcr hektische Morgen, Reisen oder B\u00fcro-Pausen","og_url":"https:\/\/kingskaffee.com\/de\/produkt\/gold-premium\/","og_site_name":"Kings DE","article_modified_time":"2025-05-29T07:21:34+00:00","og_image":[{"width":500,"height":500,"url":"https:\/\/kingskaffee.com\/wp-content\/uploads\/2025\/04\/frame_704.webp","type":"image\/webp"}],"twitter_card":"summary_large_image","schema":{"@context":"https:\/\/schema.org","@graph":[{"@type":"WebPage","@id":"https:\/\/kingskaffee.com\/de\/produkt\/gold-premium\/","url":"https:\/\/kingskaffee.com\/de\/produkt\/gold-premium\/","name":"Gold Premium - Kings DE","isPartOf":{"@id":"https:\/\/kingskaffee.com\/#website"},"primaryImageOfPage":{"@id":"https:\/\/kingskaffee.com\/de\/produkt\/gold-premium\/#primaryimage"},"image":{"@id":"https:\/\/kingskaffee.com\/de\/produkt\/gold-premium\/#primaryimage"},"thumbnailUrl":"https:\/\/kingskaffee.com\/wp-content\/uploads\/2025\/04\/frame_704.webp","datePublished":"2025-05-18T16:48:46+00:00","dateModified":"2025-05-29T07:21:34+00:00","breadcrumb":{"@id":"https:\/\/kingskaffee.com\/de\/produkt\/gold-premium\/#breadcrumb"},"inLanguage":"de","potentialAction":[{"@type":"ReadAction","target":["https:\/\/kingskaffee.com\/de\/produkt\/gold-premium\/"]}]},{"@type":"ImageObject","inLanguage":"de","@id":"https:\/\/kingskaffee.com\/de\/produkt\/gold-premium\/#primaryimage","url":"https:\/\/kingskaffee.com\/wp-content\/uploads\/2025\/04\/frame_704.webp","contentUrl":"https:\/\/kingskaffee.com\/wp-content\/uploads\/2025\/04\/frame_704.webp","width":500,"height":500},{"@type":"BreadcrumbList","@id":"https:\/\/kingskaffee.com\/de\/produkt\/gold-premium\/#breadcrumb","itemListElement":[{"@type":"ListItem","position":1,"name":"Home","item":"https:\/\/kingskaffee.com\/de\/"},{"@type":"ListItem","position":2,"name":"Products","item":"https:\/\/kingskaffee.com\/shop\/"},{"@type":"ListItem","position":3,"name":"Gold Premium"}]},{"@type":"WebSite","@id":"https:\/\/kingskaffee.com\/#website","url":"https:\/\/kingskaffee.com\/","name":"Kings DE","description":"","potentialAction":[{"@type":"SearchAction","target":{"@type":"EntryPoint","urlTemplate":"https:\/\/kingskaffee.com\/?s={search_term_string}"},"query-input":{"@type":"PropertyValueSpecification","valueRequired":true,"valueName":"search_term_string"}}],"inLanguage":"de"}]}},"_links":{"self":[{"href":"https:\/\/kingskaffee.com\/de\/wp-json\/wp\/v2\/product\/2207","targetHints":{"allow":["GET"]}}],"collection":[{"href":"https:\/\/kingskaffee.com\/de\/wp-json\/wp\/v2\/product"}],"about":[{"href":"https:\/\/kingskaffee.com\/de\/wp-json\/wp\/v2\/types\/product"}],"replies":[{"embeddable":true,"href":"https:\/\/kingskaffee.com\/de\/wp-json\/wp\/v2\/comments?post=2207"}],"version-history":[{"count":2,"href":"https:\/\/kingskaffee.com\/de\/wp-json\/wp\/v2\/product\/2207\/revisions"}],"predecessor-version":[{"id":2373,"href":"https:\/\/kingskaffee.com\/de\/wp-json\/wp\/v2\/product\/2207\/revisions\/2373"}],"wp:featuredmedia":[{"embeddable":true,"href":"https:\/\/kingskaffee.com\/de\/wp-json\/wp\/v2\/media\/1642"}],"wp:attachment":[{"href":"https:\/\/kingskaffee.com\/de\/wp-json\/wp\/v2\/media?parent=2207"}],"wp:term":[{"taxonomy":"product_brand","embeddable":true,"href":"https:\/\/kingskaffee.com\/de\/wp-json\/wp\/v2\/product_brand?post=2207"},{"taxonomy":"product_cat","embeddable":true,"href":"https:\/\/kingskaffee.com\/de\/wp-json\/wp\/v2\/product_cat?post=2207"},{"taxonomy":"product_tag","embeddable":true,"href":"https:\/\/kingskaffee.com\/de\/wp-json\/wp\/v2\/product_tag?post=2207"}],"curies":[{"name":"wp","href":"https:\/\/api.w.org\/{rel}","templated":true}]}}