{"id":2209,"date":"2025-05-18T10:55:53","date_gmt":"2025-05-18T07:25:53","guid":{"rendered":"https:\/\/kingskaffee.com\/product\/cappuccino\/"},"modified":"2025-05-23T13:07:34","modified_gmt":"2025-05-23T09:37:34","slug":"cappuccino","status":"publish","type":"product","link":"https:\/\/kingskaffee.com\/de\/produkt\/cappuccino\/","title":{"rendered":"Cappuccino"},"content":{"rendered":"\t\t<div data-elementor-type=\"product-post\" data-elementor-id=\"2209\" class=\"elementor elementor-2209 elementor-1963\" data-elementor-post-type=\"product\">\n\t\t\t\t<div class=\"wd-negative-gap elementor-element elementor-element-57e31563 e-flex e-con-boxed e-con e-parent\" data-id=\"57e31563\" data-element_type=\"container\">\n\t\t\t\t\t<div class=\"e-con-inner\">\n\t\t<div class=\"elementor-element elementor-element-3798761 e-con-full e-flex e-con e-child\" data-id=\"3798761\" data-element_type=\"container\">\n\t\t\t\t<div class=\"elementor-element elementor-element-eaa00db elementor-widget elementor-widget-wd_text_block\" data-id=\"eaa00db\" data-element_type=\"widget\" data-widget_type=\"wd_text_block.default\">\n\t\t\t\t<div class=\"elementor-widget-container\">\n\t\t\t\t\t\t\t<div class=\"wd-text-block reset-last-child text-left\">\n\t\t\t\n\t\t\t<p>Instant-Cappuccino-Pulver mit l\u00f6slichem Kaffee, Kaffeewei\u00dfer und Zucker. K\u00fchl und trocken lagern, um die Frische zu bewahren. <\/p><p><strong>Inhalt:<\/strong><br>1 x Cappuccino-Dose \u00e0 400g<\/p><p><strong>Ingredients and Allergens<\/strong>\u201a<\/p><p>Ingredients: Sugar, glucose syrup, fully hydrogenated coconut fat, soluble coffee (11%), whey products (from milk), skimmed milk powder, milk sugar, stabilizer (E340), natural and artificial flavoring.<br>Allergens: Contains milk, skimmed milk powder, and milk sugar.<\/p><p><strong>N\u00e4hrwertangaben<\/strong><\/p>\n\t\t\t\t\t<\/div>\n\t\t\t\t\t\t<\/div>\n\t\t\t\t<\/div>\n\t\t\t\t<div class=\"elementor-element elementor-element-1c1c47b elementor-widget elementor-widget-wd_table\" data-id=\"1c1c47b\" data-element_type=\"widget\" data-widget_type=\"wd_table.default\">\n\t\t\t\t<div class=\"elementor-widget-container\">\n\t\t\t\t\t\t\t<div class=\"wd-el-table-wrap wd-reset-all-last\">\n\t\t\t<table class=\"wd-el-table\">\n\t\t\t\t\t\t\t\t\t<thead class=\"text-center\">\n\t\t\t\t\t\t\t\t\t\t\t\t\t\t\t\t\t\t\t\t\t\t\t\t\t\t\t\t\t\t<tr class=\"wd-table-row elementor-repeater-item-16f6886\">\n\t\t\t\t\t\t\t\t\t\t\t\t\t\t\t\t\t\t\t\t\t\t\t\t\t\t\t\t\t\t\t\t\t\t\t\t<th class=\"wd-table-cell elementor-repeater-item-a9cfa34\" colspan=\"1\" rowspan=\"1\">\n\t\t\t\t\t\t\t\t\t<p><strong>N\u00e4hrwert<\/strong><\/p>\t\t\t\t\t\t\t\t<\/th>\n\t\t\t\t\t\t\t\t\t\t\t\t\t\t\t\t\t\t\t\t\t\t\t\t\t\t\t\t<th class=\"wd-table-cell elementor-repeater-item-5ca27bc\" colspan=\"1\" rowspan=\"1\">\n\t\t\t\t\t\t\t\t\t<p><strong>Pro 100\u202fg<\/strong><\/p>\t\t\t\t\t\t\t\t<\/th>\n\t\t\t\t\t\t\t\t\t\t\t\t\t\t\t\t\t\t\t\t\t\t\t\t\t\t\t\t<th class=\"wd-table-cell elementor-repeater-item-10a143c\" colspan=\"1\" rowspan=\"1\">\n\t\t\t\t\t\t\t\t\t<p><strong>Pro Portion (18\u202fg)<\/strong><\/p>\t\t\t\t\t\t\t\t<\/th>\n\t\t\t\t\t\t\t\t\t\t\t\t\t\t\t\t\t\t\t\t\t\t\t\t\t\t\t\t<th class=\"wd-table-cell elementor-repeater-item-0eb99a8\" colspan=\"1\" rowspan=\"1\">\n\t\t\t\t\t\t\t\t\t<p><strong>%* pro Portion (18\u202fg)<\/strong><\/p>\t\t\t\t\t\t\t\t<\/th>\n\t\t\t\t\t\t\t\t\t\t\t\t\t\t\t\t\t\t\t<\/tr>\n\t\t\t\t\t<\/thead>\n\t\t\t\t\n\t\t\t\t<tbody class=\"text-center\">\n\t\t\t\t\t\t\t\t\t\t\t\t\t\t\t\t\t\t\t\t\t\t\t\t\t\t<tr class=\"wd-table-row elementor-repeater-item-005a503\">\n\t\t\t\t\t\t\t\t\t\t\t\t\t\t\t\t\t\t\t\t\t\t\t\t\t\t\t\t\t\t\t<td class=\"wd-table-cell elementor-repeater-item-91cdb73\" colspan=\"1\" rowspan=\"1\">\n\t\t\t\t\t\t\t<p>Energie (Kalorien)<\/p>\t\t\t\t\t\t\t<\/td>\n\t\t\t\t\t\t\t\t\t\t\t\t\t\t\t\t\t\t\t\t\t\t\t\t<td class=\"wd-table-cell elementor-repeater-item-fe989ed\" colspan=\"1\" rowspan=\"1\">\n\t\t\t\t\t\t\t<p>1730 kJ \/ 413.1 kcal<\/p>\t\t\t\t\t\t\t<\/td>\n\t\t\t\t\t\t\t\t\t\t\t\t\t\t\t\t\t\t\t\t\t\t\t\t<td class=\"wd-table-cell elementor-repeater-item-f7ef9b3\" colspan=\"1\" rowspan=\"1\">\n\t\t\t\t\t\t\t<p>173 kJ \/ 41 kcal<\/p>\t\t\t\t\t\t\t<\/td>\n\t\t\t\t\t\t\t\t\t\t\t\t\t\t\t\t\t\t\t\t\t\t\t\t<td class=\"wd-table-cell elementor-repeater-item-1751dc3\" colspan=\"1\" rowspan=\"1\">\n\t\t\t\t\t\t\t<p>2 %<\/p>\t\t\t\t\t\t\t<\/td>\n\t\t\t\t\t\t\t\t\t\t\t\t\t\t\t\t\t\t\t\t\t\t\t\t\t\t\t\t\t\t\t\t<\/tr>\n\t\t\t\t\t\t\t\t<tr class=\"wd-table-row elementor-repeater-item-71a312e\">\n\t\t\t\t\t\t\t\t\t\t\t\t\t\t\t\t\t\t\t\t\t\t\t\t\t\t\t\t\t\t\t<td class=\"wd-table-cell elementor-repeater-item-127fb64\" colspan=\"1\" rowspan=\"1\">\n\t\t\t\t\t\t\t<p>Fett<\/p>\t\t\t\t\t\t\t<\/td>\n\t\t\t\t\t\t\t\t\t\t\t\t\t\t\t\t\t\t\t\t\t\t\t\t<td class=\"wd-table-cell elementor-repeater-item-60cd940\" colspan=\"1\" rowspan=\"1\">\n\t\t\t\t\t\t\t<p>12 g<\/p>\t\t\t\t\t\t\t<\/td>\n\t\t\t\t\t\t\t\t\t\t\t\t\t\t\t\t\t\t\t\t\t\t\t\t<td class=\"wd-table-cell elementor-repeater-item-412fc06\" colspan=\"1\" rowspan=\"1\">\n\t\t\t\t\t\t\t<p>1.2 g<\/p>\t\t\t\t\t\t\t<\/td>\n\t\t\t\t\t\t\t\t\t\t\t\t\t\t\t\t\t\t\t\t\t\t\t\t<td class=\"wd-table-cell elementor-repeater-item-7dc9c6b\" colspan=\"1\" rowspan=\"1\">\n\t\t\t\t\t\t\t<p>2%<\/p>\t\t\t\t\t\t\t<\/td>\n\t\t\t\t\t\t\t\t\t\t\t\t\t\t\t\t\t\t\t\t\t\t\t\t\t\t\t\t\t\t\t\t<\/tr>\n\t\t\t\t\t\t\t\t<tr class=\"wd-table-row elementor-repeater-item-7ecd413\">\n\t\t\t\t\t\t\t\t\t\t\t\t\t\t\t\t\t\t\t\t\t\t\t\t\t\t\t\t\t\t\t<td class=\"wd-table-cell elementor-repeater-item-244f5e9\" colspan=\"1\" rowspan=\"1\">\n\t\t\t\t\t\t\t<p>\u2013 davon ges\u00e4ttigte Fetts\u00e4uren<\/p>\t\t\t\t\t\t\t<\/td>\n\t\t\t\t\t\t\t\t\t\t\t\t\t\t\t\t\t\t\t\t\t\t\t\t<td class=\"wd-table-cell elementor-repeater-item-efffa80\" colspan=\"1\" rowspan=\"1\">\n\t\t\t\t\t\t\t<p>11 g<\/p>\t\t\t\t\t\t\t<\/td>\n\t\t\t\t\t\t\t\t\t\t\t\t\t\t\t\t\t\t\t\t\t\t\t\t<td class=\"wd-table-cell elementor-repeater-item-a35c1fe\" colspan=\"1\" rowspan=\"1\">\n\t\t\t\t\t\t\t<p>1.1 g<\/p>\t\t\t\t\t\t\t<\/td>\n\t\t\t\t\t\t\t\t\t\t\t\t\t\t\t\t\t\t\t\t\t\t\t\t<td class=\"wd-table-cell elementor-repeater-item-e69edb5\" colspan=\"1\" rowspan=\"1\">\n\t\t\t\t\t\t\t<p>6%<\/p>\t\t\t\t\t\t\t<\/td>\n\t\t\t\t\t\t\t\t\t\t\t\t\t\t\t\t\t\t\t\t\t\t\t\t\t\t\t\t\t\t\t\t<\/tr>\n\t\t\t\t\t\t\t\t<tr class=\"wd-table-row elementor-repeater-item-54a7aed\">\n\t\t\t\t\t\t\t\t\t\t\t\t\t\t\t\t\t\t\t\t\t\t\t\t\t\t\t\t\t\t\t<td class=\"wd-table-cell elementor-repeater-item-bfbf8e3\" colspan=\"1\" rowspan=\"1\">\n\t\t\t\t\t\t\t<p>Kohlenhydrate<\/p>\t\t\t\t\t\t\t<\/td>\n\t\t\t\t\t\t\t\t\t\t\t\t\t\t\t\t\t\t\t\t\t\t\t\t<td class=\"wd-table-cell elementor-repeater-item-7caab8a\" colspan=\"1\" rowspan=\"1\">\n\t\t\t\t\t\t\t<p>72 g<\/p>\t\t\t\t\t\t\t<\/td>\n\t\t\t\t\t\t\t\t\t\t\t\t\t\t\t\t\t\t\t\t\t\t\t\t<td class=\"wd-table-cell elementor-repeater-item-4e1da68\" colspan=\"1\" rowspan=\"1\">\n\t\t\t\t\t\t\t<p>7.2 g<\/p>\t\t\t\t\t\t\t<\/td>\n\t\t\t\t\t\t\t\t\t\t\t\t\t\t\t\t\t\t\t\t\t\t\t\t<td class=\"wd-table-cell elementor-repeater-item-644b40a\" colspan=\"1\" rowspan=\"1\">\n\t\t\t\t\t\t\t<p>3%<\/p>\t\t\t\t\t\t\t<\/td>\n\t\t\t\t\t\t\t\t\t\t\t\t\t\t\t\t\t\t\t\t\t\t\t\t\t\t\t\t\t\t\t\t<\/tr>\n\t\t\t\t\t\t\t\t<tr class=\"wd-table-row elementor-repeater-item-5b26c2f\">\n\t\t\t\t\t\t\t\t\t\t\t\t\t\t\t\t\t\t\t\t\t\t\t\t\t\t\t\t\t\t\t<td class=\"wd-table-cell elementor-repeater-item-6a07365\" colspan=\"1\" rowspan=\"1\">\n\t\t\t\t\t\t\t<p>\u2013 davon Zucker<\/p>\t\t\t\t\t\t\t<\/td>\n\t\t\t\t\t\t\t\t\t\t\t\t\t\t\t\t\t\t\t\t\t\t\t\t<td class=\"wd-table-cell elementor-repeater-item-bd14a3c\" colspan=\"1\" rowspan=\"1\">\n\t\t\t\t\t\t\t<p>43 g<\/p>\t\t\t\t\t\t\t<\/td>\n\t\t\t\t\t\t\t\t\t\t\t\t\t\t\t\t\t\t\t\t\t\t\t\t<td class=\"wd-table-cell elementor-repeater-item-43f794e\" colspan=\"1\" rowspan=\"1\">\n\t\t\t\t\t\t\t<p>4.3 g<\/p>\t\t\t\t\t\t\t<\/td>\n\t\t\t\t\t\t\t\t\t\t\t\t\t\t\t\t\t\t\t\t\t\t\t\t<td class=\"wd-table-cell elementor-repeater-item-405c0a9\" colspan=\"1\" rowspan=\"1\">\n\t\t\t\t\t\t\t<p>5%<\/p>\t\t\t\t\t\t\t<\/td>\n\t\t\t\t\t\t\t\t\t\t\t\t\t\t\t\t\t\t\t\t\t\t\t\t\t\t\t\t\t\t\t\t<\/tr>\n\t\t\t\t\t\t\t\t<tr class=\"wd-table-row elementor-repeater-item-1365fca\">\n\t\t\t\t\t\t\t\t\t\t\t\t\t\t\t\t\t\t\t\t\t\t\t\t\t\t\t\t\t\t\t<td class=\"wd-table-cell elementor-repeater-item-b5c0b28\" colspan=\"1\" rowspan=\"1\">\n\t\t\t\t\t\t\t<p>Ballaststoffe<\/p>\t\t\t\t\t\t\t<\/td>\n\t\t\t\t\t\t\t\t\t\t\t\t\t\t\t\t\t\t\t\t\t\t\t\t<td class=\"wd-table-cell elementor-repeater-item-2cdc333\" colspan=\"1\" rowspan=\"1\">\n\t\t\t\t\t\t\t<p>0g<\/p>\t\t\t\t\t\t\t<\/td>\n\t\t\t\t\t\t\t\t\t\t\t\t\t\t\t\t\t\t\t\t\t\t\t\t<td class=\"wd-table-cell elementor-repeater-item-6b0eca0\" colspan=\"1\" rowspan=\"1\">\n\t\t\t\t\t\t\t<p>0g<\/p>\t\t\t\t\t\t\t<\/td>\n\t\t\t\t\t\t\t\t\t\t\t\t\t\t\t\t\t\t\t\t\t\t\t\t<td class=\"wd-table-cell elementor-repeater-item-dcda6af\" colspan=\"1\" rowspan=\"1\">\n\t\t\t\t\t\t\t<p>-<\/p>\t\t\t\t\t\t\t<\/td>\n\t\t\t\t\t\t\t\t\t\t\t\t\t\t\t\t\t\t\t\t\t\t\t\t\t\t\t\t\t\t\t\t<\/tr>\n\t\t\t\t\t\t\t\t<tr class=\"wd-table-row elementor-repeater-item-6eb9465\">\n\t\t\t\t\t\t\t\t\t\t\t\t\t\t\t\t\t\t\t\t\t\t\t\t\t\t\t\t\t\t\t<td class=\"wd-table-cell elementor-repeater-item-e3947b4\" colspan=\"1\" rowspan=\"1\">\n\t\t\t\t\t\t\t<p>Eiwei\u00df<\/p>\t\t\t\t\t\t\t<\/td>\n\t\t\t\t\t\t\t\t\t\t\t\t\t\t\t\t\t\t\t\t\t\t\t\t<td class=\"wd-table-cell elementor-repeater-item-0ea1304\" colspan=\"1\" rowspan=\"1\">\n\t\t\t\t\t\t\t<p>4.9 g<\/p>\t\t\t\t\t\t\t<\/td>\n\t\t\t\t\t\t\t\t\t\t\t\t\t\t\t\t\t\t\t\t\t\t\t\t<td class=\"wd-table-cell elementor-repeater-item-0b7403f\" colspan=\"1\" rowspan=\"1\">\n\t\t\t\t\t\t\t<p>0.5 g<\/p>\t\t\t\t\t\t\t<\/td>\n\t\t\t\t\t\t\t\t\t\t\t\t\t\t\t\t\t\t\t\t\t\t\t\t<td class=\"wd-table-cell elementor-repeater-item-7c65b77\" colspan=\"1\" rowspan=\"1\">\n\t\t\t\t\t\t\t<p>1%<\/p>\t\t\t\t\t\t\t<\/td>\n\t\t\t\t\t\t\t\t\t\t\t\t\t\t\t\t\t\t\t\t\t\t\t\t\t\t\t\t\t\t\t\t<\/tr>\n\t\t\t\t\t\t\t\t<tr class=\"wd-table-row elementor-repeater-item-3b9c629\">\n\t\t\t\t\t\t\t\t\t\t\t\t\t\t\t\t\t\t\t\t\t\t\t\t\t\t\t\t\t\t\t<td class=\"wd-table-cell elementor-repeater-item-db9a6f3\" colspan=\"1\" rowspan=\"1\">\n\t\t\t\t\t\t\t<p>Salz<\/p>\t\t\t\t\t\t\t<\/td>\n\t\t\t\t\t\t\t\t\t\t\t\t\t\t\t\t\t\t\t\t\t\t\t\t<td class=\"wd-table-cell elementor-repeater-item-ddab78a\" colspan=\"1\" rowspan=\"1\">\n\t\t\t\t\t\t\t<p>0.75 g<\/p>\t\t\t\t\t\t\t<\/td>\n\t\t\t\t\t\t\t\t\t\t\t\t\t\t\t\t\t\t\t\t\t\t\t\t<td class=\"wd-table-cell elementor-repeater-item-5ceaa0a\" colspan=\"1\" rowspan=\"1\">\n\t\t\t\t\t\t\t<p>0.08 g<\/p>\t\t\t\t\t\t\t<\/td>\n\t\t\t\t\t\t\t\t\t\t\t\t\t\t\t\t\t\t\t\t\t\t\t\t<td class=\"wd-table-cell elementor-repeater-item-d226126\" colspan=\"1\" rowspan=\"1\">\n\t\t\t\t\t\t\t<p>1%<\/p>\t\t\t\t\t\t\t<\/td>\n\t\t\t\t\t\t\t\t\t\t\t\t\t\t\t\t<\/tr>\n\t\t\t\t<\/tbody>\n\t\t\t<\/table>\n\t\t<\/div>\n\t\t\t\t\t\t<\/div>\n\t\t\t\t<\/div>\n\t\t\t\t<div class=\"elementor-element elementor-element-a5a6693 elementor-widget elementor-widget-wd_text_block\" data-id=\"a5a6693\" data-element_type=\"widget\" data-widget_type=\"wd_text_block.default\">\n\t\t\t\t<div class=\"elementor-widget-container\">\n\t\t\t\t\t\t\t<div class=\"wd-text-block reset-last-child text-left\">\n\t\t\t\n\t\t\t<p><strong>Zubereitung<\/strong><\/p><p>Geben Sie je nach Geschmack einige geh\u00e4ufte Teel\u00f6ffel King\u2019s Kaffee Cappuccino-Pulver in eine Tasse. Mit hei\u00dfem (nicht kochendem) Wasser aufgie\u00dfen, gut umr\u00fchren \u2013 und genie\u00dfen!<\/p>\n\t\t\t\t\t<\/div>\n\t\t\t\t\t\t<\/div>\n\t\t\t\t<\/div>\n\t\t\t\t<\/div>\n\t\t\t\t\t<\/div>\n\t\t\t\t<\/div>\n\t\t\t\t<\/div>\n\t\t","protected":false},"excerpt":{"rendered":"<p>Turn any moment into a truly special indulgence with <strong>King\u2019s Kaffee Cappuccino<\/strong>. Experience a heavenly taste with its fine creaminess, premium coffee flavor, and velvety foam. This delightful coffee specialty delivers an unmistakable aroma that awakens your senses and fuels your dreams.  <\/p>\n<p>Die Zubereitung von King\u2019s Kaffee Cappuccino ist genauso einfach wie befriedigend: Je nach Tassengr\u00f6\u00dfe geben Sie ein bis zwei geh\u00e4ufte Teel\u00f6ffel Cappuccino-Pulver in hei\u00dfes (nicht kochendes) Wasser, gut umr\u00fchren \u2013 und schon k\u00f6nnen Sie Ihren cremigen Kaffeegenuss genie\u00dfen.<\/p>\n<p><strong>Highlights<\/strong><\/p>\n<ul>\n<li>\u2022 Reichhaltiger, cremiger Geschmack \u2013 ideal f\u00fcr eine genussvolle Auszeit<\/li>\n<li>\u2022 Samtiger Milchschaum \u2013 ein Cappuccino zum L\u00f6ffeln und Genie\u00dfen<\/li>\n<li>\u2022 Schnelle &amp; einfache Zubereitung \u2013 nur mit hei\u00dfem Wasser aufgie\u00dfen und umr\u00fchren<\/li>\n<\/ul>\n","protected":false},"featured_media":1644,"comment_status":"open","ping_status":"closed","template":"","meta":[],"product_brand":[],"product_cat":[53],"product_tag":[],"class_list":{"0":"post-2209","1":"product","2":"type-product","3":"status-publish","4":"has-post-thumbnail","6":"product_cat-cappuccino-spezialitaeten","8":"first","9":"instock","10":"shipping-taxable","11":"product-type-simple"},"yoast_head":"<!-- This site is optimized with the Yoast SEO plugin v26.4 - https:\/\/yoast.com\/wordpress\/plugins\/seo\/ -->\n<title>Cappuccino - Kings DE<\/title>\n<meta name=\"robots\" content=\"index, follow, max-snippet:-1, max-image-preview:large, max-video-preview:-1\" \/>\n<link rel=\"canonical\" href=\"https:\/\/kingskaffee.com\/de\/produkt\/cappuccino\/\" \/>\n<meta property=\"og:locale\" content=\"de_DE\" \/>\n<meta property=\"og:type\" content=\"article\" \/>\n<meta property=\"og:title\" content=\"Cappuccino - Kings DE\" \/>\n<meta property=\"og:description\" content=\"Turn any moment into a truly special indulgence with King\u2019s Kaffee Cappuccino. Experience a heavenly taste with its fine creaminess, premium coffee flavor, and velvety foam. This delightful coffee specialty delivers an unmistakable aroma that awakens your senses and fuels your dreams.  Die Zubereitung von King\u2019s Kaffee Cappuccino ist genauso einfach wie befriedigend: Je nach Tassengr\u00f6\u00dfe geben Sie ein bis zwei geh\u00e4ufte Teel\u00f6ffel Cappuccino-Pulver in hei\u00dfes (nicht kochendes) Wasser, gut umr\u00fchren \u2013 und schon k\u00f6nnen Sie Ihren cremigen Kaffeegenuss genie\u00dfen. Highlights  \u2022 Reichhaltiger, cremiger Geschmack \u2013 ideal f\u00fcr eine genussvolle Auszeit  \u2022 Samtiger Milchschaum \u2013 ein Cappuccino zum L\u00f6ffeln und Genie\u00dfen  \u2022 Schnelle &amp; einfache Zubereitung \u2013 nur mit hei\u00dfem Wasser aufgie\u00dfen und umr\u00fchren\" \/>\n<meta property=\"og:url\" content=\"https:\/\/kingskaffee.com\/de\/produkt\/cappuccino\/\" \/>\n<meta property=\"og:site_name\" content=\"Kings DE\" \/>\n<meta property=\"article:modified_time\" content=\"2025-05-23T09:37:34+00:00\" \/>\n<meta property=\"og:image\" content=\"https:\/\/kingskaffee.com\/wp-content\/uploads\/2025\/04\/frame_701-2.webp\" \/>\n\t<meta property=\"og:image:width\" content=\"500\" \/>\n\t<meta property=\"og:image:height\" content=\"500\" \/>\n\t<meta property=\"og:image:type\" content=\"image\/webp\" \/>\n<meta name=\"twitter:card\" content=\"summary_large_image\" \/>\n<meta name=\"twitter:label1\" content=\"Gesch\u00e4tzte Lesezeit\" \/>\n\t<meta name=\"twitter:data1\" content=\"1\u00a0Minute\" \/>\n<script type=\"application\/ld+json\" class=\"yoast-schema-graph\">{\"@context\":\"https:\/\/schema.org\",\"@graph\":[{\"@type\":\"WebPage\",\"@id\":\"https:\/\/kingskaffee.com\/de\/produkt\/cappuccino\/\",\"url\":\"https:\/\/kingskaffee.com\/de\/produkt\/cappuccino\/\",\"name\":\"Cappuccino - Kings DE\",\"isPartOf\":{\"@id\":\"https:\/\/kingskaffee.com\/#website\"},\"primaryImageOfPage\":{\"@id\":\"https:\/\/kingskaffee.com\/de\/produkt\/cappuccino\/#primaryimage\"},\"image\":{\"@id\":\"https:\/\/kingskaffee.com\/de\/produkt\/cappuccino\/#primaryimage\"},\"thumbnailUrl\":\"https:\/\/kingskaffee.com\/wp-content\/uploads\/2025\/04\/frame_701-2.webp\",\"datePublished\":\"2025-05-18T07:25:53+00:00\",\"dateModified\":\"2025-05-23T09:37:34+00:00\",\"breadcrumb\":{\"@id\":\"https:\/\/kingskaffee.com\/de\/produkt\/cappuccino\/#breadcrumb\"},\"inLanguage\":\"de\",\"potentialAction\":[{\"@type\":\"ReadAction\",\"target\":[\"https:\/\/kingskaffee.com\/de\/produkt\/cappuccino\/\"]}]},{\"@type\":\"ImageObject\",\"inLanguage\":\"de\",\"@id\":\"https:\/\/kingskaffee.com\/de\/produkt\/cappuccino\/#primaryimage\",\"url\":\"https:\/\/kingskaffee.com\/wp-content\/uploads\/2025\/04\/frame_701-2.webp\",\"contentUrl\":\"https:\/\/kingskaffee.com\/wp-content\/uploads\/2025\/04\/frame_701-2.webp\",\"width\":500,\"height\":500},{\"@type\":\"BreadcrumbList\",\"@id\":\"https:\/\/kingskaffee.com\/de\/produkt\/cappuccino\/#breadcrumb\",\"itemListElement\":[{\"@type\":\"ListItem\",\"position\":1,\"name\":\"Home\",\"item\":\"https:\/\/kingskaffee.com\/de\/\"},{\"@type\":\"ListItem\",\"position\":2,\"name\":\"Products\",\"item\":\"https:\/\/kingskaffee.com\/shop\/\"},{\"@type\":\"ListItem\",\"position\":3,\"name\":\"Cappuccino\"}]},{\"@type\":\"WebSite\",\"@id\":\"https:\/\/kingskaffee.com\/#website\",\"url\":\"https:\/\/kingskaffee.com\/\",\"name\":\"Kings DE\",\"description\":\"\",\"potentialAction\":[{\"@type\":\"SearchAction\",\"target\":{\"@type\":\"EntryPoint\",\"urlTemplate\":\"https:\/\/kingskaffee.com\/?s={search_term_string}\"},\"query-input\":{\"@type\":\"PropertyValueSpecification\",\"valueRequired\":true,\"valueName\":\"search_term_string\"}}],\"inLanguage\":\"de\"}]}<\/script>\n<!-- \/ Yoast SEO plugin. -->","yoast_head_json":{"title":"Cappuccino - Kings DE","robots":{"index":"index","follow":"follow","max-snippet":"max-snippet:-1","max-image-preview":"max-image-preview:large","max-video-preview":"max-video-preview:-1"},"canonical":"https:\/\/kingskaffee.com\/de\/produkt\/cappuccino\/","og_locale":"de_DE","og_type":"article","og_title":"Cappuccino - Kings DE","og_description":"Turn any moment into a truly special indulgence with King\u2019s Kaffee Cappuccino. Experience a heavenly taste with its fine creaminess, premium coffee flavor, and velvety foam. This delightful coffee specialty delivers an unmistakable aroma that awakens your senses and fuels your dreams.  Die Zubereitung von King\u2019s Kaffee Cappuccino ist genauso einfach wie befriedigend: Je nach Tassengr\u00f6\u00dfe geben Sie ein bis zwei geh\u00e4ufte Teel\u00f6ffel Cappuccino-Pulver in hei\u00dfes (nicht kochendes) Wasser, gut umr\u00fchren \u2013 und schon k\u00f6nnen Sie Ihren cremigen Kaffeegenuss genie\u00dfen. Highlights  \u2022 Reichhaltiger, cremiger Geschmack \u2013 ideal f\u00fcr eine genussvolle Auszeit  \u2022 Samtiger Milchschaum \u2013 ein Cappuccino zum L\u00f6ffeln und Genie\u00dfen  \u2022 Schnelle &amp; einfache Zubereitung \u2013 nur mit hei\u00dfem Wasser aufgie\u00dfen und umr\u00fchren","og_url":"https:\/\/kingskaffee.com\/de\/produkt\/cappuccino\/","og_site_name":"Kings DE","article_modified_time":"2025-05-23T09:37:34+00:00","og_image":[{"width":500,"height":500,"url":"https:\/\/kingskaffee.com\/wp-content\/uploads\/2025\/04\/frame_701-2.webp","type":"image\/webp"}],"twitter_card":"summary_large_image","twitter_misc":{"Gesch\u00e4tzte Lesezeit":"1\u00a0Minute"},"schema":{"@context":"https:\/\/schema.org","@graph":[{"@type":"WebPage","@id":"https:\/\/kingskaffee.com\/de\/produkt\/cappuccino\/","url":"https:\/\/kingskaffee.com\/de\/produkt\/cappuccino\/","name":"Cappuccino - Kings DE","isPartOf":{"@id":"https:\/\/kingskaffee.com\/#website"},"primaryImageOfPage":{"@id":"https:\/\/kingskaffee.com\/de\/produkt\/cappuccino\/#primaryimage"},"image":{"@id":"https:\/\/kingskaffee.com\/de\/produkt\/cappuccino\/#primaryimage"},"thumbnailUrl":"https:\/\/kingskaffee.com\/wp-content\/uploads\/2025\/04\/frame_701-2.webp","datePublished":"2025-05-18T07:25:53+00:00","dateModified":"2025-05-23T09:37:34+00:00","breadcrumb":{"@id":"https:\/\/kingskaffee.com\/de\/produkt\/cappuccino\/#breadcrumb"},"inLanguage":"de","potentialAction":[{"@type":"ReadAction","target":["https:\/\/kingskaffee.com\/de\/produkt\/cappuccino\/"]}]},{"@type":"ImageObject","inLanguage":"de","@id":"https:\/\/kingskaffee.com\/de\/produkt\/cappuccino\/#primaryimage","url":"https:\/\/kingskaffee.com\/wp-content\/uploads\/2025\/04\/frame_701-2.webp","contentUrl":"https:\/\/kingskaffee.com\/wp-content\/uploads\/2025\/04\/frame_701-2.webp","width":500,"height":500},{"@type":"BreadcrumbList","@id":"https:\/\/kingskaffee.com\/de\/produkt\/cappuccino\/#breadcrumb","itemListElement":[{"@type":"ListItem","position":1,"name":"Home","item":"https:\/\/kingskaffee.com\/de\/"},{"@type":"ListItem","position":2,"name":"Products","item":"https:\/\/kingskaffee.com\/shop\/"},{"@type":"ListItem","position":3,"name":"Cappuccino"}]},{"@type":"WebSite","@id":"https:\/\/kingskaffee.com\/#website","url":"https:\/\/kingskaffee.com\/","name":"Kings DE","description":"","potentialAction":[{"@type":"SearchAction","target":{"@type":"EntryPoint","urlTemplate":"https:\/\/kingskaffee.com\/?s={search_term_string}"},"query-input":{"@type":"PropertyValueSpecification","valueRequired":true,"valueName":"search_term_string"}}],"inLanguage":"de"}]}},"_links":{"self":[{"href":"https:\/\/kingskaffee.com\/de\/wp-json\/wp\/v2\/product\/2209","targetHints":{"allow":["GET"]}}],"collection":[{"href":"https:\/\/kingskaffee.com\/de\/wp-json\/wp\/v2\/product"}],"about":[{"href":"https:\/\/kingskaffee.com\/de\/wp-json\/wp\/v2\/types\/product"}],"replies":[{"embeddable":true,"href":"https:\/\/kingskaffee.com\/de\/wp-json\/wp\/v2\/comments?post=2209"}],"version-history":[{"count":1,"href":"https:\/\/kingskaffee.com\/de\/wp-json\/wp\/v2\/product\/2209\/revisions"}],"predecessor-version":[{"id":2210,"href":"https:\/\/kingskaffee.com\/de\/wp-json\/wp\/v2\/product\/2209\/revisions\/2210"}],"wp:featuredmedia":[{"embeddable":true,"href":"https:\/\/kingskaffee.com\/de\/wp-json\/wp\/v2\/media\/1644"}],"wp:attachment":[{"href":"https:\/\/kingskaffee.com\/de\/wp-json\/wp\/v2\/media?parent=2209"}],"wp:term":[{"taxonomy":"product_brand","embeddable":true,"href":"https:\/\/kingskaffee.com\/de\/wp-json\/wp\/v2\/product_brand?post=2209"},{"taxonomy":"product_cat","embeddable":true,"href":"https:\/\/kingskaffee.com\/de\/wp-json\/wp\/v2\/product_cat?post=2209"},{"taxonomy":"product_tag","embeddable":true,"href":"https:\/\/kingskaffee.com\/de\/wp-json\/wp\/v2\/product_tag?post=2209"}],"curies":[{"name":"wp","href":"https:\/\/api.w.org\/{rel}","templated":true}]}}