{"id":2211,"date":"2025-03-21T08:21:56","date_gmt":"2025-03-21T04:51:56","guid":{"rendered":"https:\/\/kingskaffee.com\/product\/3-in1-premium\/"},"modified":"2025-05-23T13:10:48","modified_gmt":"2025-05-23T09:40:48","slug":"3-in1-premium","status":"publish","type":"product","link":"https:\/\/kingskaffee.com\/de\/produkt\/3-in1-premium\/","title":{"rendered":"3 in1 Premium"},"content":{"rendered":"\t\t<div data-elementor-type=\"product-post\" data-elementor-id=\"2211\" class=\"elementor elementor-2211 elementor-652\" data-elementor-post-type=\"product\">\n\t\t\t\t<div class=\"wd-negative-gap elementor-element elementor-element-e6011d7 e-flex e-con-boxed e-con e-parent\" data-id=\"e6011d7\" data-element_type=\"container\">\n\t\t\t\t\t<div class=\"e-con-inner\">\n\t\t\t\t<div class=\"elementor-element elementor-element-c429aea elementor-widget elementor-widget-wd_text_block\" data-id=\"c429aea\" data-element_type=\"widget\" data-widget_type=\"wd_text_block.default\">\n\t\t\t\t<div class=\"elementor-widget-container\">\n\t\t\t\t\t\t\t<div class=\"wd-text-block reset-last-child text-left\">\n\t\t\t\n\t\t\t<p><strong>Zutaten:<\/strong><br>Zucker (54 %), Glukosesirup, vollst\u00e4ndig geh\u00e4rtetes Kokosfett, l\u00f6slicher Kaffee (8 %), Stabilisatoren (E340, E452), Milcheiwei\u00df, Emulgatoren (E471, E481), Rieselhilfe (E551).<span style=\"font-size: 14px;\"><\/span><\/p>\n\t\t\t\t\t<\/div>\n\t\t\t\t\t\t<\/div>\n\t\t\t\t<\/div>\n\t\t\t\t<div class=\"elementor-element elementor-element-9f9c127 elementor-widget elementor-widget-wd_table\" data-id=\"9f9c127\" data-element_type=\"widget\" data-widget_type=\"wd_table.default\">\n\t\t\t\t<div class=\"elementor-widget-container\">\n\t\t\t\t\t\t\t<div class=\"wd-el-table-wrap wd-reset-all-last\">\n\t\t\t<table class=\"wd-el-table\">\n\t\t\t\t\t\t\t\t\t<thead class=\"text-center\">\n\t\t\t\t\t\t\t\t\t\t\t\t\t\t\t\t\t\t\t\t\t\t\t\t\t\t\t\t\t\t<tr class=\"wd-table-row elementor-repeater-item-16f6886\">\n\t\t\t\t\t\t\t\t\t\t\t\t\t\t\t\t\t\t\t\t\t\t\t\t\t\t\t\t\t\t\t\t\t\t\t\t<th class=\"wd-table-cell elementor-repeater-item-a9cfa34\" colspan=\"1\" rowspan=\"1\">\n\t\t\t\t\t\t\t\t\t<p><strong>N\u00e4hrwert<\/strong><\/p>\t\t\t\t\t\t\t\t<\/th>\n\t\t\t\t\t\t\t\t\t\t\t\t\t\t\t\t\t\t\t\t\t\t\t\t\t\t\t\t<th class=\"wd-table-cell elementor-repeater-item-5ca27bc\" colspan=\"1\" rowspan=\"1\">\n\t\t\t\t\t\t\t\t\t<p><strong>Pro 100\u202fg<\/strong><\/p>\t\t\t\t\t\t\t\t<\/th>\n\t\t\t\t\t\t\t\t\t\t\t\t\t\t\t\t\t\t\t\t\t\t\t\t\t\t\t\t<th class=\"wd-table-cell elementor-repeater-item-10a143c\" colspan=\"1\" rowspan=\"1\">\n\t\t\t\t\t\t\t\t\t<p><strong>Pro Portion (18\u202fg)<\/strong><\/p>\t\t\t\t\t\t\t\t<\/th>\n\t\t\t\t\t\t\t\t\t\t\t\t\t\t\t\t\t\t\t\t\t\t\t\t\t\t\t\t<th class=\"wd-table-cell elementor-repeater-item-0eb99a8\" colspan=\"1\" rowspan=\"1\">\n\t\t\t\t\t\t\t\t\t<p><strong>%* pro Portion (18\u202fg)<\/strong><\/p>\t\t\t\t\t\t\t\t<\/th>\n\t\t\t\t\t\t\t\t\t\t\t\t\t\t\t\t\t\t\t<\/tr>\n\t\t\t\t\t<\/thead>\n\t\t\t\t\n\t\t\t\t<tbody class=\"text-center\">\n\t\t\t\t\t\t\t\t\t\t\t\t\t\t\t\t\t\t\t\t\t\t\t\t\t\t<tr class=\"wd-table-row elementor-repeater-item-005a503\">\n\t\t\t\t\t\t\t\t\t\t\t\t\t\t\t\t\t\t\t\t\t\t\t\t\t\t\t\t\t\t\t<td class=\"wd-table-cell elementor-repeater-item-91cdb73\" colspan=\"1\" rowspan=\"1\">\n\t\t\t\t\t\t\t<p>Energie (Kalorien)<\/p>\t\t\t\t\t\t\t<\/td>\n\t\t\t\t\t\t\t\t\t\t\t\t\t\t\t\t\t\t\t\t\t\t\t\t<td class=\"wd-table-cell elementor-repeater-item-fe989ed\" colspan=\"1\" rowspan=\"1\">\n\t\t\t\t\t\t\t<p>1815 kJ \/ 430 kcal<\/p>\t\t\t\t\t\t\t<\/td>\n\t\t\t\t\t\t\t\t\t\t\t\t\t\t\t\t\t\t\t\t\t\t\t\t<td class=\"wd-table-cell elementor-repeater-item-f7ef9b3\" colspan=\"1\" rowspan=\"1\">\n\t\t\t\t\t\t\t<p>330 kJ \/ 78 kcal<\/p>\t\t\t\t\t\t\t<\/td>\n\t\t\t\t\t\t\t\t\t\t\t\t\t\t\t\t\t\t\t\t\t\t\t\t<td class=\"wd-table-cell elementor-repeater-item-1751dc3\" colspan=\"1\" rowspan=\"1\">\n\t\t\t\t\t\t\t<p>4%<\/p>\t\t\t\t\t\t\t<\/td>\n\t\t\t\t\t\t\t\t\t\t\t\t\t\t\t\t\t\t\t\t\t\t\t\t\t\t\t\t\t\t\t\t<\/tr>\n\t\t\t\t\t\t\t\t<tr class=\"wd-table-row elementor-repeater-item-71a312e\">\n\t\t\t\t\t\t\t\t\t\t\t\t\t\t\t\t\t\t\t\t\t\t\t\t\t\t\t\t\t\t\t<td class=\"wd-table-cell elementor-repeater-item-127fb64\" colspan=\"1\" rowspan=\"1\">\n\t\t\t\t\t\t\t<p>Fett<\/p>\t\t\t\t\t\t\t<\/td>\n\t\t\t\t\t\t\t\t\t\t\t\t\t\t\t\t\t\t\t\t\t\t\t\t<td class=\"wd-table-cell elementor-repeater-item-60cd940\" colspan=\"1\" rowspan=\"1\">\n\t\t\t\t\t\t\t<p>10g<\/p>\t\t\t\t\t\t\t<\/td>\n\t\t\t\t\t\t\t\t\t\t\t\t\t\t\t\t\t\t\t\t\t\t\t\t<td class=\"wd-table-cell elementor-repeater-item-412fc06\" colspan=\"1\" rowspan=\"1\">\n\t\t\t\t\t\t\t<p>1.9g<\/p>\t\t\t\t\t\t\t<\/td>\n\t\t\t\t\t\t\t\t\t\t\t\t\t\t\t\t\t\t\t\t\t\t\t\t<td class=\"wd-table-cell elementor-repeater-item-7dc9c6b\" colspan=\"1\" rowspan=\"1\">\n\t\t\t\t\t\t\t<p>3%<\/p>\t\t\t\t\t\t\t<\/td>\n\t\t\t\t\t\t\t\t\t\t\t\t\t\t\t\t\t\t\t\t\t\t\t\t\t\t\t\t\t\t\t\t<\/tr>\n\t\t\t\t\t\t\t\t<tr class=\"wd-table-row elementor-repeater-item-7ecd413\">\n\t\t\t\t\t\t\t\t\t\t\t\t\t\t\t\t\t\t\t\t\t\t\t\t\t\t\t\t\t\t\t<td class=\"wd-table-cell elementor-repeater-item-244f5e9\" colspan=\"1\" rowspan=\"1\">\n\t\t\t\t\t\t\t<p>\u2013 davon ges\u00e4ttigte Fetts\u00e4uren<\/p>\t\t\t\t\t\t\t<\/td>\n\t\t\t\t\t\t\t\t\t\t\t\t\t\t\t\t\t\t\t\t\t\t\t\t<td class=\"wd-table-cell elementor-repeater-item-efffa80\" colspan=\"1\" rowspan=\"1\">\n\t\t\t\t\t\t\t<p>10g<\/p>\t\t\t\t\t\t\t<\/td>\n\t\t\t\t\t\t\t\t\t\t\t\t\t\t\t\t\t\t\t\t\t\t\t\t<td class=\"wd-table-cell elementor-repeater-item-a35c1fe\" colspan=\"1\" rowspan=\"1\">\n\t\t\t\t\t\t\t<p>1.8g<\/p>\t\t\t\t\t\t\t<\/td>\n\t\t\t\t\t\t\t\t\t\t\t\t\t\t\t\t\t\t\t\t\t\t\t\t<td class=\"wd-table-cell elementor-repeater-item-e69edb5\" colspan=\"1\" rowspan=\"1\">\n\t\t\t\t\t\t\t<p>9%<\/p>\t\t\t\t\t\t\t<\/td>\n\t\t\t\t\t\t\t\t\t\t\t\t\t\t\t\t\t\t\t\t\t\t\t\t\t\t\t\t\t\t\t\t<\/tr>\n\t\t\t\t\t\t\t\t<tr class=\"wd-table-row elementor-repeater-item-54a7aed\">\n\t\t\t\t\t\t\t\t\t\t\t\t\t\t\t\t\t\t\t\t\t\t\t\t\t\t\t\t\t\t\t<td class=\"wd-table-cell elementor-repeater-item-1d513f5\" colspan=\"1\" rowspan=\"1\">\n\t\t\t\t\t\t\t<p>Kohlenhydrate<\/p>\t\t\t\t\t\t\t<\/td>\n\t\t\t\t\t\t\t\t\t\t\t\t\t\t\t\t\t\t\t\t\t\t\t\t<td class=\"wd-table-cell elementor-repeater-item-21e42ec\" colspan=\"1\" rowspan=\"1\">\n\t\t\t\t\t\t\t<p>81g<\/p>\t\t\t\t\t\t\t<\/td>\n\t\t\t\t\t\t\t\t\t\t\t\t\t\t\t\t\t\t\t\t\t\t\t\t<td class=\"wd-table-cell elementor-repeater-item-ca62d84\" colspan=\"1\" rowspan=\"1\">\n\t\t\t\t\t\t\t<p>14g<\/p>\t\t\t\t\t\t\t<\/td>\n\t\t\t\t\t\t\t\t\t\t\t\t\t\t\t\t\t\t\t\t\t\t\t\t<td class=\"wd-table-cell elementor-repeater-item-d10f705\" colspan=\"1\" rowspan=\"1\">\n\t\t\t\t\t\t\t<p>6%<\/p>\t\t\t\t\t\t\t<\/td>\n\t\t\t\t\t\t\t\t\t\t\t\t\t\t\t\t\t\t\t\t\t\t\t\t\t\t\t\t\t\t\t\t<\/tr>\n\t\t\t\t\t\t\t\t<tr class=\"wd-table-row elementor-repeater-item-b4d3591\">\n\t\t\t\t\t\t\t\t\t\t\t\t\t\t\t\t\t\t\t\t\t\t\t\t\t\t\t\t\t\t\t<td class=\"wd-table-cell elementor-repeater-item-49fc006\" colspan=\"1\" rowspan=\"1\">\n\t\t\t\t\t\t\t<p>\u2013 davon Zucker<\/p>\t\t\t\t\t\t\t<\/td>\n\t\t\t\t\t\t\t\t\t\t\t\t\t\t\t\t\t\t\t\t\t\t\t\t<td class=\"wd-table-cell elementor-repeater-item-bd14a3c\" colspan=\"1\" rowspan=\"1\">\n\t\t\t\t\t\t\t<p>59g<\/p>\t\t\t\t\t\t\t<\/td>\n\t\t\t\t\t\t\t\t\t\t\t\t\t\t\t\t\t\t\t\t\t\t\t\t<td class=\"wd-table-cell elementor-repeater-item-43f794e\" colspan=\"1\" rowspan=\"1\">\n\t\t\t\t\t\t\t<p>10g<\/p>\t\t\t\t\t\t\t<\/td>\n\t\t\t\t\t\t\t\t\t\t\t\t\t\t\t\t\t\t\t\t\t\t\t\t<td class=\"wd-table-cell elementor-repeater-item-405c0a9\" colspan=\"1\" rowspan=\"1\">\n\t\t\t\t\t\t\t<p>12%<\/p>\t\t\t\t\t\t\t<\/td>\n\t\t\t\t\t\t\t\t\t\t\t\t\t\t\t\t\t\t\t\t\t\t\t\t\t\t\t\t\t\t\t\t<\/tr>\n\t\t\t\t\t\t\t\t<tr class=\"wd-table-row elementor-repeater-item-1365fca\">\n\t\t\t\t\t\t\t\t\t\t\t\t\t\t\t\t\t\t\t\t\t\t\t\t\t\t\t\t\t\t\t<td class=\"wd-table-cell elementor-repeater-item-b5c0b28\" colspan=\"1\" rowspan=\"1\">\n\t\t\t\t\t\t\t<p>Ballaststoffe<\/p>\t\t\t\t\t\t\t<\/td>\n\t\t\t\t\t\t\t\t\t\t\t\t\t\t\t\t\t\t\t\t\t\t\t\t<td class=\"wd-table-cell elementor-repeater-item-2cdc333\" colspan=\"1\" rowspan=\"1\">\n\t\t\t\t\t\t\t<p>2.2g<\/p>\t\t\t\t\t\t\t<\/td>\n\t\t\t\t\t\t\t\t\t\t\t\t\t\t\t\t\t\t\t\t\t\t\t\t<td class=\"wd-table-cell elementor-repeater-item-6b0eca0\" colspan=\"1\" rowspan=\"1\">\n\t\t\t\t\t\t\t<p>0.4g<\/p>\t\t\t\t\t\t\t<\/td>\n\t\t\t\t\t\t\t\t\t\t\t\t\t\t\t\t\t\t\t\t\t\t\t\t<td class=\"wd-table-cell elementor-repeater-item-dcda6af\" colspan=\"1\" rowspan=\"1\">\n\t\t\t\t\t\t\t<p>-<\/p>\t\t\t\t\t\t\t<\/td>\n\t\t\t\t\t\t\t\t\t\t\t\t\t\t\t\t\t\t\t\t\t\t\t\t\t\t\t\t\t\t\t\t<\/tr>\n\t\t\t\t\t\t\t\t<tr class=\"wd-table-row elementor-repeater-item-6eb9465\">\n\t\t\t\t\t\t\t\t\t\t\t\t\t\t\t\t\t\t\t\t\t\t\t\t\t\t\t\t\t\t\t<td class=\"wd-table-cell elementor-repeater-item-e3947b4\" colspan=\"1\" rowspan=\"1\">\n\t\t\t\t\t\t\t<p>Eiwei\u00df<\/p>\t\t\t\t\t\t\t<\/td>\n\t\t\t\t\t\t\t\t\t\t\t\t\t\t\t\t\t\t\t\t\t\t\t\t<td class=\"wd-table-cell elementor-repeater-item-cd5b688\" colspan=\"1\" rowspan=\"1\">\n\t\t\t\t\t\t\t<p>1.8g<\/p>\t\t\t\t\t\t\t<\/td>\n\t\t\t\t\t\t\t\t\t\t\t\t\t\t\t\t\t\t\t\t\t\t\t\t<td class=\"wd-table-cell elementor-repeater-item-0ea1304\" colspan=\"1\" rowspan=\"1\">\n\t\t\t\t\t\t\t<p>0.3g<\/p>\t\t\t\t\t\t\t<\/td>\n\t\t\t\t\t\t\t\t\t\t\t\t\t\t\t\t\t\t\t\t\t\t\t\t<td class=\"wd-table-cell elementor-repeater-item-7c65b77\" colspan=\"1\" rowspan=\"1\">\n\t\t\t\t\t\t\t<p>1%<\/p>\t\t\t\t\t\t\t<\/td>\n\t\t\t\t\t\t\t\t\t\t\t\t\t\t\t\t\t\t\t\t\t\t\t\t\t\t\t\t\t\t\t\t<\/tr>\n\t\t\t\t\t\t\t\t<tr class=\"wd-table-row elementor-repeater-item-3b9c629\">\n\t\t\t\t\t\t\t\t\t\t\t\t\t\t\t\t\t\t\t\t\t\t\t\t\t\t\t\t\t\t\t<td class=\"wd-table-cell elementor-repeater-item-db9a6f3\" colspan=\"1\" rowspan=\"1\">\n\t\t\t\t\t\t\t<p>Salz<\/p>\t\t\t\t\t\t\t<\/td>\n\t\t\t\t\t\t\t\t\t\t\t\t\t\t\t\t\t\t\t\t\t\t\t\t<td class=\"wd-table-cell elementor-repeater-item-ddab78a\" colspan=\"1\" rowspan=\"1\">\n\t\t\t\t\t\t\t<p>1%<\/p>\t\t\t\t\t\t\t<\/td>\n\t\t\t\t\t\t\t\t\t\t\t\t\t\t\t\t\t\t\t\t\t\t\t\t<td class=\"wd-table-cell elementor-repeater-item-5ceaa0a\" colspan=\"1\" rowspan=\"1\">\n\t\t\t\t\t\t\t<p>0.03g<\/p>\t\t\t\t\t\t\t<\/td>\n\t\t\t\t\t\t\t\t\t\t\t\t\t\t\t\t\t\t\t\t\t\t\t\t<td class=\"wd-table-cell elementor-repeater-item-d226126\" colspan=\"1\" rowspan=\"1\">\n\t\t\t\t\t\t\t<p>&lt;1%<\/p>\t\t\t\t\t\t\t<\/td>\n\t\t\t\t\t\t\t\t\t\t\t\t\t\t\t\t<\/tr>\n\t\t\t\t<\/tbody>\n\t\t\t<\/table>\n\t\t<\/div>\n\t\t\t\t\t\t<\/div>\n\t\t\t\t<\/div>\n\t\t\t\t<div class=\"elementor-element elementor-element-0ac0fd6 elementor-widget elementor-widget-wd_text_block\" data-id=\"0ac0fd6\" data-element_type=\"widget\" data-widget_type=\"wd_text_block.default\">\n\t\t\t\t<div class=\"elementor-widget-container\">\n\t\t\t\t\t\t\t<div class=\"wd-text-block reset-last-child text-left\">\n\t\t\t\n\t\t\t<p><strong>*Referenzmenge f\u00fcr einen durchschnittlichen Erwachsenen<\/strong><\/p><p><strong>Nettoinhalt:<\/strong> 20 x 18g = 360g<\/p><p><strong>Zubereitung:<\/strong><\/p><p><strong>Lagerung:<\/strong><br>K\u00fchl und trocken lagern. Vor Hitze sch\u00fctzen. <\/p>\n\t\t\t\t\t<\/div>\n\t\t\t\t\t\t<\/div>\n\t\t\t\t<\/div>\n\t\t\t\t\t<\/div>\n\t\t\t\t<\/div>\n\t\t\t\t<\/div>\n\t\t","protected":false},"excerpt":{"rendered":"<p>Genie\u00dfen Sie Ihre Kaffeemomente auf einem neuen Niveau mit King\u2019s 3in1 Premium \u2013 eine edle Mischung f\u00fcr alle, die einen reichhaltigeren und luxuri\u00f6seren Geschmack zu sch\u00e4tzen wissen. Diese Premium-Komposition vereint kr\u00e4ftigen, vollmundigen Kaffee mit extra cremigem Kaffeewei\u00dfer und perfekt ausbalancierter S\u00fc\u00dfe \u2013 f\u00fcr ein rundum verw\u00f6hnendes Erlebnis.<br \/>\nJeder Stick liefert Caf\u00e9-Qualit\u00e4t mit h\u00f6chstem Komfort. Einfach aufrei\u00dfen, eingie\u00dfen, hei\u00dfes Wasser dazugeben und umr\u00fchren \u2013 fertig ist eine samtige Tasse, wo immer Sie sind. Ob ruhiger Morgen oder hektischer Nachmittag \u2013 King\u2019s 3in1 Premium sorgt jederzeit und \u00fcberall f\u00fcr eine \u00fcberlegene Kaffeepause.   <\/p>\n<p><strong>Highlights:<\/strong><br \/>\n\u2022 Kr\u00e4ftiges Aroma<br \/>\n\u2022 Sanfter, cremiger Geschmack<br \/>\n\u2022 Praktische Stick-Verpackung<\/p>\n","protected":false},"featured_media":2031,"comment_status":"open","ping_status":"closed","template":"","meta":[],"product_brand":[],"product_cat":[55],"product_tag":[],"class_list":{"0":"post-2211","1":"product","2":"type-product","3":"status-publish","4":"has-post-thumbnail","6":"product_cat-loslicher-kaffee","8":"first","9":"instock","10":"shipping-taxable","11":"product-type-simple"},"yoast_head":"<!-- This site is optimized with the Yoast SEO plugin v26.4 - https:\/\/yoast.com\/wordpress\/plugins\/seo\/ -->\n<title>3 in1 Premium - Kings DE<\/title>\n<meta name=\"robots\" content=\"index, follow, max-snippet:-1, max-image-preview:large, max-video-preview:-1\" \/>\n<link rel=\"canonical\" href=\"https:\/\/kingskaffee.com\/de\/produkt\/3-in1-premium\/\" \/>\n<meta property=\"og:locale\" content=\"de_DE\" \/>\n<meta property=\"og:type\" content=\"article\" \/>\n<meta property=\"og:title\" content=\"3 in1 Premium - Kings DE\" \/>\n<meta property=\"og:description\" content=\"Genie\u00dfen Sie Ihre Kaffeemomente auf einem neuen Niveau mit King\u2019s 3in1 Premium \u2013 eine edle Mischung f\u00fcr alle, die einen reichhaltigeren und luxuri\u00f6seren Geschmack zu sch\u00e4tzen wissen. Diese Premium-Komposition vereint kr\u00e4ftigen, vollmundigen Kaffee mit extra cremigem Kaffeewei\u00dfer und perfekt ausbalancierter S\u00fc\u00dfe \u2013 f\u00fcr ein rundum verw\u00f6hnendes Erlebnis. Jeder Stick liefert Caf\u00e9-Qualit\u00e4t mit h\u00f6chstem Komfort. Einfach aufrei\u00dfen, eingie\u00dfen, hei\u00dfes Wasser dazugeben und umr\u00fchren \u2013 fertig ist eine samtige Tasse, wo immer Sie sind. Ob ruhiger Morgen oder hektischer Nachmittag \u2013 King\u2019s 3in1 Premium sorgt jederzeit und \u00fcberall f\u00fcr eine \u00fcberlegene Kaffeepause.   Highlights: \u2022 Kr\u00e4ftiges Aroma \u2022 Sanfter, cremiger Geschmack \u2022 Praktische Stick-Verpackung\" \/>\n<meta property=\"og:url\" content=\"https:\/\/kingskaffee.com\/de\/produkt\/3-in1-premium\/\" \/>\n<meta property=\"og:site_name\" content=\"Kings DE\" \/>\n<meta property=\"article:modified_time\" content=\"2025-05-23T09:40:48+00:00\" \/>\n<meta property=\"og:image\" content=\"https:\/\/kingskaffee.com\/wp-content\/uploads\/2025\/05\/frame_718.webp\" \/>\n\t<meta property=\"og:image:width\" content=\"500\" \/>\n\t<meta property=\"og:image:height\" content=\"500\" \/>\n\t<meta property=\"og:image:type\" content=\"image\/webp\" \/>\n<meta name=\"twitter:card\" content=\"summary_large_image\" \/>\n<script type=\"application\/ld+json\" class=\"yoast-schema-graph\">{\"@context\":\"https:\/\/schema.org\",\"@graph\":[{\"@type\":\"WebPage\",\"@id\":\"https:\/\/kingskaffee.com\/de\/produkt\/3-in1-premium\/\",\"url\":\"https:\/\/kingskaffee.com\/de\/produkt\/3-in1-premium\/\",\"name\":\"3 in1 Premium - Kings DE\",\"isPartOf\":{\"@id\":\"https:\/\/kingskaffee.com\/#website\"},\"primaryImageOfPage\":{\"@id\":\"https:\/\/kingskaffee.com\/de\/produkt\/3-in1-premium\/#primaryimage\"},\"image\":{\"@id\":\"https:\/\/kingskaffee.com\/de\/produkt\/3-in1-premium\/#primaryimage\"},\"thumbnailUrl\":\"https:\/\/kingskaffee.com\/wp-content\/uploads\/2025\/05\/frame_718.webp\",\"datePublished\":\"2025-03-21T04:51:56+00:00\",\"dateModified\":\"2025-05-23T09:40:48+00:00\",\"breadcrumb\":{\"@id\":\"https:\/\/kingskaffee.com\/de\/produkt\/3-in1-premium\/#breadcrumb\"},\"inLanguage\":\"de\",\"potentialAction\":[{\"@type\":\"ReadAction\",\"target\":[\"https:\/\/kingskaffee.com\/de\/produkt\/3-in1-premium\/\"]}]},{\"@type\":\"ImageObject\",\"inLanguage\":\"de\",\"@id\":\"https:\/\/kingskaffee.com\/de\/produkt\/3-in1-premium\/#primaryimage\",\"url\":\"https:\/\/kingskaffee.com\/wp-content\/uploads\/2025\/05\/frame_718.webp\",\"contentUrl\":\"https:\/\/kingskaffee.com\/wp-content\/uploads\/2025\/05\/frame_718.webp\",\"width\":500,\"height\":500},{\"@type\":\"BreadcrumbList\",\"@id\":\"https:\/\/kingskaffee.com\/de\/produkt\/3-in1-premium\/#breadcrumb\",\"itemListElement\":[{\"@type\":\"ListItem\",\"position\":1,\"name\":\"Home\",\"item\":\"https:\/\/kingskaffee.com\/de\/\"},{\"@type\":\"ListItem\",\"position\":2,\"name\":\"Products\",\"item\":\"https:\/\/kingskaffee.com\/shop\/\"},{\"@type\":\"ListItem\",\"position\":3,\"name\":\"3 in1 Premium\"}]},{\"@type\":\"WebSite\",\"@id\":\"https:\/\/kingskaffee.com\/#website\",\"url\":\"https:\/\/kingskaffee.com\/\",\"name\":\"Kings DE\",\"description\":\"\",\"potentialAction\":[{\"@type\":\"SearchAction\",\"target\":{\"@type\":\"EntryPoint\",\"urlTemplate\":\"https:\/\/kingskaffee.com\/?s={search_term_string}\"},\"query-input\":{\"@type\":\"PropertyValueSpecification\",\"valueRequired\":true,\"valueName\":\"search_term_string\"}}],\"inLanguage\":\"de\"}]}<\/script>\n<!-- \/ Yoast SEO plugin. -->","yoast_head_json":{"title":"3 in1 Premium - Kings DE","robots":{"index":"index","follow":"follow","max-snippet":"max-snippet:-1","max-image-preview":"max-image-preview:large","max-video-preview":"max-video-preview:-1"},"canonical":"https:\/\/kingskaffee.com\/de\/produkt\/3-in1-premium\/","og_locale":"de_DE","og_type":"article","og_title":"3 in1 Premium - Kings DE","og_description":"Genie\u00dfen Sie Ihre Kaffeemomente auf einem neuen Niveau mit King\u2019s 3in1 Premium \u2013 eine edle Mischung f\u00fcr alle, die einen reichhaltigeren und luxuri\u00f6seren Geschmack zu sch\u00e4tzen wissen. Diese Premium-Komposition vereint kr\u00e4ftigen, vollmundigen Kaffee mit extra cremigem Kaffeewei\u00dfer und perfekt ausbalancierter S\u00fc\u00dfe \u2013 f\u00fcr ein rundum verw\u00f6hnendes Erlebnis. Jeder Stick liefert Caf\u00e9-Qualit\u00e4t mit h\u00f6chstem Komfort. Einfach aufrei\u00dfen, eingie\u00dfen, hei\u00dfes Wasser dazugeben und umr\u00fchren \u2013 fertig ist eine samtige Tasse, wo immer Sie sind. Ob ruhiger Morgen oder hektischer Nachmittag \u2013 King\u2019s 3in1 Premium sorgt jederzeit und \u00fcberall f\u00fcr eine \u00fcberlegene Kaffeepause.   Highlights: \u2022 Kr\u00e4ftiges Aroma \u2022 Sanfter, cremiger Geschmack \u2022 Praktische Stick-Verpackung","og_url":"https:\/\/kingskaffee.com\/de\/produkt\/3-in1-premium\/","og_site_name":"Kings DE","article_modified_time":"2025-05-23T09:40:48+00:00","og_image":[{"width":500,"height":500,"url":"https:\/\/kingskaffee.com\/wp-content\/uploads\/2025\/05\/frame_718.webp","type":"image\/webp"}],"twitter_card":"summary_large_image","schema":{"@context":"https:\/\/schema.org","@graph":[{"@type":"WebPage","@id":"https:\/\/kingskaffee.com\/de\/produkt\/3-in1-premium\/","url":"https:\/\/kingskaffee.com\/de\/produkt\/3-in1-premium\/","name":"3 in1 Premium - Kings DE","isPartOf":{"@id":"https:\/\/kingskaffee.com\/#website"},"primaryImageOfPage":{"@id":"https:\/\/kingskaffee.com\/de\/produkt\/3-in1-premium\/#primaryimage"},"image":{"@id":"https:\/\/kingskaffee.com\/de\/produkt\/3-in1-premium\/#primaryimage"},"thumbnailUrl":"https:\/\/kingskaffee.com\/wp-content\/uploads\/2025\/05\/frame_718.webp","datePublished":"2025-03-21T04:51:56+00:00","dateModified":"2025-05-23T09:40:48+00:00","breadcrumb":{"@id":"https:\/\/kingskaffee.com\/de\/produkt\/3-in1-premium\/#breadcrumb"},"inLanguage":"de","potentialAction":[{"@type":"ReadAction","target":["https:\/\/kingskaffee.com\/de\/produkt\/3-in1-premium\/"]}]},{"@type":"ImageObject","inLanguage":"de","@id":"https:\/\/kingskaffee.com\/de\/produkt\/3-in1-premium\/#primaryimage","url":"https:\/\/kingskaffee.com\/wp-content\/uploads\/2025\/05\/frame_718.webp","contentUrl":"https:\/\/kingskaffee.com\/wp-content\/uploads\/2025\/05\/frame_718.webp","width":500,"height":500},{"@type":"BreadcrumbList","@id":"https:\/\/kingskaffee.com\/de\/produkt\/3-in1-premium\/#breadcrumb","itemListElement":[{"@type":"ListItem","position":1,"name":"Home","item":"https:\/\/kingskaffee.com\/de\/"},{"@type":"ListItem","position":2,"name":"Products","item":"https:\/\/kingskaffee.com\/shop\/"},{"@type":"ListItem","position":3,"name":"3 in1 Premium"}]},{"@type":"WebSite","@id":"https:\/\/kingskaffee.com\/#website","url":"https:\/\/kingskaffee.com\/","name":"Kings DE","description":"","potentialAction":[{"@type":"SearchAction","target":{"@type":"EntryPoint","urlTemplate":"https:\/\/kingskaffee.com\/?s={search_term_string}"},"query-input":{"@type":"PropertyValueSpecification","valueRequired":true,"valueName":"search_term_string"}}],"inLanguage":"de"}]}},"_links":{"self":[{"href":"https:\/\/kingskaffee.com\/de\/wp-json\/wp\/v2\/product\/2211","targetHints":{"allow":["GET"]}}],"collection":[{"href":"https:\/\/kingskaffee.com\/de\/wp-json\/wp\/v2\/product"}],"about":[{"href":"https:\/\/kingskaffee.com\/de\/wp-json\/wp\/v2\/types\/product"}],"replies":[{"embeddable":true,"href":"https:\/\/kingskaffee.com\/de\/wp-json\/wp\/v2\/comments?post=2211"}],"version-history":[{"count":1,"href":"https:\/\/kingskaffee.com\/de\/wp-json\/wp\/v2\/product\/2211\/revisions"}],"predecessor-version":[{"id":2212,"href":"https:\/\/kingskaffee.com\/de\/wp-json\/wp\/v2\/product\/2211\/revisions\/2212"}],"wp:featuredmedia":[{"embeddable":true,"href":"https:\/\/kingskaffee.com\/de\/wp-json\/wp\/v2\/media\/2031"}],"wp:attachment":[{"href":"https:\/\/kingskaffee.com\/de\/wp-json\/wp\/v2\/media?parent=2211"}],"wp:term":[{"taxonomy":"product_brand","embeddable":true,"href":"https:\/\/kingskaffee.com\/de\/wp-json\/wp\/v2\/product_brand?post=2211"},{"taxonomy":"product_cat","embeddable":true,"href":"https:\/\/kingskaffee.com\/de\/wp-json\/wp\/v2\/product_cat?post=2211"},{"taxonomy":"product_tag","embeddable":true,"href":"https:\/\/kingskaffee.com\/de\/wp-json\/wp\/v2\/product_tag?post=2211"}],"curies":[{"name":"wp","href":"https:\/\/api.w.org\/{rel}","templated":true}]}}