{"id":2213,"date":"2025-03-21T08:21:51","date_gmt":"2025-03-21T04:51:51","guid":{"rendered":"https:\/\/kingskaffee.com\/product\/2-in1-premium\/"},"modified":"2025-05-23T13:16:10","modified_gmt":"2025-05-23T09:46:10","slug":"2-in1-premium","status":"publish","type":"product","link":"https:\/\/kingskaffee.com\/de\/produkt\/2-in1-premium\/","title":{"rendered":"2 in1 Premium"},"content":{"rendered":"\t\t<div data-elementor-type=\"product-post\" data-elementor-id=\"2213\" class=\"elementor elementor-2213 elementor-651\" data-elementor-post-type=\"product\">\n\t\t\t\t<div class=\"wd-negative-gap elementor-element elementor-element-62f661d1 e-flex e-con-boxed e-con e-parent\" data-id=\"62f661d1\" data-element_type=\"container\">\n\t\t\t\t\t<div class=\"e-con-inner\">\n\t\t\t\t<div class=\"elementor-element elementor-element-1b66bb6 elementor-widget elementor-widget-wd_text_block\" data-id=\"1b66bb6\" data-element_type=\"widget\" data-widget_type=\"wd_text_block.default\">\n\t\t\t\t<div class=\"elementor-widget-container\">\n\t\t\t\t\t\t\t<div class=\"wd-text-block reset-last-child text-left\">\n\t\t\t\n\t\t\t<p><strong>Ingredients:<\/strong><br>Glukosesirup, Magermilchpulver (Kuhmilch), Instantkaffee (9,9 %), vollst\u00e4ndig geh\u00e4rtetes Kokosfett, Stabilisatoren (E340, E452), Milcheiwei\u00df (Kuhmilch), Emulgatoren (E471, E481), Milchmineralienpulver, Rieselhilfe (E551).<\/p><p><strong>Nutrition Information<\/strong><\/p>\n\t\t\t\t\t<\/div>\n\t\t\t\t\t\t<\/div>\n\t\t\t\t<\/div>\n\t\t\t\t<div class=\"elementor-element elementor-element-d468426 elementor-widget elementor-widget-wd_table\" data-id=\"d468426\" data-element_type=\"widget\" data-widget_type=\"wd_table.default\">\n\t\t\t\t<div class=\"elementor-widget-container\">\n\t\t\t\t\t\t\t<div class=\"wd-el-table-wrap wd-reset-all-last\">\n\t\t\t<table class=\"wd-el-table\">\n\t\t\t\t\t\t\t\t\t<thead class=\"text-center\">\n\t\t\t\t\t\t\t\t\t\t\t\t\t\t\t\t\t\t\t\t\t\t\t\t\t\t\t\t\t\t<tr class=\"wd-table-row elementor-repeater-item-16f6886\">\n\t\t\t\t\t\t\t\t\t\t\t\t\t\t\t\t\t\t\t\t\t\t\t\t\t\t\t\t\t\t\t\t\t\t\t\t<th class=\"wd-table-cell elementor-repeater-item-a9cfa34\" colspan=\"1\" rowspan=\"1\">\n\t\t\t\t\t\t\t\t\t<p><strong>N\u00e4hrwert<\/strong><\/p>\t\t\t\t\t\t\t\t<\/th>\n\t\t\t\t\t\t\t\t\t\t\t\t\t\t\t\t\t\t\t\t\t\t\t\t\t\t\t\t<th class=\"wd-table-cell elementor-repeater-item-5ca27bc\" colspan=\"1\" rowspan=\"1\">\n\t\t\t\t\t\t\t\t\t<p><strong>Pro 100\u202fg<\/strong><\/p>\t\t\t\t\t\t\t\t<\/th>\n\t\t\t\t\t\t\t\t\t\t\t\t\t\t\t\t\t\t\t\t\t\t\t\t\t\t\t\t<th class=\"wd-table-cell elementor-repeater-item-10a143c\" colspan=\"1\" rowspan=\"1\">\n\t\t\t\t\t\t\t\t\t<p><strong>Pro Portion (18\u202fg)<\/strong><\/p>\t\t\t\t\t\t\t\t<\/th>\n\t\t\t\t\t\t\t\t\t\t\t\t\t\t\t\t\t\t\t\t\t\t\t\t\t\t\t\t<th class=\"wd-table-cell elementor-repeater-item-0eb99a8\" colspan=\"1\" rowspan=\"1\">\n\t\t\t\t\t\t\t\t\t<p><strong>%* pro Portion (18\u202fg)<\/strong><\/p>\t\t\t\t\t\t\t\t<\/th>\n\t\t\t\t\t\t\t\t\t\t\t\t\t\t\t\t\t\t\t<\/tr>\n\t\t\t\t\t<\/thead>\n\t\t\t\t\n\t\t\t\t<tbody class=\"text-center\">\n\t\t\t\t\t\t\t\t\t\t\t\t\t\t\t\t\t\t\t\t\t\t\t\t\t\t<tr class=\"wd-table-row elementor-repeater-item-005a503\">\n\t\t\t\t\t\t\t\t\t\t\t\t\t\t\t\t\t\t\t\t\t\t\t\t\t\t\t\t\t\t\t<td class=\"wd-table-cell elementor-repeater-item-91cdb73\" colspan=\"1\" rowspan=\"1\">\n\t\t\t\t\t\t\t<p>Energie (Kalorien)<\/p>\t\t\t\t\t\t\t<\/td>\n\t\t\t\t\t\t\t\t\t\t\t\t\t\t\t\t\t\t\t\t\t\t\t\t<td class=\"wd-table-cell elementor-repeater-item-fe989ed\" colspan=\"1\" rowspan=\"1\">\n\t\t\t\t\t\t\t<p>1715 kJ \/ 405 kcal<\/p>\t\t\t\t\t\t\t<\/td>\n\t\t\t\t\t\t\t\t\t\t\t\t\t\t\t\t\t\t\t\t\t\t\t\t<td class=\"wd-table-cell elementor-repeater-item-f7ef9b3\" colspan=\"1\" rowspan=\"1\">\n\t\t\t\t\t\t\t<p>240 kJ \/ 57 kcal<\/p>\t\t\t\t\t\t\t<\/td>\n\t\t\t\t\t\t\t\t\t\t\t\t\t\t\t\t\t\t\t\t\t\t\t\t<td class=\"wd-table-cell elementor-repeater-item-1751dc3\" colspan=\"1\" rowspan=\"1\">\n\t\t\t\t\t\t\t<p>3%<\/p>\t\t\t\t\t\t\t<\/td>\n\t\t\t\t\t\t\t\t\t\t\t\t\t\t\t\t\t\t\t\t\t\t\t\t\t\t\t\t\t\t\t\t<\/tr>\n\t\t\t\t\t\t\t\t<tr class=\"wd-table-row elementor-repeater-item-71a312e\">\n\t\t\t\t\t\t\t\t\t\t\t\t\t\t\t\t\t\t\t\t\t\t\t\t\t\t\t\t\t\t\t<td class=\"wd-table-cell elementor-repeater-item-127fb64\" colspan=\"1\" rowspan=\"1\">\n\t\t\t\t\t\t\t<p>Fett<\/p>\t\t\t\t\t\t\t<\/td>\n\t\t\t\t\t\t\t\t\t\t\t\t\t\t\t\t\t\t\t\t\t\t\t\t<td class=\"wd-table-cell elementor-repeater-item-60cd940\" colspan=\"1\" rowspan=\"1\">\n\t\t\t\t\t\t\t<p>9.0g<\/p>\t\t\t\t\t\t\t<\/td>\n\t\t\t\t\t\t\t\t\t\t\t\t\t\t\t\t\t\t\t\t\t\t\t\t<td class=\"wd-table-cell elementor-repeater-item-412fc06\" colspan=\"1\" rowspan=\"1\">\n\t\t\t\t\t\t\t<p>1.3g<\/p>\t\t\t\t\t\t\t<\/td>\n\t\t\t\t\t\t\t\t\t\t\t\t\t\t\t\t\t\t\t\t\t\t\t\t<td class=\"wd-table-cell elementor-repeater-item-7dc9c6b\" colspan=\"1\" rowspan=\"1\">\n\t\t\t\t\t\t\t<p>2%<\/p>\t\t\t\t\t\t\t<\/td>\n\t\t\t\t\t\t\t\t\t\t\t\t\t\t\t\t\t\t\t\t\t\t\t\t\t\t\t\t\t\t\t\t<\/tr>\n\t\t\t\t\t\t\t\t<tr class=\"wd-table-row elementor-repeater-item-7ecd413\">\n\t\t\t\t\t\t\t\t\t\t\t\t\t\t\t\t\t\t\t\t\t\t\t\t\t\t\t\t\t\t\t<td class=\"wd-table-cell elementor-repeater-item-244f5e9\" colspan=\"1\" rowspan=\"1\">\n\t\t\t\t\t\t\t<p>\u2013 davon ges\u00e4ttigte Fetts\u00e4uren<\/p>\t\t\t\t\t\t\t<\/td>\n\t\t\t\t\t\t\t\t\t\t\t\t\t\t\t\t\t\t\t\t\t\t\t\t<td class=\"wd-table-cell elementor-repeater-item-efffa80\" colspan=\"1\" rowspan=\"1\">\n\t\t\t\t\t\t\t<p>8.8g<\/p>\t\t\t\t\t\t\t<\/td>\n\t\t\t\t\t\t\t\t\t\t\t\t\t\t\t\t\t\t\t\t\t\t\t\t<td class=\"wd-table-cell elementor-repeater-item-a35c1fe\" colspan=\"1\" rowspan=\"1\">\n\t\t\t\t\t\t\t<p>1.2g<\/p>\t\t\t\t\t\t\t<\/td>\n\t\t\t\t\t\t\t\t\t\t\t\t\t\t\t\t\t\t\t\t\t\t\t\t<td class=\"wd-table-cell elementor-repeater-item-e69edb5\" colspan=\"1\" rowspan=\"1\">\n\t\t\t\t\t\t\t<p>6%<\/p>\t\t\t\t\t\t\t<\/td>\n\t\t\t\t\t\t\t\t\t\t\t\t\t\t\t\t\t\t\t\t\t\t\t\t\t\t\t\t\t\t\t\t<\/tr>\n\t\t\t\t\t\t\t\t<tr class=\"wd-table-row elementor-repeater-item-54a7aed\">\n\t\t\t\t\t\t\t\t\t\t\t\t\t\t\t\t\t\t\t\t\t\t\t\t\t\t\t\t\t\t\t<td class=\"wd-table-cell elementor-repeater-item-bfbf8e3\" colspan=\"1\" rowspan=\"1\">\n\t\t\t\t\t\t\t<p>Kohlenhydrate<\/p>\t\t\t\t\t\t\t<\/td>\n\t\t\t\t\t\t\t\t\t\t\t\t\t\t\t\t\t\t\t\t\t\t\t\t<td class=\"wd-table-cell elementor-repeater-item-7caab8a\" colspan=\"1\" rowspan=\"1\">\n\t\t\t\t\t\t\t<p>72g<\/p>\t\t\t\t\t\t\t<\/td>\n\t\t\t\t\t\t\t\t\t\t\t\t\t\t\t\t\t\t\t\t\t\t\t\t<td class=\"wd-table-cell elementor-repeater-item-4e1da68\" colspan=\"1\" rowspan=\"1\">\n\t\t\t\t\t\t\t<p>10g<\/p>\t\t\t\t\t\t\t<\/td>\n\t\t\t\t\t\t\t\t\t\t\t\t\t\t\t\t\t\t\t\t\t\t\t\t<td class=\"wd-table-cell elementor-repeater-item-644b40a\" colspan=\"1\" rowspan=\"1\">\n\t\t\t\t\t\t\t<p>4%<\/p>\t\t\t\t\t\t\t<\/td>\n\t\t\t\t\t\t\t\t\t\t\t\t\t\t\t\t\t\t\t\t\t\t\t\t\t\t\t\t\t\t\t\t<\/tr>\n\t\t\t\t\t\t\t\t<tr class=\"wd-table-row elementor-repeater-item-5b26c2f\">\n\t\t\t\t\t\t\t\t\t\t\t\t\t\t\t\t\t\t\t\t\t\t\t\t\t\t\t\t\t\t\t<td class=\"wd-table-cell elementor-repeater-item-6a07365\" colspan=\"1\" rowspan=\"1\">\n\t\t\t\t\t\t\t<p>\u2013 davon Zucker<\/p>\t\t\t\t\t\t\t<\/td>\n\t\t\t\t\t\t\t\t\t\t\t\t\t\t\t\t\t\t\t\t\t\t\t\t<td class=\"wd-table-cell elementor-repeater-item-bd14a3c\" colspan=\"1\" rowspan=\"1\">\n\t\t\t\t\t\t\t<p>33g<\/p>\t\t\t\t\t\t\t<\/td>\n\t\t\t\t\t\t\t\t\t\t\t\t\t\t\t\t\t\t\t\t\t\t\t\t<td class=\"wd-table-cell elementor-repeater-item-43f794e\" colspan=\"1\" rowspan=\"1\">\n\t\t\t\t\t\t\t<p>4.7g<\/p>\t\t\t\t\t\t\t<\/td>\n\t\t\t\t\t\t\t\t\t\t\t\t\t\t\t\t\t\t\t\t\t\t\t\t<td class=\"wd-table-cell elementor-repeater-item-405c0a9\" colspan=\"1\" rowspan=\"1\">\n\t\t\t\t\t\t\t<p>5%<\/p>\t\t\t\t\t\t\t<\/td>\n\t\t\t\t\t\t\t\t\t\t\t\t\t\t\t\t\t\t\t\t\t\t\t\t\t\t\t\t\t\t\t\t<\/tr>\n\t\t\t\t\t\t\t\t<tr class=\"wd-table-row elementor-repeater-item-1365fca\">\n\t\t\t\t\t\t\t\t\t\t\t\t\t\t\t\t\t\t\t\t\t\t\t\t\t\t\t\t\t\t\t<td class=\"wd-table-cell elementor-repeater-item-b5c0b28\" colspan=\"1\" rowspan=\"1\">\n\t\t\t\t\t\t\t<p>Ballaststoffe<\/p>\t\t\t\t\t\t\t<\/td>\n\t\t\t\t\t\t\t\t\t\t\t\t\t\t\t\t\t\t\t\t\t\t\t\t<td class=\"wd-table-cell elementor-repeater-item-2cdc333\" colspan=\"1\" rowspan=\"1\">\n\t\t\t\t\t\t\t<p>2.5g<\/p>\t\t\t\t\t\t\t<\/td>\n\t\t\t\t\t\t\t\t\t\t\t\t\t\t\t\t\t\t\t\t\t\t\t\t<td class=\"wd-table-cell elementor-repeater-item-6b0eca0\" colspan=\"1\" rowspan=\"1\">\n\t\t\t\t\t\t\t<p>0.4g<\/p>\t\t\t\t\t\t\t<\/td>\n\t\t\t\t\t\t\t\t\t\t\t\t\t\t\t\t\t\t\t\t\t\t\t\t<td class=\"wd-table-cell elementor-repeater-item-dcda6af\" colspan=\"1\" rowspan=\"1\">\n\t\t\t\t\t\t\t<p>-<\/p>\t\t\t\t\t\t\t<\/td>\n\t\t\t\t\t\t\t\t\t\t\t\t\t\t\t\t\t\t\t\t\t\t\t\t\t\t\t\t\t\t\t\t<\/tr>\n\t\t\t\t\t\t\t\t<tr class=\"wd-table-row elementor-repeater-item-6eb9465\">\n\t\t\t\t\t\t\t\t\t\t\t\t\t\t\t\t\t\t\t\t\t\t\t\t\t\t\t\t\t\t\t<td class=\"wd-table-cell elementor-repeater-item-e3947b4\" colspan=\"1\" rowspan=\"1\">\n\t\t\t\t\t\t\t<p>Eiwei\u00df<\/p>\t\t\t\t\t\t\t<\/td>\n\t\t\t\t\t\t\t\t\t\t\t\t\t\t\t\t\t\t\t\t\t\t\t\t<td class=\"wd-table-cell elementor-repeater-item-cd5b688\" colspan=\"1\" rowspan=\"1\">\n\t\t\t\t\t\t\t<p>7.1g<\/p>\t\t\t\t\t\t\t<\/td>\n\t\t\t\t\t\t\t\t\t\t\t\t\t\t\t\t\t\t\t\t\t\t\t\t<td class=\"wd-table-cell elementor-repeater-item-0ea1304\" colspan=\"1\" rowspan=\"1\">\n\t\t\t\t\t\t\t<p>1.0g<\/p>\t\t\t\t\t\t\t<\/td>\n\t\t\t\t\t\t\t\t\t\t\t\t\t\t\t\t\t\t\t\t\t\t\t\t<td class=\"wd-table-cell elementor-repeater-item-7c65b77\" colspan=\"1\" rowspan=\"1\">\n\t\t\t\t\t\t\t<p>2%<\/p>\t\t\t\t\t\t\t<\/td>\n\t\t\t\t\t\t\t\t\t\t\t\t\t\t\t\t\t\t\t\t\t\t\t\t\t\t\t\t\t\t\t\t<\/tr>\n\t\t\t\t\t\t\t\t<tr class=\"wd-table-row elementor-repeater-item-3b9c629\">\n\t\t\t\t\t\t\t\t\t\t\t\t\t\t\t\t\t\t\t\t\t\t\t\t\t\t\t\t\t\t\t<td class=\"wd-table-cell elementor-repeater-item-db9a6f3\" colspan=\"1\" rowspan=\"1\">\n\t\t\t\t\t\t\t<p>Salz<\/p>\t\t\t\t\t\t\t<\/td>\n\t\t\t\t\t\t\t\t\t\t\t\t\t\t\t\t\t\t\t\t\t\t\t\t<td class=\"wd-table-cell elementor-repeater-item-ddab78a\" colspan=\"1\" rowspan=\"1\">\n\t\t\t\t\t\t\t<p>0.35g<\/p>\t\t\t\t\t\t\t<\/td>\n\t\t\t\t\t\t\t\t\t\t\t\t\t\t\t\t\t\t\t\t\t\t\t\t<td class=\"wd-table-cell elementor-repeater-item-5ceaa0a\" colspan=\"1\" rowspan=\"1\">\n\t\t\t\t\t\t\t<p>0.05g<\/p>\t\t\t\t\t\t\t<\/td>\n\t\t\t\t\t\t\t\t\t\t\t\t\t\t\t\t\t\t\t\t\t\t\t\t<td class=\"wd-table-cell elementor-repeater-item-d226126\" colspan=\"1\" rowspan=\"1\">\n\t\t\t\t\t\t\t<p>1%<\/p>\t\t\t\t\t\t\t<\/td>\n\t\t\t\t\t\t\t\t\t\t\t\t\t\t\t\t<\/tr>\n\t\t\t\t<\/tbody>\n\t\t\t<\/table>\n\t\t<\/div>\n\t\t\t\t\t\t<\/div>\n\t\t\t\t<\/div>\n\t\t\t\t<div class=\"elementor-element elementor-element-d0ef796 elementor-widget elementor-widget-wd_text_block\" data-id=\"d0ef796\" data-element_type=\"widget\" data-widget_type=\"wd_text_block.default\">\n\t\t\t\t<div class=\"elementor-widget-container\">\n\t\t\t\t\t\t\t<div class=\"wd-text-block reset-last-child text-left\">\n\t\t\t\n\t\t\t<p>*Referenzmenge f\u00fcr einen durchschnittlichen Erwachsenen<\/p><p><strong>Nettogewicht:<\/strong> 10 x 14g = 140g<\/p><p><strong>Zubereitung:<\/strong><\/p><p><strong>Lagerung:<\/strong><br>K\u00fchl und trocken lagern. Vor Hitze sch\u00fctzen. <\/p>\n\t\t\t\t\t<\/div>\n\t\t\t\t\t\t<\/div>\n\t\t\t\t<\/div>\n\t\t\t\t\t<\/div>\n\t\t\t\t<\/div>\n\t\t\t\t<\/div>\n\t\t","protected":false},"excerpt":{"rendered":"<p>Erleben Sie Kaffee in seiner feinsten Form mit King\u2019s 2in1 Premium \u2013 eine anspruchsvolle Mischung aus hochwertigem Instantkaffee und extra sanftem Kaffeewei\u00dfer, perfekt f\u00fcr alle, die einen reicheren, veredelten Geschmack ohne Zuckerzusatz suchen. Mit seinem kr\u00e4ftigen Aroma und seiner seidigen Textur bietet diese Premium-Mischung einen vollmundigen Genuss bei jedem Schluck. <\/p>\n<p>Genie\u00dfen Sie eine Kaffeepause im Barista-Stil \u2013 wann und wo Sie m\u00f6chten. Einfach den Stick aufrei\u00dfen, in Ihre Lieblingstasse geben, hei\u00dfes Wasser hinzuf\u00fcgen und umr\u00fchren. King\u2019s 2in1 Premium bringt stilvollen Kaffeegenuss bequem in Ihren Alltag. <\/p>\n<p><strong>Nettof\u00fcllmenge:<\/strong> 20 x 14g = 280g<\/p>\n","protected":false},"featured_media":2025,"comment_status":"open","ping_status":"closed","template":"","meta":[],"product_brand":[],"product_cat":[55],"product_tag":[],"class_list":{"0":"post-2213","1":"product","2":"type-product","3":"status-publish","4":"has-post-thumbnail","6":"product_cat-loslicher-kaffee","8":"first","9":"instock","10":"shipping-taxable","11":"product-type-simple"},"yoast_head":"<!-- This site is optimized with the Yoast SEO plugin v26.4 - https:\/\/yoast.com\/wordpress\/plugins\/seo\/ -->\n<title>2 in1 Premium - Kings DE<\/title>\n<meta name=\"robots\" content=\"index, follow, max-snippet:-1, max-image-preview:large, max-video-preview:-1\" \/>\n<link rel=\"canonical\" href=\"https:\/\/kingskaffee.com\/de\/produkt\/2-in1-premium\/\" \/>\n<meta property=\"og:locale\" content=\"de_DE\" \/>\n<meta property=\"og:type\" content=\"article\" \/>\n<meta property=\"og:title\" content=\"2 in1 Premium - Kings DE\" \/>\n<meta property=\"og:description\" content=\"Erleben Sie Kaffee in seiner feinsten Form mit King\u2019s 2in1 Premium \u2013 eine anspruchsvolle Mischung aus hochwertigem Instantkaffee und extra sanftem Kaffeewei\u00dfer, perfekt f\u00fcr alle, die einen reicheren, veredelten Geschmack ohne Zuckerzusatz suchen. Mit seinem kr\u00e4ftigen Aroma und seiner seidigen Textur bietet diese Premium-Mischung einen vollmundigen Genuss bei jedem Schluck.  Genie\u00dfen Sie eine Kaffeepause im Barista-Stil \u2013 wann und wo Sie m\u00f6chten. Einfach den Stick aufrei\u00dfen, in Ihre Lieblingstasse geben, hei\u00dfes Wasser hinzuf\u00fcgen und umr\u00fchren. King\u2019s 2in1 Premium bringt stilvollen Kaffeegenuss bequem in Ihren Alltag.  Nettof\u00fcllmenge: 20 x 14g = 280g\" \/>\n<meta property=\"og:url\" content=\"https:\/\/kingskaffee.com\/de\/produkt\/2-in1-premium\/\" \/>\n<meta property=\"og:site_name\" content=\"Kings DE\" \/>\n<meta property=\"article:modified_time\" content=\"2025-05-23T09:46:10+00:00\" \/>\n<meta property=\"og:image\" content=\"https:\/\/kingskaffee.com\/wp-content\/uploads\/2025\/05\/frame_716.webp\" \/>\n\t<meta property=\"og:image:width\" content=\"500\" \/>\n\t<meta property=\"og:image:height\" content=\"500\" \/>\n\t<meta property=\"og:image:type\" content=\"image\/webp\" \/>\n<meta name=\"twitter:card\" content=\"summary_large_image\" \/>\n<script type=\"application\/ld+json\" class=\"yoast-schema-graph\">{\"@context\":\"https:\/\/schema.org\",\"@graph\":[{\"@type\":\"WebPage\",\"@id\":\"https:\/\/kingskaffee.com\/de\/produkt\/2-in1-premium\/\",\"url\":\"https:\/\/kingskaffee.com\/de\/produkt\/2-in1-premium\/\",\"name\":\"2 in1 Premium - Kings DE\",\"isPartOf\":{\"@id\":\"https:\/\/kingskaffee.com\/#website\"},\"primaryImageOfPage\":{\"@id\":\"https:\/\/kingskaffee.com\/de\/produkt\/2-in1-premium\/#primaryimage\"},\"image\":{\"@id\":\"https:\/\/kingskaffee.com\/de\/produkt\/2-in1-premium\/#primaryimage\"},\"thumbnailUrl\":\"https:\/\/kingskaffee.com\/wp-content\/uploads\/2025\/05\/frame_716.webp\",\"datePublished\":\"2025-03-21T04:51:51+00:00\",\"dateModified\":\"2025-05-23T09:46:10+00:00\",\"breadcrumb\":{\"@id\":\"https:\/\/kingskaffee.com\/de\/produkt\/2-in1-premium\/#breadcrumb\"},\"inLanguage\":\"de\",\"potentialAction\":[{\"@type\":\"ReadAction\",\"target\":[\"https:\/\/kingskaffee.com\/de\/produkt\/2-in1-premium\/\"]}]},{\"@type\":\"ImageObject\",\"inLanguage\":\"de\",\"@id\":\"https:\/\/kingskaffee.com\/de\/produkt\/2-in1-premium\/#primaryimage\",\"url\":\"https:\/\/kingskaffee.com\/wp-content\/uploads\/2025\/05\/frame_716.webp\",\"contentUrl\":\"https:\/\/kingskaffee.com\/wp-content\/uploads\/2025\/05\/frame_716.webp\",\"width\":500,\"height\":500},{\"@type\":\"BreadcrumbList\",\"@id\":\"https:\/\/kingskaffee.com\/de\/produkt\/2-in1-premium\/#breadcrumb\",\"itemListElement\":[{\"@type\":\"ListItem\",\"position\":1,\"name\":\"Home\",\"item\":\"https:\/\/kingskaffee.com\/de\/\"},{\"@type\":\"ListItem\",\"position\":2,\"name\":\"Products\",\"item\":\"https:\/\/kingskaffee.com\/shop\/\"},{\"@type\":\"ListItem\",\"position\":3,\"name\":\"2 in1 Premium\"}]},{\"@type\":\"WebSite\",\"@id\":\"https:\/\/kingskaffee.com\/#website\",\"url\":\"https:\/\/kingskaffee.com\/\",\"name\":\"Kings DE\",\"description\":\"\",\"potentialAction\":[{\"@type\":\"SearchAction\",\"target\":{\"@type\":\"EntryPoint\",\"urlTemplate\":\"https:\/\/kingskaffee.com\/?s={search_term_string}\"},\"query-input\":{\"@type\":\"PropertyValueSpecification\",\"valueRequired\":true,\"valueName\":\"search_term_string\"}}],\"inLanguage\":\"de\"}]}<\/script>\n<!-- \/ Yoast SEO plugin. -->","yoast_head_json":{"title":"2 in1 Premium - Kings DE","robots":{"index":"index","follow":"follow","max-snippet":"max-snippet:-1","max-image-preview":"max-image-preview:large","max-video-preview":"max-video-preview:-1"},"canonical":"https:\/\/kingskaffee.com\/de\/produkt\/2-in1-premium\/","og_locale":"de_DE","og_type":"article","og_title":"2 in1 Premium - Kings DE","og_description":"Erleben Sie Kaffee in seiner feinsten Form mit King\u2019s 2in1 Premium \u2013 eine anspruchsvolle Mischung aus hochwertigem Instantkaffee und extra sanftem Kaffeewei\u00dfer, perfekt f\u00fcr alle, die einen reicheren, veredelten Geschmack ohne Zuckerzusatz suchen. Mit seinem kr\u00e4ftigen Aroma und seiner seidigen Textur bietet diese Premium-Mischung einen vollmundigen Genuss bei jedem Schluck.  Genie\u00dfen Sie eine Kaffeepause im Barista-Stil \u2013 wann und wo Sie m\u00f6chten. Einfach den Stick aufrei\u00dfen, in Ihre Lieblingstasse geben, hei\u00dfes Wasser hinzuf\u00fcgen und umr\u00fchren. King\u2019s 2in1 Premium bringt stilvollen Kaffeegenuss bequem in Ihren Alltag.  Nettof\u00fcllmenge: 20 x 14g = 280g","og_url":"https:\/\/kingskaffee.com\/de\/produkt\/2-in1-premium\/","og_site_name":"Kings DE","article_modified_time":"2025-05-23T09:46:10+00:00","og_image":[{"width":500,"height":500,"url":"https:\/\/kingskaffee.com\/wp-content\/uploads\/2025\/05\/frame_716.webp","type":"image\/webp"}],"twitter_card":"summary_large_image","schema":{"@context":"https:\/\/schema.org","@graph":[{"@type":"WebPage","@id":"https:\/\/kingskaffee.com\/de\/produkt\/2-in1-premium\/","url":"https:\/\/kingskaffee.com\/de\/produkt\/2-in1-premium\/","name":"2 in1 Premium - Kings DE","isPartOf":{"@id":"https:\/\/kingskaffee.com\/#website"},"primaryImageOfPage":{"@id":"https:\/\/kingskaffee.com\/de\/produkt\/2-in1-premium\/#primaryimage"},"image":{"@id":"https:\/\/kingskaffee.com\/de\/produkt\/2-in1-premium\/#primaryimage"},"thumbnailUrl":"https:\/\/kingskaffee.com\/wp-content\/uploads\/2025\/05\/frame_716.webp","datePublished":"2025-03-21T04:51:51+00:00","dateModified":"2025-05-23T09:46:10+00:00","breadcrumb":{"@id":"https:\/\/kingskaffee.com\/de\/produkt\/2-in1-premium\/#breadcrumb"},"inLanguage":"de","potentialAction":[{"@type":"ReadAction","target":["https:\/\/kingskaffee.com\/de\/produkt\/2-in1-premium\/"]}]},{"@type":"ImageObject","inLanguage":"de","@id":"https:\/\/kingskaffee.com\/de\/produkt\/2-in1-premium\/#primaryimage","url":"https:\/\/kingskaffee.com\/wp-content\/uploads\/2025\/05\/frame_716.webp","contentUrl":"https:\/\/kingskaffee.com\/wp-content\/uploads\/2025\/05\/frame_716.webp","width":500,"height":500},{"@type":"BreadcrumbList","@id":"https:\/\/kingskaffee.com\/de\/produkt\/2-in1-premium\/#breadcrumb","itemListElement":[{"@type":"ListItem","position":1,"name":"Home","item":"https:\/\/kingskaffee.com\/de\/"},{"@type":"ListItem","position":2,"name":"Products","item":"https:\/\/kingskaffee.com\/shop\/"},{"@type":"ListItem","position":3,"name":"2 in1 Premium"}]},{"@type":"WebSite","@id":"https:\/\/kingskaffee.com\/#website","url":"https:\/\/kingskaffee.com\/","name":"Kings DE","description":"","potentialAction":[{"@type":"SearchAction","target":{"@type":"EntryPoint","urlTemplate":"https:\/\/kingskaffee.com\/?s={search_term_string}"},"query-input":{"@type":"PropertyValueSpecification","valueRequired":true,"valueName":"search_term_string"}}],"inLanguage":"de"}]}},"_links":{"self":[{"href":"https:\/\/kingskaffee.com\/de\/wp-json\/wp\/v2\/product\/2213","targetHints":{"allow":["GET"]}}],"collection":[{"href":"https:\/\/kingskaffee.com\/de\/wp-json\/wp\/v2\/product"}],"about":[{"href":"https:\/\/kingskaffee.com\/de\/wp-json\/wp\/v2\/types\/product"}],"replies":[{"embeddable":true,"href":"https:\/\/kingskaffee.com\/de\/wp-json\/wp\/v2\/comments?post=2213"}],"version-history":[{"count":1,"href":"https:\/\/kingskaffee.com\/de\/wp-json\/wp\/v2\/product\/2213\/revisions"}],"predecessor-version":[{"id":2214,"href":"https:\/\/kingskaffee.com\/de\/wp-json\/wp\/v2\/product\/2213\/revisions\/2214"}],"wp:featuredmedia":[{"embeddable":true,"href":"https:\/\/kingskaffee.com\/de\/wp-json\/wp\/v2\/media\/2025"}],"wp:attachment":[{"href":"https:\/\/kingskaffee.com\/de\/wp-json\/wp\/v2\/media?parent=2213"}],"wp:term":[{"taxonomy":"product_brand","embeddable":true,"href":"https:\/\/kingskaffee.com\/de\/wp-json\/wp\/v2\/product_brand?post=2213"},{"taxonomy":"product_cat","embeddable":true,"href":"https:\/\/kingskaffee.com\/de\/wp-json\/wp\/v2\/product_cat?post=2213"},{"taxonomy":"product_tag","embeddable":true,"href":"https:\/\/kingskaffee.com\/de\/wp-json\/wp\/v2\/product_tag?post=2213"}],"curies":[{"name":"wp","href":"https:\/\/api.w.org\/{rel}","templated":true}]}}