{"id":2215,"date":"2025-03-21T08:21:50","date_gmt":"2025-03-21T04:51:50","guid":{"rendered":"https:\/\/kingskaffee.com\/product\/caffe-crema\/"},"modified":"2025-05-23T14:06:05","modified_gmt":"2025-05-23T10:36:05","slug":"caffe-crema","status":"publish","type":"product","link":"https:\/\/kingskaffee.com\/de\/produkt\/caffe-crema\/","title":{"rendered":"Caff\u00e8 Crema"},"content":{"rendered":"\t\t<div data-elementor-type=\"product-post\" data-elementor-id=\"2215\" class=\"elementor elementor-2215 elementor-650\" data-elementor-post-type=\"product\">\n\t\t\t\t<div class=\"wd-negative-gap elementor-element elementor-element-431476d2 e-flex e-con-boxed e-con e-parent\" data-id=\"431476d2\" data-element_type=\"container\">\n\t\t\t\t\t<div class=\"e-con-inner\">\n\t\t\t\t<div class=\"elementor-element elementor-element-6553e7a elementor-widget elementor-widget-wd_text_block\" data-id=\"6553e7a\" data-element_type=\"widget\" data-widget_type=\"wd_text_block.default\">\n\t\t\t\t<div class=\"elementor-widget-container\">\n\t\t\t\t\t\t\t<div class=\"wd-text-block reset-last-child text-left\">\n\t\t\t\n\t\t\t<p>Eine ausgewogene R\u00f6stung mit zarten Zitrusnoten und fein abgestimmten Nussnuancen.<\/p><p>\u2022 Aroma: Zitrus, Nussig<br>\u2022 Geschmack: Fein &amp; ausgewogen<br>\u2022 Intensit\u00e4t: 5\/10<br>\u2022 R\u00f6stgrad: Mittel (3\/6)<\/p>\n\t\t\t\t\t<\/div>\n\t\t\t\t\t\t<\/div>\n\t\t\t\t<\/div>\n\t\t\t\t\t<\/div>\n\t\t\t\t<\/div>\n\t\t\t\t<\/div>\n\t\t","protected":false},"excerpt":{"rendered":"<p>Raffiniert. Sanft. F\u00fcr wahre Kaffeeliebhaber.  <\/p>\n<p>Entdecken Sie die Kunst der Balance in jeder Tasse mit King\u2019s Kaffee Caff\u00e8 Crema. Diese Mischung ist f\u00fcr all jene gedacht, die ein sanfteres, fein abgestimmtes Kaffeeerlebnis sch\u00e4tzen. Sie vereint edle R\u00f6stkunst mit sorgf\u00e4ltig ausgew\u00e4hlten Premium-Bohnen. Hergestellt aus 100\u202f% Arabica-Bohnen aus Hochlandlagen, bietet Caff\u00e8 Crema eine seidige Crema, eine sanfte zitrische Frische und feine nussige Untert\u00f6ne \u2013 perfekt harmonisch vereint.<br \/>Mit ihrer mittleren Intensit\u00e4t eignet sich diese Mischung ideal f\u00fcr den t\u00e4glichen Genuss \u2013 ob als cremiger Caf\u00e9 au Lait, Caf\u00e9 Cr\u00e8me oder als Basis f\u00fcr Espressospezialit\u00e4ten wie Cappuccino oder Latte Macchiato.<br \/>Bei King\u2019s Kaffee sind wir \u00fcberzeugt: Gro\u00dfartiger Kaffee beginnt mit gro\u00dfartigen Bohnen. Deshalb beziehen wir nur die besten \u2013 f\u00fcr Qualit\u00e4t, Tiefe und Zufriedenheit in jeder Tasse.     <\/p>\n<p><strong>Highlights: <\/strong><\/p>\n<p>\u2022 100\u202f% Arabica-Bohnen<br \/>\n\u2022 Harmonische Mischung mit zitrischer Frische &amp; feinen Nussnoten<br \/>\n\u2022 Ideal f\u00fcr Milchkaffee, Caf\u00e9 Cr\u00e8me sowie Espresso-Getr\u00e4nke wie Cappuccino &amp; Latte Macchiato<br \/>\n\u2022 Verwendung hochwertigster und authentischer Bohnen f\u00fcr ein echtes Caf\u00e9-Erlebnis<\/p>\n","protected":false},"featured_media":2591,"comment_status":"open","ping_status":"closed","template":"","meta":[],"product_brand":[],"product_cat":[54],"product_tag":[],"class_list":{"0":"post-2215","1":"product","2":"type-product","3":"status-publish","4":"has-post-thumbnail","6":"product_cat-kaffeebohnen","8":"first","9":"instock","10":"shipping-taxable","11":"product-type-simple"},"yoast_head":"<!-- This site is optimized with the Yoast SEO plugin v26.4 - https:\/\/yoast.com\/wordpress\/plugins\/seo\/ -->\n<title>Caff\u00e8 Crema - Kings DE<\/title>\n<meta name=\"robots\" content=\"index, follow, max-snippet:-1, max-image-preview:large, max-video-preview:-1\" \/>\n<link rel=\"canonical\" href=\"https:\/\/kingskaffee.com\/de\/produkt\/caffe-crema\/\" \/>\n<meta property=\"og:locale\" content=\"de_DE\" \/>\n<meta property=\"og:type\" content=\"article\" \/>\n<meta property=\"og:title\" content=\"Caff\u00e8 Crema - Kings DE\" \/>\n<meta property=\"og:description\" content=\"Raffiniert. Sanft. F\u00fcr wahre Kaffeeliebhaber.  Entdecken Sie die Kunst der Balance in jeder Tasse mit King\u2019s Kaffee Caff\u00e8 Crema. Diese Mischung ist f\u00fcr all jene gedacht, die ein sanfteres, fein abgestimmtes Kaffeeerlebnis sch\u00e4tzen. Sie vereint edle R\u00f6stkunst mit sorgf\u00e4ltig ausgew\u00e4hlten Premium-Bohnen. Hergestellt aus 100\u202f% Arabica-Bohnen aus Hochlandlagen, bietet Caff\u00e8 Crema eine seidige Crema, eine sanfte zitrische Frische und feine nussige Untert\u00f6ne \u2013 perfekt harmonisch vereint.Mit ihrer mittleren Intensit\u00e4t eignet sich diese Mischung ideal f\u00fcr den t\u00e4glichen Genuss \u2013 ob als cremiger Caf\u00e9 au Lait, Caf\u00e9 Cr\u00e8me oder als Basis f\u00fcr Espressospezialit\u00e4ten wie Cappuccino oder Latte Macchiato.Bei King\u2019s Kaffee sind wir \u00fcberzeugt: Gro\u00dfartiger Kaffee beginnt mit gro\u00dfartigen Bohnen. Deshalb beziehen wir nur die besten \u2013 f\u00fcr Qualit\u00e4t, Tiefe und Zufriedenheit in jeder Tasse.    Highlights:  \u2022 100\u202f% Arabica-Bohnen \u2022 Harmonische Mischung mit zitrischer Frische &amp; feinen Nussnoten \u2022 Ideal f\u00fcr Milchkaffee, Caf\u00e9 Cr\u00e8me sowie Espresso-Getr\u00e4nke wie Cappuccino &amp; Latte Macchiato \u2022 Verwendung hochwertigster und authentischer Bohnen f\u00fcr ein echtes Caf\u00e9-Erlebnis\" \/>\n<meta property=\"og:url\" content=\"https:\/\/kingskaffee.com\/de\/produkt\/caffe-crema\/\" \/>\n<meta property=\"og:site_name\" content=\"Kings DE\" \/>\n<meta property=\"article:modified_time\" content=\"2025-05-23T10:36:05+00:00\" \/>\n<meta property=\"og:image\" content=\"https:\/\/kingskaffee.com\/wp-content\/uploads\/2025\/03\/Crema.webp\" \/>\n\t<meta property=\"og:image:width\" content=\"500\" \/>\n\t<meta property=\"og:image:height\" content=\"500\" \/>\n\t<meta property=\"og:image:type\" content=\"image\/webp\" \/>\n<meta name=\"twitter:card\" content=\"summary_large_image\" \/>\n<script type=\"application\/ld+json\" class=\"yoast-schema-graph\">{\"@context\":\"https:\/\/schema.org\",\"@graph\":[{\"@type\":\"WebPage\",\"@id\":\"https:\/\/kingskaffee.com\/de\/produkt\/caffe-crema\/\",\"url\":\"https:\/\/kingskaffee.com\/de\/produkt\/caffe-crema\/\",\"name\":\"Caff\u00e8 Crema - Kings DE\",\"isPartOf\":{\"@id\":\"https:\/\/kingskaffee.com\/#website\"},\"primaryImageOfPage\":{\"@id\":\"https:\/\/kingskaffee.com\/de\/produkt\/caffe-crema\/#primaryimage\"},\"image\":{\"@id\":\"https:\/\/kingskaffee.com\/de\/produkt\/caffe-crema\/#primaryimage\"},\"thumbnailUrl\":\"https:\/\/kingskaffee.com\/wp-content\/uploads\/2025\/03\/Crema.webp\",\"datePublished\":\"2025-03-21T04:51:50+00:00\",\"dateModified\":\"2025-05-23T10:36:05+00:00\",\"breadcrumb\":{\"@id\":\"https:\/\/kingskaffee.com\/de\/produkt\/caffe-crema\/#breadcrumb\"},\"inLanguage\":\"de\",\"potentialAction\":[{\"@type\":\"ReadAction\",\"target\":[\"https:\/\/kingskaffee.com\/de\/produkt\/caffe-crema\/\"]}]},{\"@type\":\"ImageObject\",\"inLanguage\":\"de\",\"@id\":\"https:\/\/kingskaffee.com\/de\/produkt\/caffe-crema\/#primaryimage\",\"url\":\"https:\/\/kingskaffee.com\/wp-content\/uploads\/2025\/03\/Crema.webp\",\"contentUrl\":\"https:\/\/kingskaffee.com\/wp-content\/uploads\/2025\/03\/Crema.webp\",\"width\":500,\"height\":500},{\"@type\":\"BreadcrumbList\",\"@id\":\"https:\/\/kingskaffee.com\/de\/produkt\/caffe-crema\/#breadcrumb\",\"itemListElement\":[{\"@type\":\"ListItem\",\"position\":1,\"name\":\"Home\",\"item\":\"https:\/\/kingskaffee.com\/de\/\"},{\"@type\":\"ListItem\",\"position\":2,\"name\":\"Products\",\"item\":\"https:\/\/kingskaffee.com\/shop\/\"},{\"@type\":\"ListItem\",\"position\":3,\"name\":\"Caff\u00e8 Crema\"}]},{\"@type\":\"WebSite\",\"@id\":\"https:\/\/kingskaffee.com\/#website\",\"url\":\"https:\/\/kingskaffee.com\/\",\"name\":\"Kings DE\",\"description\":\"\",\"potentialAction\":[{\"@type\":\"SearchAction\",\"target\":{\"@type\":\"EntryPoint\",\"urlTemplate\":\"https:\/\/kingskaffee.com\/?s={search_term_string}\"},\"query-input\":{\"@type\":\"PropertyValueSpecification\",\"valueRequired\":true,\"valueName\":\"search_term_string\"}}],\"inLanguage\":\"de\"}]}<\/script>\n<!-- \/ Yoast SEO plugin. -->","yoast_head_json":{"title":"Caff\u00e8 Crema - Kings DE","robots":{"index":"index","follow":"follow","max-snippet":"max-snippet:-1","max-image-preview":"max-image-preview:large","max-video-preview":"max-video-preview:-1"},"canonical":"https:\/\/kingskaffee.com\/de\/produkt\/caffe-crema\/","og_locale":"de_DE","og_type":"article","og_title":"Caff\u00e8 Crema - Kings DE","og_description":"Raffiniert. Sanft. F\u00fcr wahre Kaffeeliebhaber.  Entdecken Sie die Kunst der Balance in jeder Tasse mit King\u2019s Kaffee Caff\u00e8 Crema. Diese Mischung ist f\u00fcr all jene gedacht, die ein sanfteres, fein abgestimmtes Kaffeeerlebnis sch\u00e4tzen. Sie vereint edle R\u00f6stkunst mit sorgf\u00e4ltig ausgew\u00e4hlten Premium-Bohnen. Hergestellt aus 100\u202f% Arabica-Bohnen aus Hochlandlagen, bietet Caff\u00e8 Crema eine seidige Crema, eine sanfte zitrische Frische und feine nussige Untert\u00f6ne \u2013 perfekt harmonisch vereint.Mit ihrer mittleren Intensit\u00e4t eignet sich diese Mischung ideal f\u00fcr den t\u00e4glichen Genuss \u2013 ob als cremiger Caf\u00e9 au Lait, Caf\u00e9 Cr\u00e8me oder als Basis f\u00fcr Espressospezialit\u00e4ten wie Cappuccino oder Latte Macchiato.Bei King\u2019s Kaffee sind wir \u00fcberzeugt: Gro\u00dfartiger Kaffee beginnt mit gro\u00dfartigen Bohnen. Deshalb beziehen wir nur die besten \u2013 f\u00fcr Qualit\u00e4t, Tiefe und Zufriedenheit in jeder Tasse.    Highlights:  \u2022 100\u202f% Arabica-Bohnen \u2022 Harmonische Mischung mit zitrischer Frische &amp; feinen Nussnoten \u2022 Ideal f\u00fcr Milchkaffee, Caf\u00e9 Cr\u00e8me sowie Espresso-Getr\u00e4nke wie Cappuccino &amp; Latte Macchiato \u2022 Verwendung hochwertigster und authentischer Bohnen f\u00fcr ein echtes Caf\u00e9-Erlebnis","og_url":"https:\/\/kingskaffee.com\/de\/produkt\/caffe-crema\/","og_site_name":"Kings DE","article_modified_time":"2025-05-23T10:36:05+00:00","og_image":[{"width":500,"height":500,"url":"https:\/\/kingskaffee.com\/wp-content\/uploads\/2025\/03\/Crema.webp","type":"image\/webp"}],"twitter_card":"summary_large_image","schema":{"@context":"https:\/\/schema.org","@graph":[{"@type":"WebPage","@id":"https:\/\/kingskaffee.com\/de\/produkt\/caffe-crema\/","url":"https:\/\/kingskaffee.com\/de\/produkt\/caffe-crema\/","name":"Caff\u00e8 Crema - Kings DE","isPartOf":{"@id":"https:\/\/kingskaffee.com\/#website"},"primaryImageOfPage":{"@id":"https:\/\/kingskaffee.com\/de\/produkt\/caffe-crema\/#primaryimage"},"image":{"@id":"https:\/\/kingskaffee.com\/de\/produkt\/caffe-crema\/#primaryimage"},"thumbnailUrl":"https:\/\/kingskaffee.com\/wp-content\/uploads\/2025\/03\/Crema.webp","datePublished":"2025-03-21T04:51:50+00:00","dateModified":"2025-05-23T10:36:05+00:00","breadcrumb":{"@id":"https:\/\/kingskaffee.com\/de\/produkt\/caffe-crema\/#breadcrumb"},"inLanguage":"de","potentialAction":[{"@type":"ReadAction","target":["https:\/\/kingskaffee.com\/de\/produkt\/caffe-crema\/"]}]},{"@type":"ImageObject","inLanguage":"de","@id":"https:\/\/kingskaffee.com\/de\/produkt\/caffe-crema\/#primaryimage","url":"https:\/\/kingskaffee.com\/wp-content\/uploads\/2025\/03\/Crema.webp","contentUrl":"https:\/\/kingskaffee.com\/wp-content\/uploads\/2025\/03\/Crema.webp","width":500,"height":500},{"@type":"BreadcrumbList","@id":"https:\/\/kingskaffee.com\/de\/produkt\/caffe-crema\/#breadcrumb","itemListElement":[{"@type":"ListItem","position":1,"name":"Home","item":"https:\/\/kingskaffee.com\/de\/"},{"@type":"ListItem","position":2,"name":"Products","item":"https:\/\/kingskaffee.com\/shop\/"},{"@type":"ListItem","position":3,"name":"Caff\u00e8 Crema"}]},{"@type":"WebSite","@id":"https:\/\/kingskaffee.com\/#website","url":"https:\/\/kingskaffee.com\/","name":"Kings DE","description":"","potentialAction":[{"@type":"SearchAction","target":{"@type":"EntryPoint","urlTemplate":"https:\/\/kingskaffee.com\/?s={search_term_string}"},"query-input":{"@type":"PropertyValueSpecification","valueRequired":true,"valueName":"search_term_string"}}],"inLanguage":"de"}]}},"_links":{"self":[{"href":"https:\/\/kingskaffee.com\/de\/wp-json\/wp\/v2\/product\/2215","targetHints":{"allow":["GET"]}}],"collection":[{"href":"https:\/\/kingskaffee.com\/de\/wp-json\/wp\/v2\/product"}],"about":[{"href":"https:\/\/kingskaffee.com\/de\/wp-json\/wp\/v2\/types\/product"}],"replies":[{"embeddable":true,"href":"https:\/\/kingskaffee.com\/de\/wp-json\/wp\/v2\/comments?post=2215"}],"version-history":[{"count":3,"href":"https:\/\/kingskaffee.com\/de\/wp-json\/wp\/v2\/product\/2215\/revisions"}],"predecessor-version":[{"id":2218,"href":"https:\/\/kingskaffee.com\/de\/wp-json\/wp\/v2\/product\/2215\/revisions\/2218"}],"wp:featuredmedia":[{"embeddable":true,"href":"https:\/\/kingskaffee.com\/de\/wp-json\/wp\/v2\/media\/2591"}],"wp:attachment":[{"href":"https:\/\/kingskaffee.com\/de\/wp-json\/wp\/v2\/media?parent=2215"}],"wp:term":[{"taxonomy":"product_brand","embeddable":true,"href":"https:\/\/kingskaffee.com\/de\/wp-json\/wp\/v2\/product_brand?post=2215"},{"taxonomy":"product_cat","embeddable":true,"href":"https:\/\/kingskaffee.com\/de\/wp-json\/wp\/v2\/product_cat?post=2215"},{"taxonomy":"product_tag","embeddable":true,"href":"https:\/\/kingskaffee.com\/de\/wp-json\/wp\/v2\/product_tag?post=2215"}],"curies":[{"name":"wp","href":"https:\/\/api.w.org\/{rel}","templated":true}]}}