{"id":2219,"date":"2025-03-21T08:21:49","date_gmt":"2025-03-21T04:51:49","guid":{"rendered":"https:\/\/kingskaffee.com\/product\/espresso\/"},"modified":"2025-07-21T22:50:12","modified_gmt":"2025-07-21T19:20:12","slug":"espresso","status":"publish","type":"product","link":"https:\/\/kingskaffee.com\/de\/produkt\/espresso\/","title":{"rendered":"Espresso"},"content":{"rendered":"\t\t<div data-elementor-type=\"product-post\" data-elementor-id=\"2219\" class=\"elementor elementor-2219 elementor-649\" data-elementor-post-type=\"product\">\n\t\t\t\t<div class=\"wd-negative-gap elementor-element elementor-element-1d036d27 e-flex e-con-boxed e-con e-parent\" data-id=\"1d036d27\" data-element_type=\"container\">\n\t\t\t\t\t<div class=\"e-con-inner\">\n\t\t\t\t<div class=\"elementor-element elementor-element-fcb9621 elementor-widget elementor-widget-wd_text_block\" data-id=\"fcb9621\" data-element_type=\"widget\" data-widget_type=\"wd_text_block.default\">\n\t\t\t\t<div class=\"elementor-widget-container\">\n\t\t\t\t\t\t\t<div class=\"wd-text-block reset-last-child text-left\">\n\t\t\t\n\t\t\t<p>Kr\u00e4ftig, intensiv und charaktervoll \u2013 dieser Espresso \u00fcberzeugt mit vollem K\u00f6rper und einem geschmeidigen Abgang mit langem Nachklang.<\/p><p>\u2022 Aroma: W\u00fcrziger Kakao, dunkles Karamell<br>\u2022 Geschmack: Intensiv &amp; vollmundig<br>\u2022 Intensit\u00e4t: 9\/10<br>\u2022 R\u00f6stgrad: Dunkel (4\/6)<\/p><p><strong>Br\u00fchtipp:<\/strong><\/p><p>F\u00fcr ein optimales Ergebnis verwenden Sie einen feinen Mahlgrad und eine Br\u00fchzeit von 12\u201314 Sekunden. Am besten in einer vorgew\u00e4rmten Tasse servieren \u2013 f\u00fcr volles Aroma und Genuss. <\/p>\n\t\t\t\t\t<\/div>\n\t\t\t\t\t\t<\/div>\n\t\t\t\t<\/div>\n\t\t\t\t\t<\/div>\n\t\t\t\t<\/div>\n\t\t\t\t<\/div>\n\t\t","protected":false},"excerpt":{"rendered":"<p><strong>Kr\u00e4ftig. Intensiv. F\u00fcr wahre Espresso-Liebhaber. <\/strong><\/p>\n<p>Erleben Sie Tiefe und Charakter in jeder Tasse mit King\u2019s Kaffee Espresso \u2013 einer Mischung f\u00fcr all jene, die St\u00e4rke, F\u00fclle und einen intensiven Geschmack in ihrem t\u00e4glichen Kaffee suchen.<br \/>\nHergestellt aus 100\u202f% hochwertigen Arabica-Bohnen und langsam in einem traditionellen Trommelr\u00f6ster ger\u00f6stet, entfaltet dieser Espresso ein kr\u00e4ftiges Geschmacksprofil, in dem w\u00fcrzige Kakaonoten auf einen Hauch von dunklem Karamell treffen \u2013 intensiv und zugleich harmonisch ausbalanciert.<\/p>\n<p>Ob als klassischer Espresso pur oder als Basis f\u00fcr Favoriten wie Crema, Cappuccino oder Latte Macchiato \u2013 diese Mischung \u00fcberzeugt durch Kraft und Vielseitigkeit. Mit einer tiefen Crema und einem langen, intensiven Abgang erf\u00fcllt sie die hohen Anspr\u00fcche echter Kaffeekenner.<\/p>\n<p>Bei King\u2019s Kaffee glauben wir: Gro\u00dfartiger Kaffee beginnt mit gro\u00dfartigen Bohnen. Deshalb verwenden wir nur die besten, um bei jedem Schluck Qualit\u00e4t, Tiefe und Zufriedenheit zu garantieren.<\/p>\n<p><strong>Highlights:<\/strong><br \/>\n\u2022 100\u202f% Arabica-Bohnen | Trommelger\u00f6stet<br \/>\n\u2022 F\u00fcr kr\u00e4ftigen Espresso, Cappuccino, Latte Macchiato oder Flat White \u2013 mit w\u00fcrzigen Kakaonoten &amp; einem Hauch dunklem Karamell<br \/>\n\u2022 Verwendung hochwertigster und authentischer Bohnen f\u00fcr ein echtes Caf\u00e9-Erlebnis<\/p>\n<p>Perfekt geeignet f\u00fcr:<br \/>\nSiebtr\u00e4germaschine | Vollautomat | French PressPerfect for:<br \/>\nPortafilter | Fully Automatic Machine | French Press<\/p>\n","protected":false},"featured_media":2579,"comment_status":"open","ping_status":"closed","template":"","meta":[],"product_brand":[],"product_cat":[54],"product_tag":[],"class_list":{"0":"post-2219","1":"product","2":"type-product","3":"status-publish","4":"has-post-thumbnail","6":"product_cat-kaffeebohnen","8":"first","9":"instock","10":"shipping-taxable","11":"product-type-simple"},"yoast_head":"<!-- This site is optimized with the Yoast SEO plugin v26.4 - https:\/\/yoast.com\/wordpress\/plugins\/seo\/ -->\n<title>Espresso - Kings DE<\/title>\n<meta name=\"robots\" content=\"index, follow, max-snippet:-1, max-image-preview:large, max-video-preview:-1\" \/>\n<link rel=\"canonical\" href=\"https:\/\/kingskaffee.com\/de\/produkt\/espresso\/\" \/>\n<meta property=\"og:locale\" content=\"de_DE\" \/>\n<meta property=\"og:type\" content=\"article\" \/>\n<meta property=\"og:title\" content=\"Espresso - Kings DE\" \/>\n<meta property=\"og:description\" content=\"Kr\u00e4ftig. Intensiv. F\u00fcr wahre Espresso-Liebhaber.   Erleben Sie Tiefe und Charakter in jeder Tasse mit King\u2019s Kaffee Espresso \u2013 einer Mischung f\u00fcr all jene, die St\u00e4rke, F\u00fclle und einen intensiven Geschmack in ihrem t\u00e4glichen Kaffee suchen. Hergestellt aus 100\u202f% hochwertigen Arabica-Bohnen und langsam in einem traditionellen Trommelr\u00f6ster ger\u00f6stet, entfaltet dieser Espresso ein kr\u00e4ftiges Geschmacksprofil, in dem w\u00fcrzige Kakaonoten auf einen Hauch von dunklem Karamell treffen \u2013 intensiv und zugleich harmonisch ausbalanciert.  Ob als klassischer Espresso pur oder als Basis f\u00fcr Favoriten wie Crema, Cappuccino oder Latte Macchiato \u2013 diese Mischung \u00fcberzeugt durch Kraft und Vielseitigkeit. Mit einer tiefen Crema und einem langen, intensiven Abgang erf\u00fcllt sie die hohen Anspr\u00fcche echter Kaffeekenner.  Bei King\u2019s Kaffee glauben wir: Gro\u00dfartiger Kaffee beginnt mit gro\u00dfartigen Bohnen. Deshalb verwenden wir nur die besten, um bei jedem Schluck Qualit\u00e4t, Tiefe und Zufriedenheit zu garantieren.  Highlights: \u2022 100\u202f% Arabica-Bohnen | Trommelger\u00f6stet \u2022 F\u00fcr kr\u00e4ftigen Espresso, Cappuccino, Latte Macchiato oder Flat White \u2013 mit w\u00fcrzigen Kakaonoten &amp; einem Hauch dunklem Karamell \u2022 Verwendung hochwertigster und authentischer Bohnen f\u00fcr ein echtes Caf\u00e9-Erlebnis  Perfekt geeignet f\u00fcr: Siebtr\u00e4germaschine | Vollautomat | French PressPerfect for: Portafilter | Fully Automatic Machine | French Press\" \/>\n<meta property=\"og:url\" content=\"https:\/\/kingskaffee.com\/de\/produkt\/espresso\/\" \/>\n<meta property=\"og:site_name\" content=\"Kings DE\" \/>\n<meta property=\"article:modified_time\" content=\"2025-07-21T19:20:12+00:00\" \/>\n<meta property=\"og:image\" content=\"https:\/\/kingskaffee.com\/wp-content\/uploads\/2025\/03\/Espresso.webp\" \/>\n\t<meta property=\"og:image:width\" content=\"500\" \/>\n\t<meta property=\"og:image:height\" content=\"500\" \/>\n\t<meta property=\"og:image:type\" content=\"image\/webp\" \/>\n<meta name=\"twitter:card\" content=\"summary_large_image\" \/>\n<script type=\"application\/ld+json\" class=\"yoast-schema-graph\">{\"@context\":\"https:\/\/schema.org\",\"@graph\":[{\"@type\":\"WebPage\",\"@id\":\"https:\/\/kingskaffee.com\/de\/produkt\/espresso\/\",\"url\":\"https:\/\/kingskaffee.com\/de\/produkt\/espresso\/\",\"name\":\"Espresso - Kings DE\",\"isPartOf\":{\"@id\":\"https:\/\/kingskaffee.com\/#website\"},\"primaryImageOfPage\":{\"@id\":\"https:\/\/kingskaffee.com\/de\/produkt\/espresso\/#primaryimage\"},\"image\":{\"@id\":\"https:\/\/kingskaffee.com\/de\/produkt\/espresso\/#primaryimage\"},\"thumbnailUrl\":\"https:\/\/kingskaffee.com\/wp-content\/uploads\/2025\/03\/Espresso.webp\",\"datePublished\":\"2025-03-21T04:51:49+00:00\",\"dateModified\":\"2025-07-21T19:20:12+00:00\",\"breadcrumb\":{\"@id\":\"https:\/\/kingskaffee.com\/de\/produkt\/espresso\/#breadcrumb\"},\"inLanguage\":\"de\",\"potentialAction\":[{\"@type\":\"ReadAction\",\"target\":[\"https:\/\/kingskaffee.com\/de\/produkt\/espresso\/\"]}]},{\"@type\":\"ImageObject\",\"inLanguage\":\"de\",\"@id\":\"https:\/\/kingskaffee.com\/de\/produkt\/espresso\/#primaryimage\",\"url\":\"https:\/\/kingskaffee.com\/wp-content\/uploads\/2025\/03\/Espresso.webp\",\"contentUrl\":\"https:\/\/kingskaffee.com\/wp-content\/uploads\/2025\/03\/Espresso.webp\",\"width\":500,\"height\":500},{\"@type\":\"BreadcrumbList\",\"@id\":\"https:\/\/kingskaffee.com\/de\/produkt\/espresso\/#breadcrumb\",\"itemListElement\":[{\"@type\":\"ListItem\",\"position\":1,\"name\":\"Home\",\"item\":\"https:\/\/kingskaffee.com\/de\/\"},{\"@type\":\"ListItem\",\"position\":2,\"name\":\"Products\",\"item\":\"https:\/\/kingskaffee.com\/shop\/\"},{\"@type\":\"ListItem\",\"position\":3,\"name\":\"Espresso\"}]},{\"@type\":\"WebSite\",\"@id\":\"https:\/\/kingskaffee.com\/#website\",\"url\":\"https:\/\/kingskaffee.com\/\",\"name\":\"Kings DE\",\"description\":\"\",\"potentialAction\":[{\"@type\":\"SearchAction\",\"target\":{\"@type\":\"EntryPoint\",\"urlTemplate\":\"https:\/\/kingskaffee.com\/?s={search_term_string}\"},\"query-input\":{\"@type\":\"PropertyValueSpecification\",\"valueRequired\":true,\"valueName\":\"search_term_string\"}}],\"inLanguage\":\"de\"}]}<\/script>\n<!-- \/ Yoast SEO plugin. -->","yoast_head_json":{"title":"Espresso - Kings DE","robots":{"index":"index","follow":"follow","max-snippet":"max-snippet:-1","max-image-preview":"max-image-preview:large","max-video-preview":"max-video-preview:-1"},"canonical":"https:\/\/kingskaffee.com\/de\/produkt\/espresso\/","og_locale":"de_DE","og_type":"article","og_title":"Espresso - Kings DE","og_description":"Kr\u00e4ftig. Intensiv. F\u00fcr wahre Espresso-Liebhaber.   Erleben Sie Tiefe und Charakter in jeder Tasse mit King\u2019s Kaffee Espresso \u2013 einer Mischung f\u00fcr all jene, die St\u00e4rke, F\u00fclle und einen intensiven Geschmack in ihrem t\u00e4glichen Kaffee suchen. Hergestellt aus 100\u202f% hochwertigen Arabica-Bohnen und langsam in einem traditionellen Trommelr\u00f6ster ger\u00f6stet, entfaltet dieser Espresso ein kr\u00e4ftiges Geschmacksprofil, in dem w\u00fcrzige Kakaonoten auf einen Hauch von dunklem Karamell treffen \u2013 intensiv und zugleich harmonisch ausbalanciert.  Ob als klassischer Espresso pur oder als Basis f\u00fcr Favoriten wie Crema, Cappuccino oder Latte Macchiato \u2013 diese Mischung \u00fcberzeugt durch Kraft und Vielseitigkeit. Mit einer tiefen Crema und einem langen, intensiven Abgang erf\u00fcllt sie die hohen Anspr\u00fcche echter Kaffeekenner.  Bei King\u2019s Kaffee glauben wir: Gro\u00dfartiger Kaffee beginnt mit gro\u00dfartigen Bohnen. Deshalb verwenden wir nur die besten, um bei jedem Schluck Qualit\u00e4t, Tiefe und Zufriedenheit zu garantieren.  Highlights: \u2022 100\u202f% Arabica-Bohnen | Trommelger\u00f6stet \u2022 F\u00fcr kr\u00e4ftigen Espresso, Cappuccino, Latte Macchiato oder Flat White \u2013 mit w\u00fcrzigen Kakaonoten &amp; einem Hauch dunklem Karamell \u2022 Verwendung hochwertigster und authentischer Bohnen f\u00fcr ein echtes Caf\u00e9-Erlebnis  Perfekt geeignet f\u00fcr: Siebtr\u00e4germaschine | Vollautomat | French PressPerfect for: Portafilter | Fully Automatic Machine | French Press","og_url":"https:\/\/kingskaffee.com\/de\/produkt\/espresso\/","og_site_name":"Kings DE","article_modified_time":"2025-07-21T19:20:12+00:00","og_image":[{"width":500,"height":500,"url":"https:\/\/kingskaffee.com\/wp-content\/uploads\/2025\/03\/Espresso.webp","type":"image\/webp"}],"twitter_card":"summary_large_image","schema":{"@context":"https:\/\/schema.org","@graph":[{"@type":"WebPage","@id":"https:\/\/kingskaffee.com\/de\/produkt\/espresso\/","url":"https:\/\/kingskaffee.com\/de\/produkt\/espresso\/","name":"Espresso - Kings DE","isPartOf":{"@id":"https:\/\/kingskaffee.com\/#website"},"primaryImageOfPage":{"@id":"https:\/\/kingskaffee.com\/de\/produkt\/espresso\/#primaryimage"},"image":{"@id":"https:\/\/kingskaffee.com\/de\/produkt\/espresso\/#primaryimage"},"thumbnailUrl":"https:\/\/kingskaffee.com\/wp-content\/uploads\/2025\/03\/Espresso.webp","datePublished":"2025-03-21T04:51:49+00:00","dateModified":"2025-07-21T19:20:12+00:00","breadcrumb":{"@id":"https:\/\/kingskaffee.com\/de\/produkt\/espresso\/#breadcrumb"},"inLanguage":"de","potentialAction":[{"@type":"ReadAction","target":["https:\/\/kingskaffee.com\/de\/produkt\/espresso\/"]}]},{"@type":"ImageObject","inLanguage":"de","@id":"https:\/\/kingskaffee.com\/de\/produkt\/espresso\/#primaryimage","url":"https:\/\/kingskaffee.com\/wp-content\/uploads\/2025\/03\/Espresso.webp","contentUrl":"https:\/\/kingskaffee.com\/wp-content\/uploads\/2025\/03\/Espresso.webp","width":500,"height":500},{"@type":"BreadcrumbList","@id":"https:\/\/kingskaffee.com\/de\/produkt\/espresso\/#breadcrumb","itemListElement":[{"@type":"ListItem","position":1,"name":"Home","item":"https:\/\/kingskaffee.com\/de\/"},{"@type":"ListItem","position":2,"name":"Products","item":"https:\/\/kingskaffee.com\/shop\/"},{"@type":"ListItem","position":3,"name":"Espresso"}]},{"@type":"WebSite","@id":"https:\/\/kingskaffee.com\/#website","url":"https:\/\/kingskaffee.com\/","name":"Kings DE","description":"","potentialAction":[{"@type":"SearchAction","target":{"@type":"EntryPoint","urlTemplate":"https:\/\/kingskaffee.com\/?s={search_term_string}"},"query-input":{"@type":"PropertyValueSpecification","valueRequired":true,"valueName":"search_term_string"}}],"inLanguage":"de"}]}},"_links":{"self":[{"href":"https:\/\/kingskaffee.com\/de\/wp-json\/wp\/v2\/product\/2219","targetHints":{"allow":["GET"]}}],"collection":[{"href":"https:\/\/kingskaffee.com\/de\/wp-json\/wp\/v2\/product"}],"about":[{"href":"https:\/\/kingskaffee.com\/de\/wp-json\/wp\/v2\/types\/product"}],"replies":[{"embeddable":true,"href":"https:\/\/kingskaffee.com\/de\/wp-json\/wp\/v2\/comments?post=2219"}],"version-history":[{"count":3,"href":"https:\/\/kingskaffee.com\/de\/wp-json\/wp\/v2\/product\/2219\/revisions"}],"predecessor-version":[{"id":2600,"href":"https:\/\/kingskaffee.com\/de\/wp-json\/wp\/v2\/product\/2219\/revisions\/2600"}],"wp:featuredmedia":[{"embeddable":true,"href":"https:\/\/kingskaffee.com\/de\/wp-json\/wp\/v2\/media\/2579"}],"wp:attachment":[{"href":"https:\/\/kingskaffee.com\/de\/wp-json\/wp\/v2\/media?parent=2219"}],"wp:term":[{"taxonomy":"product_brand","embeddable":true,"href":"https:\/\/kingskaffee.com\/de\/wp-json\/wp\/v2\/product_brand?post=2219"},{"taxonomy":"product_cat","embeddable":true,"href":"https:\/\/kingskaffee.com\/de\/wp-json\/wp\/v2\/product_cat?post=2219"},{"taxonomy":"product_tag","embeddable":true,"href":"https:\/\/kingskaffee.com\/de\/wp-json\/wp\/v2\/product_tag?post=2219"}],"curies":[{"name":"wp","href":"https:\/\/api.w.org\/{rel}","templated":true}]}}